{"id":12942,"date":"2020-08-10T20:39:58","date_gmt":"2020-08-10T20:39:58","guid":{"rendered":"https:\/\/legacy.boit.cz\/datenschutzbestimmungen\/"},"modified":"2025-02-18T08:36:45","modified_gmt":"2025-02-18T08:36:45","slug":"datenschutzbestimmungen","status":"publish","type":"page","link":"https:\/\/legacy.boit.cz\/de\/datenschutzbestimmungen\/","title":{"rendered":"Datenschutzbestimmungen"},"content":{"rendered":"\t\t<div data-elementor-type=\"wp-page\" data-elementor-id=\"12942\" class=\"elementor elementor-12942 elementor-1386\" data-elementor-post-type=\"page\">\n\t\t\t\t\t\t<section data-particle_enable=\"false\" data-particle-mobile-disabled=\"false\" class=\"elementor-section elementor-top-section elementor-element elementor-element-b5c9ef5 ot-traditional elementor-section-boxed elementor-section-height-default elementor-section-height-default\" data-id=\"b5c9ef5\" data-element_type=\"section\">\n\t\t\t\t\t\t<div class=\"elementor-container elementor-column-gap-default\">\n\t\t\t\t\t<div class=\"elementor-column elementor-col-100 elementor-top-column elementor-element elementor-element-bdead02 ot-flex-column-vertical\" data-id=\"bdead02\" data-element_type=\"column\" data-settings=\"{&quot;background_background&quot;:&quot;classic&quot;}\">\n\t\t\t<div class=\"elementor-widget-wrap elementor-element-populated\">\n\t\t\t\t\t\t<div class=\"elementor-element elementor-element-fb89c6c elementor-widget elementor-widget-text-editor\" data-id=\"fb89c6c\" data-element_type=\"widget\" data-widget_type=\"text-editor.default\">\n\t\t\t\t<div class=\"elementor-widget-container\">\n\t\t\t\t\t\t\t\t\t<h2> <\/h2><h2>Schutz pers\u00f6nlicher Daten<\/h2><p>Wenn Sie unser Kunde, Newsletter-Abonnent oder Website-Besucher sind, vertrauen Sie uns Ihre pers\u00f6nlichen Daten an.\nWir sind f\u00fcr deren Schutz und Sicherheit verantwortlich.\nBitte machen Sie sich mit dem Datenschutz, den Richtlinien und den Rechten vertraut, die Sie im Zusammenhang mit der GDPR (General Data Protection Regulation) haben.  <\/p><h2>Wer ist der Verwalter?<\/h2><p>Wir sind s.r.o., Registrierungsnummer 17614261, mit Sitz in Korunn\u00ed 2569\/108, Prag 10 &#8211; Vinohrady, 101&nbsp;00, Tschechische Republik und wir genie\u00dfen gerne.\nWir verarbeiten Ihre personenbezogenen Daten als Verantwortlicher, d.h.\nWir bestimmen, wie die personenbezogenen Daten verarbeitet werden, zu welchem Zweck und wie lange, und w\u00e4hlen andere Auftragsverarbeiter aus, die uns bei der Verarbeitung unterst\u00fctzen.  <\/p><h2>Kontaktangaben<\/h2><p>Wenn Sie im Laufe der Bearbeitung Kontakt mit uns aufnehmen m\u00f6chten, k\u00f6nnen Sie uns per E-Mail unter info@legacy.boit.cz kontaktieren.<\/p><h2>Wir erkl\u00e4ren<\/h2><p>Wir erkl\u00e4ren, dass wir als f\u00fcr die Verarbeitung Ihrer personenbezogenen Daten Verantwortlicher alle rechtlichen Verpflichtungen erf\u00fcllen, die sich aus der geltenden Gesetzgebung ergeben, insbesondere aus dem Datenschutzgesetz und der DSGVO, und dass wir daher die Datenschutzbestimmungen einhalten:<\/p><p>wir verarbeiten Ihre personenbezogenen Daten nur auf der Grundlage einer g\u00fcltigen Rechtsgrundlage, insbesondere eines berechtigten Interesses, der Erf\u00fcllung eines Vertrags, einer rechtlichen Verpflichtung oder einer Einwilligung,<\/p><p>wir der Informationspflicht gem\u00e4\u00df Artikel 13 der DSGVO vor der Verarbeitung personenbezogener Daten nachkommen,<\/p><p>wir erm\u00f6glichen und unterst\u00fctzen Sie bei der Aus\u00fcbung und Erf\u00fcllung Ihrer Rechte gem\u00e4\u00df dem Datenschutzgesetz und der DSGVO.<\/p><h2>Umfang der personenbezogenen Daten und Zweck der Verarbeitung<\/h2><p>Wir verarbeiten personenbezogene Daten, die Sie uns anvertrauen, aus den folgenden Gr\u00fcnden (zur Erf\u00fcllung dieser Zwecke):<\/p><ul><li><br>Erbringung von Dienstleistungen, Erf\u00fcllung des Vertrages Ihre pers\u00f6nlichen Daten im Rahmen von: E-Mail und Telefon ben\u00f6tigen wir f\u00fcr die Erf\u00fcllung des Vertrages<\/li><li><br>Buchhaltung Wenn Sie Kunde sind, ben\u00f6tigen wir zwingend Ihre pers\u00f6nlichen Daten (Rechnungsdaten), um der gesetzlichen Verpflichtung zur Ausstellung und Aufzeichnung von Steuerunterlagen nachzukommen.<\/li><li><br>Marketing &#8211; Versand von Newslettern Wir verwenden Ihre pers\u00f6nlichen Daten (E-Mail und Name), Ihr Geschlecht, was Sie in der E-Mail anklicken und wann Sie sie am h\u00e4ufigsten \u00f6ffnen, zum Zwecke des Direktmarketings &#8211; dem Versand kommerzieller Mitteilungen.\n<br>Wenn Sie unser Kunde sind, tun wir dies aus berechtigtem Interesse, da wir vern\u00fcnftigerweise davon ausgehen, dass Sie an unseren Newslettern interessiert sind, und zwar f\u00fcr einen Zeitraum von 5 Jahren ab der letzten Bestellung. Wenn Sie nicht unser Kunde sind, senden wir Ihnen die Newsletter nur auf der Grundlage Ihrer Zustimmung, und zwar f\u00fcr einen Zeitraum von 5 Jahren ab dem Datum der Bestellung.\nIn beiden F\u00e4llen k\u00f6nnen Sie diese Zustimmung widerrufen, indem Sie den Abmeldelink in jeder versandten E-Mail verwenden.  <\/li><li><br>Fortgeschrittenes Marketing mit Ihrer Zustimmung Nur mit Ihrer Zustimmung k\u00f6nnen wir Ihnen auch anregende Angebote von Dritten zusenden oder eine E-Mail-Adresse verwenden, wie z.B..\nf\u00fcr Remarketing und Targeting von Facebook-Werbung, f\u00fcr einen Zeitraum von 5 Jahren ab dem Datum der Einwilligung.\nDiese kann nat\u00fcrlich jederzeit \u00fcber unsere Kontaktdaten widerrufen werden.  <\/li><li>Fotografische Dokumentation &#8211; Live-Veranstaltungen, z.B.\nSchulungen, Konferenzen. <\/li><\/ul><p>Wir bewahren Ihre personenbezogenen Daten f\u00fcr die Dauer der Verj\u00e4hrungsfristen auf, es sei denn, das Gesetz sieht eine l\u00e4ngere Aufbewahrungsfrist vor oder wir haben im Einzelfall etwas anderes festgelegt.<\/p><h2>Cookies<\/h2><p>Wenn Sie auf unserer Website surfen, erfassen wir Ihre IP-Adresse, wie lange Sie auf der Website bleiben und von welcher Seite Sie kommen.\nWir betrachten die Verwendung von Cookies zur Messung des Website-Verkehrs und zur Anpassung der Anzeige der Website als ein berechtigtes Interesse unseres Administrators, da wir glauben, dass wir Ihnen dadurch einen noch besseren Service bieten k\u00f6nnen.\nDie vollst\u00e4ndigen Bedingungen f\u00fcr die Verwendung von Cookies finden Sie <a href=\"https:\/\/matejicek.info\">hier<\/a>.  <\/p><h2>Sicherheit und Schutz von pers\u00f6nlichen Daten<\/h2><p>Wir sch\u00fctzen personenbezogene Daten so weit wie m\u00f6glich, indem wir moderne Technologien einsetzen, die dem Stand der Technik entsprechen.\nWir sch\u00fctzen sie, als ob es unsere eigenen w\u00e4ren.\nWir haben alle m\u00f6glichen (derzeit bekannten) technischen und organisatorischen Ma\u00dfnahmen ergriffen und halten diese aufrecht, um den Missbrauch, die Besch\u00e4digung oder die Zerst\u00f6rung Ihrer personenbezogenen Daten zu verhindern.  <\/p><h2>Weitergabe von personenbezogenen Daten an Dritte<\/h2><p>Unsere Mitarbeiter und Partner k\u00f6nnen auf Ihre pers\u00f6nlichen Daten zugreifen.<\/p><p>Um bestimmte Verarbeitungen zu gew\u00e4hrleisten, die wir nicht selbst durchf\u00fchren k\u00f6nnen, nehmen wir die Dienste und Anwendungen von Auftragsverarbeitern in Anspruch, die Daten noch besser sch\u00fctzen k\u00f6nnen als wir und die auf die betreffende Verarbeitung spezialisiert sind.<\/p><p>Sie sind Anbieter von Plattformen oder Dienstleistungen f\u00fcr Projektmanagement, Direktmarketing und Buchhaltung.<\/p><p>Es ist m\u00f6glich, dass wir in Zukunft beschlie\u00dfen, andere Anwendungen oder Prozessoren einzusetzen, um die Verarbeitung zu erleichtern und zu verbessern.\nWir versprechen Ihnen jedoch, dass wir in einem solchen Fall an den Verarbeiter mindestens die gleichen Anforderungen an die Sicherheit und Qualit\u00e4t der Verarbeitung stellen werden wie an uns selbst. <\/p><h2>Daten\u00fcbermittlung au\u00dferhalb der Europ\u00e4ischen Union<\/h2><p>Wir verarbeiten Daten nur in der Europ\u00e4ischen Union oder in L\u00e4ndern, die auf der Grundlage einer Entscheidung der Europ\u00e4ischen Kommission ein angemessenes Schutzniveau bieten.<\/p><h2>Ihre Rechte in Bezug auf den Schutz von personenbezogenen Daten<\/h2><p>Sie haben eine Reihe von Rechten in Bezug auf den Datenschutz.\nWenn Sie eines dieser Rechte aus\u00fcben m\u00f6chten, kontaktieren Sie uns bitte per E-Mail: info@legacy.boit.cz. <\/p><p>Sie haben ein <strong>Recht auf Information<\/strong>, das durch diese Informationsseite mit der Richtlinie zur Verarbeitung personenbezogener Daten bereits erf\u00fcllt wird.<\/p><p>Dank des <strong>Auskunftsrechts<\/strong> k\u00f6nnen Sie uns jederzeit in Frage stellen und ich werde Ihnen innerhalb von 30 Tagen einen Nachweis dar\u00fcber vorlegen, welche personenbezogenen Daten wir verarbeiten und warum.<\/p><p>Wenn sich etwas \u00e4ndert oder Sie feststellen, dass Ihre pers\u00f6nlichen Daten veraltet oder unvollst\u00e4ndig sind, haben Sie das <strong>Recht, Ihre<\/strong> pers\u00f6nlichen Daten <strong>vervollst\u00e4ndigen und \u00e4ndern zu lassen<\/strong>.<\/p><p>Sie k\u00f6nnen von <strong>Ihrem Recht auf Einschr\u00e4nkung der <\/strong>Verarbeitung Gebrauch machen, wenn Sie der Meinung sind, dass wir Ihre Daten unrichtig verarbeiten, wenn Sie der Meinung sind, dass wir sie unrechtm\u00e4\u00dfig verarbeiten, aber nicht alle Ihre Daten l\u00f6schen wollen, oder wenn Sie der Verarbeitung widersprochen haben.<\/p><p>Sie k\u00f6nnen den Umfang der personenbezogenen Daten oder die Zwecke der Verarbeitung einschr\u00e4nken.\n(Indem Sie zum Beispiel den Newsletter abbestellen, schr\u00e4nken Sie den Zweck der Verarbeitung f\u00fcr den Versand kommerzieller Mitteilungen ein). <\/p><p><strong>Recht auf \u00dcbertragbarkeit<\/strong><\/p><p>Wenn Sie Ihre pers\u00f6nlichen Daten an eine andere Person weitergeben m\u00f6chten, befolgen wir den gleichen Prozess wie bei der Aus\u00fcbung Ihres Auskunftsrechts &#8211; mit dem Unterschied, dass wir Ihnen die Daten in maschinenlesbarer Form zur Verf\u00fcgung stellen.\nHierf\u00fcr ben\u00f6tigen wir mindestens 30 Tage. <\/p><p><strong>Das Recht, Ihre Daten aus unserer Datenbank l\u00f6schen zu lassen (Vergessenwerden)<\/strong><\/p><p>Ihr anderes Recht ist das Recht auf L\u00f6schung (auf Vergessenwerden).\nWir m\u00f6chten Sie nicht vergessen, aber wenn Sie es w\u00fcnschen, haben Sie das Recht, dies zu tun.\nIn diesem Fall werden wir alle Ihre pers\u00f6nlichen Daten aus unserem System und aus dem System aller Unterauftragsverarbeiter und Backups l\u00f6schen.\nWir ben\u00f6tigen 30 Tage, um das Recht auf L\u00f6schung sicherzustellen.   <\/p><p>In einigen F\u00e4llen sind wir an eine gesetzliche Verpflichtung gebunden, z.B.\nIch muss Aufzeichnungen \u00fcber ausgestellte Steuerdokumente f\u00fcr den gesetzlich vorgeschriebenen Zeitraum aufbewahren.\nIn diesem Fall werden wir daher alle diese pers\u00f6nlichen Daten l\u00f6schen, die nicht durch ein anderes Gesetz gebunden sind.\nWir werden Sie per E-Mail informieren, wenn die L\u00f6schung abgeschlossen ist.   <\/p><p><strong>Beschwerde beim Amt f\u00fcr den Schutz personenbezogener Daten<\/strong><\/p><p>Wenn Sie das Gef\u00fchl haben, dass wir Ihre Daten nicht in \u00dcbereinstimmung mit dem Gesetz behandeln, haben Sie das Recht, sich jederzeit mit Ihrer Beschwerde an die Datenschutzbeh\u00f6rde zu wenden.\nWir w\u00fcrden uns sehr freuen, wenn Sie uns zun\u00e4chst \u00fcber diesen Verdacht informieren, damit wir etwas dagegen unternehmen und etwaiges Fehlverhalten korrigieren k\u00f6nnen. <\/p><p><strong>Abmeldung von Newslettern und kommerziellen Mitteilungen<\/strong><\/p><p>Wir senden Ihnen E-Mails mit Inspirationen, Artikeln oder Produkten und Dienstleistungen, wenn Sie ein Kunde sind, basierend auf unserem berechtigten Interesse.<\/p><p>Wenn Sie noch kein Kunde sind, senden wir Ihnen diese nur auf der Grundlage Ihrer Zustimmung.\nIn jedem Fall k\u00f6nnen Sie den Erhalt unserer E-Mails beenden, indem Sie den Link zum Abbestellen in jeder E-Mail anklicken. <\/p><h2>Schweigen<\/h2><p>Bitte seien Sie versichert, dass unsere Mitarbeiter und Partner, die Ihre personenbezogenen Daten verarbeiten, zur Vertraulichkeit der personenbezogenen Daten und zu Sicherheitsma\u00dfnahmen verpflichtet sind, deren Offenlegung die Sicherheit Ihrer personenbezogenen Daten gef\u00e4hrden w\u00fcrde.\nDiese <strong>Vertraulichkeit gilt auch nach Beendigung des Vertragsverh\u00e4ltnisses mit uns weiter.<\/strong> Ihre pers\u00f6nlichen Daten werden ohne Ihre Zustimmung nicht an andere Dritte weitergegeben. <\/p><p>Diese Richtlinie zur Datenverarbeitung gilt ab 10.\n8.\n2020.  <\/p>\t\t\t\t\t\t\t\t<\/div>\n\t\t\t\t<\/div>\n\t\t\t\t\t<\/div>\n\t\t<\/div>\n\t\t\t\t\t<\/div>\n\t\t<\/section>\n\t\t\t\t<\/div>\n\t\t","protected":false},"excerpt":{"rendered":"<p>Schutz pers\u00f6nlicher Daten Wenn Sie unser Kunde, Newsletter-Abonnent oder Website-Besucher sind, vertrauen Sie uns Ihre pers\u00f6nlichen Daten an. Wir sind f\u00fcr deren Schutz und Sicherheit verantwortlich. Bitte machen Sie sich mit dem Datenschutz, den Richtlinien und den Rechten vertraut, die Sie im Zusammenhang mit der GDPR (General Data Protection Regulation) haben. Wer ist der Verwalter? [&hellip;]<\/p>\n","protected":false},"author":2,"featured_media":0,"parent":0,"menu_order":0,"comment_status":"closed","ping_status":"closed","template":"elementor_header_footer","meta":{"footnotes":""},"class_list":["post-12942","page","type-page","status-publish","hentry"],"yoast_head":"<!-- This site is optimized with the Yoast SEO plugin v25.4 - https:\/\/yoast.com\/wordpress\/plugins\/seo\/ -->\n<title>Datenschutzbestimmungen - BOIT \u2013\u2060\u2060\u2060\u2060\u2060\u2060 Bezpe\u010dnost a ochrana IT<\/title>\n<meta name=\"robots\" content=\"index, follow, max-snippet:-1, max-image-preview:large, max-video-preview:-1\" \/>\n<link rel=\"canonical\" href=\"https:\/\/legacy.boit.cz\/de\/datenschutzbestimmungen\/\" \/>\n<meta property=\"og:locale\" content=\"de_DE\" \/>\n<meta property=\"og:type\" content=\"article\" \/>\n<meta property=\"og:title\" content=\"Datenschutzbestimmungen - BOIT \u2013\u2060\u2060\u2060\u2060\u2060\u2060 Bezpe\u010dnost a ochrana IT\" \/>\n<meta property=\"og:description\" content=\"Schutz pers\u00f6nlicher Daten Wenn Sie unser Kunde, Newsletter-Abonnent oder Website-Besucher sind, vertrauen Sie uns Ihre pers\u00f6nlichen Daten an. Wir sind f\u00fcr deren Schutz und Sicherheit verantwortlich. Bitte machen Sie sich mit dem Datenschutz, den Richtlinien und den Rechten vertraut, die Sie im Zusammenhang mit der GDPR (General Data Protection Regulation) haben. Wer ist der Verwalter? [&hellip;]\" \/>\n<meta property=\"og:url\" content=\"https:\/\/legacy.boit.cz\/de\/datenschutzbestimmungen\/\" \/>\n<meta property=\"og:site_name\" content=\"BOIT \u2013\u2060\u2060\u2060\u2060\u2060\u2060 Bezpe\u010dnost a ochrana IT\" \/>\n<meta property=\"article:modified_time\" content=\"2025-02-18T08:36:45+00:00\" \/>\n<meta name=\"twitter:card\" content=\"summary_large_image\" \/>\n<meta name=\"twitter:label1\" content=\"Gesch\u00e4tzte Lesezeit\" \/>\n\t<meta name=\"twitter:data1\" content=\"7\u00a0Minuten\" \/>\n<script type=\"application\/ld+json\" class=\"yoast-schema-graph\">{\"@context\":\"https:\/\/schema.org\",\"@graph\":[{\"@type\":\"WebPage\",\"@id\":\"https:\/\/legacy.boit.cz\/de\/datenschutzbestimmungen\/\",\"url\":\"https:\/\/legacy.boit.cz\/de\/datenschutzbestimmungen\/\",\"name\":\"Datenschutzbestimmungen - BOIT \u2013\u2060\u2060\u2060\u2060\u2060\u2060 Bezpe\u010dnost a ochrana IT\",\"isPartOf\":{\"@id\":\"https:\/\/legacy.boit.cz\/de\/#website\"},\"datePublished\":\"2020-08-10T20:39:58+00:00\",\"dateModified\":\"2025-02-18T08:36:45+00:00\",\"breadcrumb\":{\"@id\":\"https:\/\/legacy.boit.cz\/de\/datenschutzbestimmungen\/#breadcrumb\"},\"inLanguage\":\"de\",\"potentialAction\":[{\"@type\":\"ReadAction\",\"target\":[\"https:\/\/legacy.boit.cz\/de\/datenschutzbestimmungen\/\"]}]},{\"@type\":\"BreadcrumbList\",\"@id\":\"https:\/\/legacy.boit.cz\/de\/datenschutzbestimmungen\/#breadcrumb\",\"itemListElement\":[{\"@type\":\"ListItem\",\"position\":1,\"name\":\"Dom\u016f\",\"item\":\"https:\/\/legacy.boit.cz\/de\/boit-startseite-2023\/\"},{\"@type\":\"ListItem\",\"position\":2,\"name\":\"Datenschutzbestimmungen\"}]},{\"@type\":\"WebSite\",\"@id\":\"https:\/\/legacy.boit.cz\/de\/#website\",\"url\":\"https:\/\/legacy.boit.cz\/de\/\",\"name\":\"BOIT \u2013\u2060\u2060\u2060\u2060\u2060\u2060 Bezpe\u010dnost a ochrana IT\",\"description\":\"Zam\u011b\u0159ujeme se na vzd\u011bl\u00e1v\u00e1n\u00ed zam\u011bstnanc\u016f, OSINT, phishingov\u00e9 testy a testov\u00e1n\u00ed zranitelnost\u00ed webov\u00fdch aplikac\u00ed.\",\"publisher\":{\"@id\":\"https:\/\/legacy.boit.cz\/de\/#organization\"},\"potentialAction\":[{\"@type\":\"SearchAction\",\"target\":{\"@type\":\"EntryPoint\",\"urlTemplate\":\"https:\/\/legacy.boit.cz\/de\/?s={search_term_string}\"},\"query-input\":{\"@type\":\"PropertyValueSpecification\",\"valueRequired\":true,\"valueName\":\"search_term_string\"}}],\"inLanguage\":\"de\"},{\"@type\":\"Organization\",\"@id\":\"https:\/\/legacy.boit.cz\/de\/#organization\",\"name\":\"BOIT \u2013\u2060\u2060\u2060\u2060\u2060\u2060 Bezpe\u010dnost a ochrana IT\",\"url\":\"https:\/\/legacy.boit.cz\/de\/\",\"logo\":{\"@type\":\"ImageObject\",\"inLanguage\":\"de\",\"@id\":\"https:\/\/legacy.boit.cz\/de\/#\/schema\/logo\/image\/\",\"url\":\"https:\/\/legacy.boit.cz\/wp-content\/uploads\/2024\/01\/bm_boit_logo_rgb_color.png\",\"contentUrl\":\"https:\/\/legacy.boit.cz\/wp-content\/uploads\/2024\/01\/bm_boit_logo_rgb_color.png\",\"width\":561,\"height\":178,\"caption\":\"BOIT \u2013\u2060\u2060\u2060\u2060\u2060\u2060 Bezpe\u010dnost a ochrana IT\"},\"image\":{\"@id\":\"https:\/\/legacy.boit.cz\/de\/#\/schema\/logo\/image\/\"}}]}<\/script>\n<!-- \/ Yoast SEO plugin. -->","yoast_head_json":{"title":"Datenschutzbestimmungen - BOIT \u2013\u2060\u2060\u2060\u2060\u2060\u2060 Bezpe\u010dnost a ochrana IT","robots":{"index":"index","follow":"follow","max-snippet":"max-snippet:-1","max-image-preview":"max-image-preview:large","max-video-preview":"max-video-preview:-1"},"canonical":"https:\/\/legacy.boit.cz\/de\/datenschutzbestimmungen\/","og_locale":"de_DE","og_type":"article","og_title":"Datenschutzbestimmungen - BOIT \u2013\u2060\u2060\u2060\u2060\u2060\u2060 Bezpe\u010dnost a ochrana IT","og_description":"Schutz pers\u00f6nlicher Daten Wenn Sie unser Kunde, Newsletter-Abonnent oder Website-Besucher sind, vertrauen Sie uns Ihre pers\u00f6nlichen Daten an. Wir sind f\u00fcr deren Schutz und Sicherheit verantwortlich. Bitte machen Sie sich mit dem Datenschutz, den Richtlinien und den Rechten vertraut, die Sie im Zusammenhang mit der GDPR (General Data Protection Regulation) haben. Wer ist der Verwalter? [&hellip;]","og_url":"https:\/\/legacy.boit.cz\/de\/datenschutzbestimmungen\/","og_site_name":"BOIT \u2013\u2060\u2060\u2060\u2060\u2060\u2060 Bezpe\u010dnost a ochrana IT","article_modified_time":"2025-02-18T08:36:45+00:00","twitter_card":"summary_large_image","twitter_misc":{"Gesch\u00e4tzte Lesezeit":"7\u00a0Minuten"},"schema":{"@context":"https:\/\/schema.org","@graph":[{"@type":"WebPage","@id":"https:\/\/legacy.boit.cz\/de\/datenschutzbestimmungen\/","url":"https:\/\/legacy.boit.cz\/de\/datenschutzbestimmungen\/","name":"Datenschutzbestimmungen - BOIT \u2013\u2060\u2060\u2060\u2060\u2060\u2060 Bezpe\u010dnost a ochrana IT","isPartOf":{"@id":"https:\/\/legacy.boit.cz\/de\/#website"},"datePublished":"2020-08-10T20:39:58+00:00","dateModified":"2025-02-18T08:36:45+00:00","breadcrumb":{"@id":"https:\/\/legacy.boit.cz\/de\/datenschutzbestimmungen\/#breadcrumb"},"inLanguage":"de","potentialAction":[{"@type":"ReadAction","target":["https:\/\/legacy.boit.cz\/de\/datenschutzbestimmungen\/"]}]},{"@type":"BreadcrumbList","@id":"https:\/\/legacy.boit.cz\/de\/datenschutzbestimmungen\/#breadcrumb","itemListElement":[{"@type":"ListItem","position":1,"name":"Dom\u016f","item":"https:\/\/legacy.boit.cz\/de\/boit-startseite-2023\/"},{"@type":"ListItem","position":2,"name":"Datenschutzbestimmungen"}]},{"@type":"WebSite","@id":"https:\/\/legacy.boit.cz\/de\/#website","url":"https:\/\/legacy.boit.cz\/de\/","name":"BOIT \u2013\u2060\u2060\u2060\u2060\u2060\u2060 Bezpe\u010dnost a ochrana IT","description":"Zam\u011b\u0159ujeme se na vzd\u011bl\u00e1v\u00e1n\u00ed zam\u011bstnanc\u016f, OSINT, phishingov\u00e9 testy a testov\u00e1n\u00ed zranitelnost\u00ed webov\u00fdch aplikac\u00ed.","publisher":{"@id":"https:\/\/legacy.boit.cz\/de\/#organization"},"potentialAction":[{"@type":"SearchAction","target":{"@type":"EntryPoint","urlTemplate":"https:\/\/legacy.boit.cz\/de\/?s={search_term_string}"},"query-input":{"@type":"PropertyValueSpecification","valueRequired":true,"valueName":"search_term_string"}}],"inLanguage":"de"},{"@type":"Organization","@id":"https:\/\/legacy.boit.cz\/de\/#organization","name":"BOIT \u2013\u2060\u2060\u2060\u2060\u2060\u2060 Bezpe\u010dnost a ochrana IT","url":"https:\/\/legacy.boit.cz\/de\/","logo":{"@type":"ImageObject","inLanguage":"de","@id":"https:\/\/legacy.boit.cz\/de\/#\/schema\/logo\/image\/","url":"https:\/\/legacy.boit.cz\/wp-content\/uploads\/2024\/01\/bm_boit_logo_rgb_color.png","contentUrl":"https:\/\/legacy.boit.cz\/wp-content\/uploads\/2024\/01\/bm_boit_logo_rgb_color.png","width":561,"height":178,"caption":"BOIT \u2013\u2060\u2060\u2060\u2060\u2060\u2060 Bezpe\u010dnost a ochrana IT"},"image":{"@id":"https:\/\/legacy.boit.cz\/de\/#\/schema\/logo\/image\/"}}]}},"_links":{"self":[{"href":"https:\/\/legacy.boit.cz\/de\/wp-json\/wp\/v2\/pages\/12942","targetHints":{"allow":["GET"]}}],"collection":[{"href":"https:\/\/legacy.boit.cz\/de\/wp-json\/wp\/v2\/pages"}],"about":[{"href":"https:\/\/legacy.boit.cz\/de\/wp-json\/wp\/v2\/types\/page"}],"author":[{"embeddable":true,"href":"https:\/\/legacy.boit.cz\/de\/wp-json\/wp\/v2\/users\/2"}],"replies":[{"embeddable":true,"href":"https:\/\/legacy.boit.cz\/de\/wp-json\/wp\/v2\/comments?post=12942"}],"version-history":[{"count":2,"href":"https:\/\/legacy.boit.cz\/de\/wp-json\/wp\/v2\/pages\/12942\/revisions"}],"predecessor-version":[{"id":14783,"href":"https:\/\/legacy.boit.cz\/de\/wp-json\/wp\/v2\/pages\/12942\/revisions\/14783"}],"wp:attachment":[{"href":"https:\/\/legacy.boit.cz\/de\/wp-json\/wp\/v2\/media?parent=12942"}],"curies":[{"name":"wp","href":"https:\/\/api.w.org\/{rel}","templated":true}]}}