{"id":13777,"date":"2024-10-28T06:54:37","date_gmt":"2024-10-28T06:54:37","guid":{"rendered":"https:\/\/legacy.boit.cz\/fuer-medien\/"},"modified":"2025-07-25T08:46:48","modified_gmt":"2025-07-25T08:46:48","slug":"fuer-medien","status":"publish","type":"page","link":"https:\/\/legacy.boit.cz\/de\/fuer-medien\/","title":{"rendered":"F\u00fcr Medien"},"content":{"rendered":"\t\t<div data-elementor-type=\"wp-page\" data-elementor-id=\"13777\" class=\"elementor elementor-13777 elementor-13765\" data-elementor-post-type=\"page\">\n\t\t\t\t<div data-particle_enable=\"false\" data-particle-mobile-disabled=\"false\" class=\"elementor-element elementor-element-74d4fe0 e-flex e-con-boxed e-con e-parent\" data-id=\"74d4fe0\" data-element_type=\"container\">\n\t\t\t\t\t<div class=\"e-con-inner\">\n\t\t\t\t<div class=\"elementor-element elementor-element-e5362fb elementor-widget elementor-widget-heading\" data-id=\"e5362fb\" data-element_type=\"widget\" data-widget_type=\"heading.default\">\n\t\t\t\t<div class=\"elementor-widget-container\">\n\t\t\t\t\t<h1 class=\"elementor-heading-title elementor-size-default\">Medien-Materialien<\/h1>\t\t\t\t<\/div>\n\t\t\t\t<\/div>\n\t\t\t\t\t<\/div>\n\t\t\t\t<\/div>\n\t\t<div data-particle_enable=\"false\" data-particle-mobile-disabled=\"false\" class=\"elementor-element elementor-element-9a07f6e e-flex e-con-boxed e-con e-parent\" data-id=\"9a07f6e\" data-element_type=\"container\">\n\t\t\t\t\t<div class=\"e-con-inner\">\n\t\t\t\t<div class=\"elementor-element elementor-element-9280291 elementor-widget elementor-widget-ipost_grid\" data-id=\"9280291\" data-element_type=\"widget\" data-widget_type=\"ipost_grid.default\">\n\t\t\t\t<div class=\"elementor-widget-container\">\n\t\t\t\t\t\r\n\t\t<div class=\"post-grid pgrid row \">\r\n\t\t\t \r\n\t\t\t\t<div class=\"pgrid-box\">\r\n\t\t\t\t<article class=\"post-box blog-item\">\r\n\t\t\t\t\t<div class=\"post-inner\">\r\n\t\t\t\t\t\t\t\t\t\t\t\t\t\t\t\t\t\t\t\r\n\t\t\t\t\t\t\t<div class=\"entry-media\">\r\n\t\t\t\t\t        \t<div class=\"post-cat\"><span class=\"posted-in\"><a href=\"https:\/\/legacy.boit.cz\/de\/magazin\/pressemeldungen\/\" rel=\"category tag\">Pressemeldungen<\/a><\/span><\/div>\t\t\t\t\t        <\/div>\r\n\r\n\t\t\t\t\t    \r\n\t\t\t\t\t\t<div class=\"inner-post\">\r\n\t\t\t\t\t\t\t<div class=\"entry-header\">\r\n\r\n\t\t\t\t\t\t\t\t\t\t\t\t\t\t\t\t<div class=\"entry-meta\">\r\n\t\t\t\t\t\t\t\t\t<span class=\"posted-on\">_ <a href=\"https:\/\/legacy.boit.cz\/de\/von-der-umschulung-zur-arbeit-in-der-cybersicherheit-fuer-unsere-absolventen-ist-das-keine-science-fiction\/\" rel=\"bookmark\"><time class=\"entry-date published\" datetime=\"2025-06-12T18:58:57+00:00\">12. Juni 2025<\/time><\/a><\/span><span class=\"byline\">_ <a class=\"url fn n\" href=\"https:\/\/legacy.boit.cz\/de\/author\/verca\/\">Veronika Veinlichov\u00e1<\/a><\/span><span class=\"comment-num\">_ <a href=\"https:\/\/legacy.boit.cz\/de\/von-der-umschulung-zur-arbeit-in-der-cybersicherheit-fuer-unsere-absolventen-ist-das-keine-science-fiction\/#respond\">0 Comments<\/a><\/span>\t\t\t\t\t\t\t\t<\/div><!-- .entry-meta -->\r\n\t\t\t\t\t\t\t\t\r\n\t\t\t\t\t\t\t\t<h3 class=\"entry-title\"><a href=\"https:\/\/legacy.boit.cz\/de\/von-der-umschulung-zur-arbeit-in-der-cybersicherheit-fuer-unsere-absolventen-ist-das-keine-science-fiction\/\" rel=\"bookmark\">Von der Umschulung zur Arbeit in der Cybersicherheit? F\u00fcr unsere Absolventen ist das keine Science Fiction<\/a><\/h3>\r\n\t\t\t\t\t\t\t<\/div><!-- .entry-header -->\r\n\t\t\t\t\t\t\t\r\n\t\t\t\t\t\t\t\t\t\t\t\t\t\t<div class=\"btn-readmore\">\r\n\t\t\t\t\t\t\t\t<a href=\"https:\/\/legacy.boit.cz\/de\/von-der-umschulung-zur-arbeit-in-der-cybersicherheit-fuer-unsere-absolventen-ist-das-keine-science-fiction\/\"><i class=\"flaticon-right-arrow-1\"><\/i>Pokra\u010dovat ve \u010dten\u00ed\u2026<\/a>\t\t\t\t\t\t\t<\/div>\r\n\t\t\t\t\t\t<\/div>\r\n\t\t\t\t\t<\/div>\r\n\t\t\t\t<\/article>\r\n\t\t\t\t<\/div>\r\n\t\t\t \r\n\t\t\t\t<div class=\"pgrid-box\">\r\n\t\t\t\t<article class=\"post-box blog-item\">\r\n\t\t\t\t\t<div class=\"post-inner\">\r\n\t\t\t\t\t\t\t\t\t\t\t\t\r\n\t\t\t\t\t        <div class=\"entry-media\">\r\n\t\t\t\t\t        \t<div class=\"post-cat\"><span class=\"posted-in\"><a href=\"https:\/\/legacy.boit.cz\/de\/magazin\/pressemeldungen\/\" rel=\"category tag\">Pressemeldungen<\/a><\/span><\/div>\t\t\t\t\t            <a href=\"https:\/\/legacy.boit.cz\/de\/alarmierende-ergebnisse-von-phishing-tests-in-tschechischen-unternehmen-und-institutionen-die-cybersicherheit-ist-ernsthaft-gefaehrdet\/\">\r\n\t\t\t\t\t                <img fetchpriority=\"high\" decoding=\"async\" width=\"476\" height=\"320\" src=\"https:\/\/legacy.boit.cz\/wp-content\/uploads\/2024\/10\/Obr.1.png\" class=\"attachment-engitech-slider-post-thumbnail size-engitech-slider-post-thumbnail wp-post-image\" alt=\"Phishing_nahled\" srcset=\"https:\/\/legacy.boit.cz\/wp-content\/uploads\/2024\/10\/Obr.1.png 476w, https:\/\/legacy.boit.cz\/wp-content\/uploads\/2024\/10\/Obr.1-300x202.png 300w\" sizes=\"(max-width: 476px) 100vw, 476px\" \/>\t\t\t\t\t            <\/a>\r\n\t\t\t\t\t        <\/div>\r\n\t\t\t\t\t        \r\n\t\t\t\t\t    \r\n\t\t\t\t\t\t<div class=\"inner-post\">\r\n\t\t\t\t\t\t\t<div class=\"entry-header\">\r\n\r\n\t\t\t\t\t\t\t\t\t\t\t\t\t\t\t\t<div class=\"entry-meta\">\r\n\t\t\t\t\t\t\t\t\t<span class=\"posted-on\">_ <a href=\"https:\/\/legacy.boit.cz\/de\/alarmierende-ergebnisse-von-phishing-tests-in-tschechischen-unternehmen-und-institutionen-die-cybersicherheit-ist-ernsthaft-gefaehrdet\/\" rel=\"bookmark\"><time class=\"entry-date published\" datetime=\"2024-10-28T06:53:51+00:00\">28. Oktober 2024<\/time><\/a><\/span><span class=\"byline\">_ <a class=\"url fn n\" href=\"https:\/\/legacy.boit.cz\/de\/author\/verca\/\">Veronika Veinlichov\u00e1<\/a><\/span><span class=\"comment-num\">_ <a href=\"https:\/\/legacy.boit.cz\/de\/alarmierende-ergebnisse-von-phishing-tests-in-tschechischen-unternehmen-und-institutionen-die-cybersicherheit-ist-ernsthaft-gefaehrdet\/#respond\">0 Comments<\/a><\/span>\t\t\t\t\t\t\t\t<\/div><!-- .entry-meta -->\r\n\t\t\t\t\t\t\t\t\r\n\t\t\t\t\t\t\t\t<h3 class=\"entry-title\"><a href=\"https:\/\/legacy.boit.cz\/de\/alarmierende-ergebnisse-von-phishing-tests-in-tschechischen-unternehmen-und-institutionen-die-cybersicherheit-ist-ernsthaft-gefaehrdet\/\" rel=\"bookmark\">Alarmierende Ergebnisse von Phishing-Tests in tschechischen Unternehmen und Institutionen: Die Cybersicherheit ist ernsthaft gef\u00e4hrdet<\/a><\/h3>\r\n\t\t\t\t\t\t\t<\/div><!-- .entry-header -->\r\n\t\t\t\t\t\t\t\r\n\t\t\t\t\t\t\t\t\t\t\t\t\t\t<div class=\"btn-readmore\">\r\n\t\t\t\t\t\t\t\t<a href=\"https:\/\/legacy.boit.cz\/de\/alarmierende-ergebnisse-von-phishing-tests-in-tschechischen-unternehmen-und-institutionen-die-cybersicherheit-ist-ernsthaft-gefaehrdet\/\"><i class=\"flaticon-right-arrow-1\"><\/i>Pokra\u010dovat ve \u010dten\u00ed\u2026<\/a>\t\t\t\t\t\t\t<\/div>\r\n\t\t\t\t\t\t<\/div>\r\n\t\t\t\t\t<\/div>\r\n\t\t\t\t<\/article>\r\n\t\t\t\t<\/div>\r\n\t\t\t\t    <\/div>\r\n\t\t\t\t\t\t<\/div>\n\t\t\t\t<\/div>\n\t\t\t\t\t<\/div>\n\t\t\t\t<\/div>\n\t\t\t\t<\/div>\n\t\t","protected":false},"excerpt":{"rendered":"<p>Medien-Materialien Tiskov\u00e9 zpr\u00e1vy _ 12.&nbsp;\u010dervna 2025 Z&nbsp;rekvalifikace a\u017e k&nbsp;pr\u00e1ci v&nbsp;kyberbezpe\u010dnosti? U&nbsp;na\u0161ich absolvent\u016f to nen\u00ed sci-fi Pokra\u010dovat ve \u010dten\u00ed\u2026 Tiskov\u00e9 zpr\u00e1vy _ 28.&nbsp;\u0159\u00edjna 2024 Alarmuj\u00edc\u00ed v\u00fdsledky phishingov\u00fdch test\u016f v&nbsp;\u010desk\u00fdch firm\u00e1ch a&nbsp;instituc\u00edch: kybernetick\u00e1 bezpe\u010dnost je v\u00e1\u017en\u011b ohro\u017eena\u00a0 Pokra\u010dovat ve \u010dten\u00ed\u2026<\/p>\n","protected":false},"author":215,"featured_media":0,"parent":0,"menu_order":0,"comment_status":"closed","ping_status":"closed","template":"","meta":{"footnotes":""},"class_list":["post-13777","page","type-page","status-publish","hentry"],"yoast_head":"<!-- This site is optimized with the Yoast SEO plugin v25.4 - https:\/\/yoast.com\/wordpress\/plugins\/seo\/ -->\n<title>F\u00fcr Medien - BOIT \u2013\u2060\u2060\u2060\u2060\u2060\u2060 Bezpe\u010dnost a ochrana IT<\/title>\n<meta name=\"description\" content=\"Alles, was die Medien \u00fcber BOIT wissen sollten - Pressemitteilungen, Statistiken, Daten. Fehlt irgendetwas? Lassen Sie es uns wissen, wir werden Ihnen mehr sagen.\" \/>\n<meta name=\"robots\" content=\"index, follow, max-snippet:-1, max-image-preview:large, max-video-preview:-1\" \/>\n<link rel=\"canonical\" href=\"https:\/\/legacy.boit.cz\/de\/fuer-medien\/\" \/>\n<meta property=\"og:locale\" content=\"de_DE\" \/>\n<meta property=\"og:type\" content=\"article\" \/>\n<meta property=\"og:title\" content=\"F\u00fcr Medien - BOIT \u2013\u2060\u2060\u2060\u2060\u2060\u2060 Bezpe\u010dnost a ochrana IT\" \/>\n<meta property=\"og:description\" content=\"Alles, was die Medien \u00fcber BOIT wissen sollten - Pressemitteilungen, Statistiken, Daten. Fehlt irgendetwas? Lassen Sie es uns wissen, wir werden Ihnen mehr sagen.\" \/>\n<meta property=\"og:url\" content=\"https:\/\/legacy.boit.cz\/de\/fuer-medien\/\" \/>\n<meta property=\"og:site_name\" content=\"BOIT \u2013\u2060\u2060\u2060\u2060\u2060\u2060 Bezpe\u010dnost a ochrana IT\" \/>\n<meta property=\"article:modified_time\" content=\"2025-07-25T08:46:48+00:00\" \/>\n<meta property=\"og:image\" content=\"https:\/\/legacy.boit.cz\/wp-content\/uploads\/2024\/10\/Obr.1.png\" \/>\n<meta name=\"twitter:card\" content=\"summary_large_image\" \/>\n<script type=\"application\/ld+json\" class=\"yoast-schema-graph\">{\"@context\":\"https:\/\/schema.org\",\"@graph\":[{\"@type\":\"WebPage\",\"@id\":\"https:\/\/legacy.boit.cz\/de\/fuer-medien\/\",\"url\":\"https:\/\/legacy.boit.cz\/de\/fuer-medien\/\",\"name\":\"F\u00fcr Medien - BOIT \u2013\u2060\u2060\u2060\u2060\u2060\u2060 Bezpe\u010dnost a ochrana IT\",\"isPartOf\":{\"@id\":\"https:\/\/legacy.boit.cz\/de\/#website\"},\"primaryImageOfPage\":{\"@id\":\"https:\/\/legacy.boit.cz\/de\/fuer-medien\/#primaryimage\"},\"image\":{\"@id\":\"https:\/\/legacy.boit.cz\/de\/fuer-medien\/#primaryimage\"},\"thumbnailUrl\":\"https:\/\/legacy.boit.cz\/wp-content\/uploads\/2024\/10\/Obr.1.png\",\"datePublished\":\"2024-10-28T06:54:37+00:00\",\"dateModified\":\"2025-07-25T08:46:48+00:00\",\"description\":\"Alles, was die Medien \u00fcber BOIT wissen sollten - Pressemitteilungen, Statistiken, Daten. Fehlt irgendetwas? Lassen Sie es uns wissen, wir werden Ihnen mehr sagen.\",\"breadcrumb\":{\"@id\":\"https:\/\/legacy.boit.cz\/de\/fuer-medien\/#breadcrumb\"},\"inLanguage\":\"de\",\"potentialAction\":[{\"@type\":\"ReadAction\",\"target\":[\"https:\/\/legacy.boit.cz\/de\/fuer-medien\/\"]}]},{\"@type\":\"ImageObject\",\"inLanguage\":\"de\",\"@id\":\"https:\/\/legacy.boit.cz\/de\/fuer-medien\/#primaryimage\",\"url\":\"https:\/\/legacy.boit.cz\/wp-content\/uploads\/2024\/10\/Obr.1.png\",\"contentUrl\":\"https:\/\/legacy.boit.cz\/wp-content\/uploads\/2024\/10\/Obr.1.png\"},{\"@type\":\"BreadcrumbList\",\"@id\":\"https:\/\/legacy.boit.cz\/de\/fuer-medien\/#breadcrumb\",\"itemListElement\":[{\"@type\":\"ListItem\",\"position\":1,\"name\":\"Dom\u016f\",\"item\":\"https:\/\/legacy.boit.cz\/de\/boit-startseite-2023\/\"},{\"@type\":\"ListItem\",\"position\":2,\"name\":\"F\u00fcr Medien\"}]},{\"@type\":\"WebSite\",\"@id\":\"https:\/\/legacy.boit.cz\/de\/#website\",\"url\":\"https:\/\/legacy.boit.cz\/de\/\",\"name\":\"BOIT \u2013\u2060\u2060\u2060\u2060\u2060\u2060 Bezpe\u010dnost a ochrana IT\",\"description\":\"Zam\u011b\u0159ujeme se na vzd\u011bl\u00e1v\u00e1n\u00ed zam\u011bstnanc\u016f, OSINT, phishingov\u00e9 testy a testov\u00e1n\u00ed zranitelnost\u00ed webov\u00fdch aplikac\u00ed.\",\"publisher\":{\"@id\":\"https:\/\/legacy.boit.cz\/de\/#organization\"},\"potentialAction\":[{\"@type\":\"SearchAction\",\"target\":{\"@type\":\"EntryPoint\",\"urlTemplate\":\"https:\/\/legacy.boit.cz\/de\/?s={search_term_string}\"},\"query-input\":{\"@type\":\"PropertyValueSpecification\",\"valueRequired\":true,\"valueName\":\"search_term_string\"}}],\"inLanguage\":\"de\"},{\"@type\":\"Organization\",\"@id\":\"https:\/\/legacy.boit.cz\/de\/#organization\",\"name\":\"BOIT \u2013\u2060\u2060\u2060\u2060\u2060\u2060 Bezpe\u010dnost a ochrana IT\",\"url\":\"https:\/\/legacy.boit.cz\/de\/\",\"logo\":{\"@type\":\"ImageObject\",\"inLanguage\":\"de\",\"@id\":\"https:\/\/legacy.boit.cz\/de\/#\/schema\/logo\/image\/\",\"url\":\"https:\/\/legacy.boit.cz\/wp-content\/uploads\/2024\/01\/bm_boit_logo_rgb_color.png\",\"contentUrl\":\"https:\/\/legacy.boit.cz\/wp-content\/uploads\/2024\/01\/bm_boit_logo_rgb_color.png\",\"width\":561,\"height\":178,\"caption\":\"BOIT \u2013\u2060\u2060\u2060\u2060\u2060\u2060 Bezpe\u010dnost a ochrana IT\"},\"image\":{\"@id\":\"https:\/\/legacy.boit.cz\/de\/#\/schema\/logo\/image\/\"}}]}<\/script>\n<!-- \/ Yoast SEO plugin. -->","yoast_head_json":{"title":"F\u00fcr Medien - BOIT \u2013\u2060\u2060\u2060\u2060\u2060\u2060 Bezpe\u010dnost a ochrana IT","description":"Alles, was die Medien \u00fcber BOIT wissen sollten - Pressemitteilungen, Statistiken, Daten. Fehlt irgendetwas? Lassen Sie es uns wissen, wir werden Ihnen mehr sagen.","robots":{"index":"index","follow":"follow","max-snippet":"max-snippet:-1","max-image-preview":"max-image-preview:large","max-video-preview":"max-video-preview:-1"},"canonical":"https:\/\/legacy.boit.cz\/de\/fuer-medien\/","og_locale":"de_DE","og_type":"article","og_title":"F\u00fcr Medien - BOIT \u2013\u2060\u2060\u2060\u2060\u2060\u2060 Bezpe\u010dnost a ochrana IT","og_description":"Alles, was die Medien \u00fcber BOIT wissen sollten - Pressemitteilungen, Statistiken, Daten. Fehlt irgendetwas? Lassen Sie es uns wissen, wir werden Ihnen mehr sagen.","og_url":"https:\/\/legacy.boit.cz\/de\/fuer-medien\/","og_site_name":"BOIT \u2013\u2060\u2060\u2060\u2060\u2060\u2060 Bezpe\u010dnost a ochrana IT","article_modified_time":"2025-07-25T08:46:48+00:00","og_image":[{"url":"https:\/\/legacy.boit.cz\/wp-content\/uploads\/2024\/10\/Obr.1.png","type":"","width":"","height":""}],"twitter_card":"summary_large_image","schema":{"@context":"https:\/\/schema.org","@graph":[{"@type":"WebPage","@id":"https:\/\/legacy.boit.cz\/de\/fuer-medien\/","url":"https:\/\/legacy.boit.cz\/de\/fuer-medien\/","name":"F\u00fcr Medien - BOIT \u2013\u2060\u2060\u2060\u2060\u2060\u2060 Bezpe\u010dnost a ochrana IT","isPartOf":{"@id":"https:\/\/legacy.boit.cz\/de\/#website"},"primaryImageOfPage":{"@id":"https:\/\/legacy.boit.cz\/de\/fuer-medien\/#primaryimage"},"image":{"@id":"https:\/\/legacy.boit.cz\/de\/fuer-medien\/#primaryimage"},"thumbnailUrl":"https:\/\/legacy.boit.cz\/wp-content\/uploads\/2024\/10\/Obr.1.png","datePublished":"2024-10-28T06:54:37+00:00","dateModified":"2025-07-25T08:46:48+00:00","description":"Alles, was die Medien \u00fcber BOIT wissen sollten - Pressemitteilungen, Statistiken, Daten. Fehlt irgendetwas? Lassen Sie es uns wissen, wir werden Ihnen mehr sagen.","breadcrumb":{"@id":"https:\/\/legacy.boit.cz\/de\/fuer-medien\/#breadcrumb"},"inLanguage":"de","potentialAction":[{"@type":"ReadAction","target":["https:\/\/legacy.boit.cz\/de\/fuer-medien\/"]}]},{"@type":"ImageObject","inLanguage":"de","@id":"https:\/\/legacy.boit.cz\/de\/fuer-medien\/#primaryimage","url":"https:\/\/legacy.boit.cz\/wp-content\/uploads\/2024\/10\/Obr.1.png","contentUrl":"https:\/\/legacy.boit.cz\/wp-content\/uploads\/2024\/10\/Obr.1.png"},{"@type":"BreadcrumbList","@id":"https:\/\/legacy.boit.cz\/de\/fuer-medien\/#breadcrumb","itemListElement":[{"@type":"ListItem","position":1,"name":"Dom\u016f","item":"https:\/\/legacy.boit.cz\/de\/boit-startseite-2023\/"},{"@type":"ListItem","position":2,"name":"F\u00fcr Medien"}]},{"@type":"WebSite","@id":"https:\/\/legacy.boit.cz\/de\/#website","url":"https:\/\/legacy.boit.cz\/de\/","name":"BOIT \u2013\u2060\u2060\u2060\u2060\u2060\u2060 Bezpe\u010dnost a ochrana IT","description":"Zam\u011b\u0159ujeme se na vzd\u011bl\u00e1v\u00e1n\u00ed zam\u011bstnanc\u016f, OSINT, phishingov\u00e9 testy a testov\u00e1n\u00ed zranitelnost\u00ed webov\u00fdch aplikac\u00ed.","publisher":{"@id":"https:\/\/legacy.boit.cz\/de\/#organization"},"potentialAction":[{"@type":"SearchAction","target":{"@type":"EntryPoint","urlTemplate":"https:\/\/legacy.boit.cz\/de\/?s={search_term_string}"},"query-input":{"@type":"PropertyValueSpecification","valueRequired":true,"valueName":"search_term_string"}}],"inLanguage":"de"},{"@type":"Organization","@id":"https:\/\/legacy.boit.cz\/de\/#organization","name":"BOIT \u2013\u2060\u2060\u2060\u2060\u2060\u2060 Bezpe\u010dnost a ochrana IT","url":"https:\/\/legacy.boit.cz\/de\/","logo":{"@type":"ImageObject","inLanguage":"de","@id":"https:\/\/legacy.boit.cz\/de\/#\/schema\/logo\/image\/","url":"https:\/\/legacy.boit.cz\/wp-content\/uploads\/2024\/01\/bm_boit_logo_rgb_color.png","contentUrl":"https:\/\/legacy.boit.cz\/wp-content\/uploads\/2024\/01\/bm_boit_logo_rgb_color.png","width":561,"height":178,"caption":"BOIT \u2013\u2060\u2060\u2060\u2060\u2060\u2060 Bezpe\u010dnost a ochrana IT"},"image":{"@id":"https:\/\/legacy.boit.cz\/de\/#\/schema\/logo\/image\/"}}]}},"_links":{"self":[{"href":"https:\/\/legacy.boit.cz\/de\/wp-json\/wp\/v2\/pages\/13777","targetHints":{"allow":["GET"]}}],"collection":[{"href":"https:\/\/legacy.boit.cz\/de\/wp-json\/wp\/v2\/pages"}],"about":[{"href":"https:\/\/legacy.boit.cz\/de\/wp-json\/wp\/v2\/types\/page"}],"author":[{"embeddable":true,"href":"https:\/\/legacy.boit.cz\/de\/wp-json\/wp\/v2\/users\/215"}],"replies":[{"embeddable":true,"href":"https:\/\/legacy.boit.cz\/de\/wp-json\/wp\/v2\/comments?post=13777"}],"version-history":[{"count":2,"href":"https:\/\/legacy.boit.cz\/de\/wp-json\/wp\/v2\/pages\/13777\/revisions"}],"predecessor-version":[{"id":15357,"href":"https:\/\/legacy.boit.cz\/de\/wp-json\/wp\/v2\/pages\/13777\/revisions\/15357"}],"wp:attachment":[{"href":"https:\/\/legacy.boit.cz\/de\/wp-json\/wp\/v2\/media?parent=13777"}],"curies":[{"name":"wp","href":"https:\/\/api.w.org\/{rel}","templated":true}]}}