{"id":15434,"date":"2025-08-18T16:11:00","date_gmt":"2025-08-18T16:11:00","guid":{"rendered":"https:\/\/legacy.boit.cz\/allgemeine-bedingungen-und-konditionen\/"},"modified":"2025-09-05T08:47:32","modified_gmt":"2025-09-05T08:47:32","slug":"allgemeine-bedingungen-und-konditionen","status":"publish","type":"page","link":"https:\/\/legacy.boit.cz\/de\/allgemeine-bedingungen-und-konditionen\/","title":{"rendered":"Allgemeine Bedingungen und Konditionen"},"content":{"rendered":"\t\t<div data-elementor-type=\"wp-page\" data-elementor-id=\"15434\" class=\"elementor elementor-15434 elementor-15430\" data-elementor-post-type=\"page\">\n\t\t\t\t<div data-particle_enable=\"false\" data-particle-mobile-disabled=\"false\" class=\"elementor-element elementor-element-ebe1cfc e-flex e-con-boxed e-con e-parent\" data-id=\"ebe1cfc\" data-element_type=\"container\">\n\t\t\t\t\t<div class=\"e-con-inner\">\n\t\t\t\t<div class=\"elementor-element elementor-element-c540dc6 elementor-widget elementor-widget-heading\" data-id=\"c540dc6\" data-element_type=\"widget\" data-widget_type=\"heading.default\">\n\t\t\t\t<div class=\"elementor-widget-container\">\n\t\t\t\t\t<h2 class=\"elementor-heading-title elementor-size-default\">Allgemeine Bedingungen und Konditionen  <\/h2>\t\t\t\t<\/div>\n\t\t\t\t<\/div>\n\t\t\t\t<div class=\"elementor-element elementor-element-6459fbe2 elementor-widget elementor-widget-text-editor\" data-id=\"6459fbe2\" data-element_type=\"widget\" data-widget_type=\"text-editor.default\">\n\t\t\t\t<div class=\"elementor-widget-container\">\n\t\t\t\t\t\t\t\t\t\n<p><strong>G\u00fcltigkeit des Dokuments:<\/strong> ab 1.&nbsp;1.&nbsp;2025<br><strong>BOIT Cyber Security s.r.o.<\/strong>, ID-Nr.: 17614261, MwSt.-Nr.: CZ17614261, mit Sitz in Korunn\u00ed 2569\/108, Prag 10, 101&nbsp;00, eingetragen im Handelsregister des Amtsgerichts Prag am 6. Oktober 2022, Abteilung C, Einlage 373905,<br>Kontakt-E-Mail: <a href=\"mailto:info@legacy.boit.cz\" target=\"_blank\" rel=\"noreferrer noopener\">info@legacy.boit.cz,<\/a> Website: <a href=\"https:\/\/legacy.boit.cz\/de\/\">https:\/\/legacy.boit.cz<\/a> <\/p>\n\n<blockquote class=\"wp-block-quote\">\n<h3 class=\"wp-block-heading\">Rechtlicher Hinweis:<\/h3>\n<p>Dieses Dokument kann zu Informationszwecken in verschiedenen Sprachversionen verf\u00fcgbar sein. <strong>Die tschechische Version der<\/strong> Allgemeinen Gesch\u00e4ftsbedingungen <strong>ist immer rechtsverbindlich und entscheidend<\/strong>. Die \u00dcbersetzungen wurden mit automatisierten Tools erstellt und k\u00f6nnen Ungenauigkeiten enthalten. Im Falle eines Widerspruchs ist das Original ma\u00dfgebend.  <\/p>\n<\/blockquote>\n\n<p> <\/p>\n\n<h2 class=\"wp-block-heading\">1.&nbsp;einleitung<\/h2>\n\n<p>1.1 Diese AGB regeln das Verh\u00e4ltnis zwischen BOIT Cyber Security s.r.o. (&#8222;Anbieter&#8220;) und Kunden (&#8222;Kunde&#8220;) bei der Erbringung von Cybersicherheitsdienstleistungen.<\/p>\n\n<p>1.2 Individuelle vertragliche Vereinbarungen haben Vorrang vor den AGB.<\/p>\n\n<h2 class=\"wp-block-heading\">2.&nbsp;der Umfang der Dienstleistungen<\/h2>\n\n<p>2.1 Die angebotenen Dienstleistungen umfassen: Penetrationstests, Schwachstellentests, Phishing-Simulationen, Schulungen, Beratung usw. Die Tests werden nach den Methoden von OWASP, NIST, MITRE ATT&amp;CK oder nach individueller Vereinbarung durchgef\u00fchrt. <\/p>\n\n<p>2.2 Der genaue Umfang und die Laufzeit werden im Vertrag oder Auftrag festgelegt.<\/p>\n\n<h2 class=\"wp-block-heading\">3. Abschluss des Vertrages<\/h2>\n\n<p>3.1 Der Vertrag kann abgeschlossen werden durch: unterzeichneten Vertrag, best\u00e4tigte Bestellung, E-Mail oder andere nachweisbare Mittel.<\/p>\n\n<p>3.2 Der Anbieter kann eine Bestellung ohne Angabe von Gr\u00fcnden ablehnen.<\/p>\n\n<h2 class=\"wp-block-heading\">4. Verpflichtungen der Parteien<\/h2>\n\n<p>4.1 Anbieter:<\/p>\n\n<p>&#8211; die Dienstleistungen professionell, p\u00fcnktlich und gewissenhaft ausf\u00fchren;<\/p>\n\n<p>&#8211; vertrauliche und pers\u00f6nliche Daten zu sch\u00fctzen;<\/p>\n\n<p>&#8211; die gesetzlichen Bestimmungen einh\u00e4lt (einschlie\u00dflich GDPR, Gesetz Nr. 110\/2019 Slg. \u00fcber die Verarbeitung personenbezogener Daten);<\/p>\n\n<p>&#8211; im Falle eines Versto\u00dfes gegen die Sicherheitsbestimmungen oder die GDPR das B\u00fcro und den Kunden unverz\u00fcglich, sp\u00e4testens jedoch innerhalb von 72 Stunden, zu informieren;<\/p>\n\n<p>&#8211; bei Bedarf einen Datenschutzbeauftragten (DSB) zu ernennen.<\/p>\n\n<p>4.2 Kunde:<\/p>\n\n<p>&#8211; kooperieren und wahrheitsgem\u00e4\u00dfe Informationen liefern;<\/p>\n\n<p>&#8211; den vereinbarten Preis zu zahlen;<\/p>\n\n<p>&#8211; die Dienste w\u00e4hrend der Tests nicht \u00fcberm\u00e4\u00dfig beeintr\u00e4chtigt.<\/p>\n\n<h2 class=\"wp-block-heading\">5. Preis und Zahlungsbedingungen<\/h2>\n\n<p>5.1 Der Preis wird individuell vereinbart oder richtet sich nach der Preisliste.<\/p>\n\n<p>5.2 Rechnungen sind innerhalb von 14 Tagen nach Ausstellung f\u00e4llig, sofern nicht anders vereinbart.<\/p>\n\n<p>5.3 Im Falle des Verzugs hat der Anbieter Anspruch auf die gesetzlichen Verzugszinsen.<\/p>\n\n<h2 class=\"wp-block-heading\">6. Datenschutz (GDPR)<\/h2>\n\n<p>6.1 Der Anbieter handelt als Verantwortlicher f\u00fcr die Verarbeitung personenbezogener Daten.<\/p>\n\n<p>6.2 Zwecke der Verarbeitung: Vertragserf\u00fcllung, Erf\u00fcllung gesetzlicher Verpflichtungen, Verteidigung von Rechten und Rechtm\u00e4\u00dfigkeit.<\/p>\n\n<p>6.3 Rechtsgrundlagen: Vertragserf\u00fcllung, Einwilligung (z.B. Marketing), berechtigtes Interesse, Einhaltung von Gesetzen.<\/p>\n\n<p>6.4 Der Kunde hat das Recht auf Zugang, Berichtigung, L\u00f6schung, Einschr\u00e4nkung, \u00dcbertragbarkeit, Widerspruch und Widerruf der Zustimmung.<\/p>\n\n<p>6.5 Die Daten werden nicht an Dritte weitergegeben, mit Ausnahme von Verarbeitern (externen Auftragnehmern), staatlichen und Sicherheitsinstitutionen gem\u00e4\u00df den gesetzlichen Bestimmungen.<\/p>\n\n<p>6.6 Die Daten werden f\u00fcr die Dauer des Vertrages, die Fristen f\u00fcr das Beschwerdeverfahren und gem\u00e4\u00df der Archivierung gespeichert.<\/p>\n\n<p>6.7 Ort der Verarbeitung: die EU, kann Anbieter au\u00dferhalb der Tschechischen Republik\/EU einschlie\u00dfen, mit Standardvertragsklauseln.<\/p>\n\n<p>6.8 Weitere Informationen findet der Kunde in der Datenschutzerkl\u00e4rung, die ein wesentlicher Bestandteil der Website und des Vertrags ist.<\/p>\n\n<h2 class=\"wp-block-heading\">7. Verantwortung<\/h2>\n\n<p>7.1 Der Anbieter haftet f\u00fcr Sch\u00e4den, die er vors\u00e4tzlich oder grob fahrl\u00e4ssig verursacht hat, h\u00f6chstens bis zur H\u00f6he des vereinbarten Preises.<\/p>\n\n<p>7.2 Sie haftet nicht f\u00fcr Folgesch\u00e4den, entgangenen Gewinn oder nicht realisierte Einsparungen.<\/p>\n\n<p>7.3 Die Verpflichtung zur Vertraulichkeit gilt f\u00fcr die Dauer der Leistung und 3 Jahre nach Beendigung der Zusammenarbeit.<\/p>\n\n<h2 class=\"wp-block-heading\">8. Beendigung des Vertrags<\/h2>\n\n<p>8.1 Der Vertrag kann durch Vereinbarung, K\u00fcndigung, R\u00fccktritt wegen wesentlicher Verletzung beendet werden.<\/p>\n\n<p>8.2 Bei K\u00fcndigung ist der Kunde verpflichtet, die bis zur K\u00fcndigung erbrachten Leistungen zu bezahlen.<\/p>\n\n<h2 class=\"wp-block-heading\">9. Testbedingungen<\/h2>\n\n<p>9.1 Die Tests werden in einer genehmigten Weise durchgef\u00fchrt, einschlie\u00dflich Zeitplan, Umfang, Notfallkontakte. Die Tests werden in \u00dcbereinstimmung mit ethischen Grunds\u00e4tzen durchgef\u00fchrt und im Aktivit\u00e4tenprotokoll festgehalten. <\/p>\n\n<p>9.2 Der Kunde ist verpflichtet, die getestete Umgebung nicht spontan zu \u00fcberpr\u00fcfen oder zu \u00e4ndern.<\/p>\n\n<h2 class=\"wp-block-heading\">10. Schlussbestimmungen<\/h2>\n\n<p>10.1 Der Vertrag unterliegt dem tschechischen Recht.<\/p>\n\n<p>10.2 Der Gerichtsstand ist die \u00f6rtliche und sachliche Zust\u00e4ndigkeit der Gerichte in der Tschechischen Republik.<\/p>\n\n<p>10.3 Die Rechte des Verbrauchers bleiben uneingeschr\u00e4nkt bestehen, es sei denn, das Gesetz sieht einen h\u00f6heren Schutz vor.<\/p>\n\n<p>10.4 Der Kunde best\u00e4tigt sein Einverst\u00e4ndnis mit den AGB, bevor er den Vertrag abschlie\u00dft (elektronisch, durch Unterschrift).<\/p>\n\n<p>10.5 Die AGB sind auf www.legacy.boit.cz ver\u00f6ffentlicht und k\u00f6nnen vor der Bestellung eingesehen werden. Der Anbieter beh\u00e4lt sich das Recht vor, die AGB zu \u00e4ndern. Die \u00c4nderung wird mindestens 15 Tage vor ihrem Inkrafttreten per E-Mail mitgeteilt oder auf der Website ver\u00f6ffentlicht. <\/p>\n\n<h2 class=\"wp-block-heading\">12. Marketing-Kommunikation<\/h2>\n\n<p>12.1 Der Anbieter darf dem Kunden kommerzielle Mitteilungen \u00fcber seine eigenen Dienstleistungen (z.B. Newsletter, Einladungen zu Schulungen, Informationen \u00fcber Neuigkeiten im Bereich der Cybersicherheit) senden, wenn:<\/p>\n\n<p>&#8211; Der Kunde hat dem zugestimmt, oder<\/p>\n\n<p>&#8211; es sich um ein berechtigtes Interesse an einer bestehenden Gesch\u00e4ftsbeziehung handelt (gem\u00e4\u00df Artikel 7 Absatz 3 des Gesetzes Nr. 480\/2004 Slg.).<\/p>\n\n<p>12.2 Jede Nachricht enth\u00e4lt eine einfache Abmeldem\u00f6glichkeit \u00fcber einen Link in der Nachricht.<\/p>\n\n<p>12.3 Personenbezogene Daten werden ohne ausdr\u00fcckliche Zustimmung nicht zu Marketingzwecken an Dritte weitergegeben.<\/p>\n\n<h2 class=\"wp-block-heading\">13. Widerruf der Zustimmung und Aus\u00fcbung der Rechte<\/h2>\n\n<p>13.1 Wenn die Verarbeitung personenbezogener Daten auf einer Einwilligung beruht (z.B. Cookies, Marketing), hat der Kunde das Recht, diese Einwilligung jederzeit zu widerrufen. Der Widerruf hat keinen Einfluss auf die Rechtm\u00e4\u00dfigkeit der vorherigen Verarbeitung. <\/p>\n\n<p>13.2 Die Zustimmung kann zur\u00fcckgezogen werden:<\/p>\n\n<p>&#8211; indem Sie auf den Link zum Abbestellen in der E-Mail klicken,<\/p>\n\n<p>&#8211; indem Sie die Cookie-Einstellungen auf der Website \u00e4ndern,<\/p>\n\n<p>&#8211; oder per E-Mail an: info@legacy.boit.cz<\/p>\n\n<p>13.3 Der Nutzer\/Kunde hat au\u00dferdem das Recht:<\/p>\n\n<p>&#8211; Zugang zu pers\u00f6nlichen Daten,<\/p>\n\n<p>&#8211; auf Berichtigung, L\u00f6schung und Einschr\u00e4nkung der Verarbeitung,<\/p>\n\n<p>&#8211; Objekt zur Verarbeitung,<\/p>\n\n<p>&#8211; und reichen Sie eine Beschwerde bei der OOO\u00da (www.uoou.cz) ein.<\/p>\n\t\t\t\t\t\t\t\t<\/div>\n\t\t\t\t<\/div>\n\t\t\t\t\t<\/div>\n\t\t\t\t<\/div>\n\t\t\t\t<\/div>\n\t\t","protected":false},"excerpt":{"rendered":"<p>Allgemeine Bedingungen und Konditionen G\u00fcltigkeit des Dokuments: ab 1.&nbsp;1.&nbsp;2025BOIT Cyber Security s.r.o., ID-Nr.: 17614261, MwSt.-Nr.: CZ17614261, mit Sitz in Korunn\u00ed 2569\/108, Prag 10, 101&nbsp;00, eingetragen im Handelsregister des Amtsgerichts Prag am 6. Oktober 2022, Abteilung C, Einlage 373905,Kontakt-E-Mail: info@legacy.boit.cz, Website: https:\/\/legacy.boit.cz Rechtlicher Hinweis: Dieses Dokument kann zu Informationszwecken in verschiedenen Sprachversionen verf\u00fcgbar sein. Die tschechische [&hellip;]<\/p>\n","protected":false},"author":215,"featured_media":0,"parent":0,"menu_order":0,"comment_status":"closed","ping_status":"closed","template":"","meta":{"footnotes":""},"class_list":["post-15434","page","type-page","status-publish","hentry"],"yoast_head":"<!-- This site is optimized with the Yoast SEO plugin v25.4 - https:\/\/yoast.com\/wordpress\/plugins\/seo\/ -->\n<title>Allgemeine Bedingungen und Konditionen - BOIT \u2013\u2060\u2060\u2060\u2060\u2060\u2060 Bezpe\u010dnost a ochrana IT<\/title>\n<meta name=\"robots\" content=\"index, follow, max-snippet:-1, max-image-preview:large, max-video-preview:-1\" \/>\n<link rel=\"canonical\" href=\"https:\/\/legacy.boit.cz\/de\/allgemeine-bedingungen-und-konditionen\/\" \/>\n<meta property=\"og:locale\" content=\"de_DE\" \/>\n<meta property=\"og:type\" content=\"article\" \/>\n<meta property=\"og:title\" content=\"Allgemeine Bedingungen und Konditionen - BOIT \u2013\u2060\u2060\u2060\u2060\u2060\u2060 Bezpe\u010dnost a ochrana IT\" \/>\n<meta property=\"og:description\" content=\"Allgemeine Bedingungen und Konditionen G\u00fcltigkeit des Dokuments: ab 1.&nbsp;1.&nbsp;2025BOIT Cyber Security s.r.o., ID-Nr.: 17614261, MwSt.-Nr.: CZ17614261, mit Sitz in Korunn\u00ed 2569\/108, Prag 10, 101&nbsp;00, eingetragen im Handelsregister des Amtsgerichts Prag am 6. Oktober 2022, Abteilung C, Einlage 373905,Kontakt-E-Mail: info@legacy.boit.cz, Website: https:\/\/legacy.boit.cz Rechtlicher Hinweis: Dieses Dokument kann zu Informationszwecken in verschiedenen Sprachversionen verf\u00fcgbar sein. Die tschechische [&hellip;]\" \/>\n<meta property=\"og:url\" content=\"https:\/\/legacy.boit.cz\/de\/allgemeine-bedingungen-und-konditionen\/\" \/>\n<meta property=\"og:site_name\" content=\"BOIT \u2013\u2060\u2060\u2060\u2060\u2060\u2060 Bezpe\u010dnost a ochrana IT\" \/>\n<meta property=\"article:modified_time\" content=\"2025-09-05T08:47:32+00:00\" \/>\n<meta name=\"twitter:card\" content=\"summary_large_image\" \/>\n<meta name=\"twitter:label1\" content=\"Gesch\u00e4tzte Lesezeit\" \/>\n\t<meta name=\"twitter:data1\" content=\"5\u00a0Minuten\" \/>\n<script type=\"application\/ld+json\" class=\"yoast-schema-graph\">{\"@context\":\"https:\/\/schema.org\",\"@graph\":[{\"@type\":\"WebPage\",\"@id\":\"https:\/\/legacy.boit.cz\/de\/allgemeine-bedingungen-und-konditionen\/\",\"url\":\"https:\/\/legacy.boit.cz\/de\/allgemeine-bedingungen-und-konditionen\/\",\"name\":\"Allgemeine Bedingungen und Konditionen - BOIT \u2013\u2060\u2060\u2060\u2060\u2060\u2060 Bezpe\u010dnost a ochrana IT\",\"isPartOf\":{\"@id\":\"https:\/\/legacy.boit.cz\/de\/#website\"},\"datePublished\":\"2025-08-18T16:11:00+00:00\",\"dateModified\":\"2025-09-05T08:47:32+00:00\",\"breadcrumb\":{\"@id\":\"https:\/\/legacy.boit.cz\/de\/allgemeine-bedingungen-und-konditionen\/#breadcrumb\"},\"inLanguage\":\"de\",\"potentialAction\":[{\"@type\":\"ReadAction\",\"target\":[\"https:\/\/legacy.boit.cz\/de\/allgemeine-bedingungen-und-konditionen\/\"]}]},{\"@type\":\"BreadcrumbList\",\"@id\":\"https:\/\/legacy.boit.cz\/de\/allgemeine-bedingungen-und-konditionen\/#breadcrumb\",\"itemListElement\":[{\"@type\":\"ListItem\",\"position\":1,\"name\":\"Dom\u016f\",\"item\":\"https:\/\/legacy.boit.cz\/de\/boit-startseite-2023\/\"},{\"@type\":\"ListItem\",\"position\":2,\"name\":\"Allgemeine Bedingungen und Konditionen\"}]},{\"@type\":\"WebSite\",\"@id\":\"https:\/\/legacy.boit.cz\/de\/#website\",\"url\":\"https:\/\/legacy.boit.cz\/de\/\",\"name\":\"BOIT \u2013\u2060\u2060\u2060\u2060\u2060\u2060 Bezpe\u010dnost a ochrana IT\",\"description\":\"Zam\u011b\u0159ujeme se na vzd\u011bl\u00e1v\u00e1n\u00ed zam\u011bstnanc\u016f, OSINT, phishingov\u00e9 testy a testov\u00e1n\u00ed zranitelnost\u00ed webov\u00fdch aplikac\u00ed.\",\"publisher\":{\"@id\":\"https:\/\/legacy.boit.cz\/de\/#organization\"},\"potentialAction\":[{\"@type\":\"SearchAction\",\"target\":{\"@type\":\"EntryPoint\",\"urlTemplate\":\"https:\/\/legacy.boit.cz\/de\/?s={search_term_string}\"},\"query-input\":{\"@type\":\"PropertyValueSpecification\",\"valueRequired\":true,\"valueName\":\"search_term_string\"}}],\"inLanguage\":\"de\"},{\"@type\":\"Organization\",\"@id\":\"https:\/\/legacy.boit.cz\/de\/#organization\",\"name\":\"BOIT \u2013\u2060\u2060\u2060\u2060\u2060\u2060 Bezpe\u010dnost a ochrana IT\",\"url\":\"https:\/\/legacy.boit.cz\/de\/\",\"logo\":{\"@type\":\"ImageObject\",\"inLanguage\":\"de\",\"@id\":\"https:\/\/legacy.boit.cz\/de\/#\/schema\/logo\/image\/\",\"url\":\"https:\/\/legacy.boit.cz\/wp-content\/uploads\/2024\/01\/bm_boit_logo_rgb_color.png\",\"contentUrl\":\"https:\/\/legacy.boit.cz\/wp-content\/uploads\/2024\/01\/bm_boit_logo_rgb_color.png\",\"width\":561,\"height\":178,\"caption\":\"BOIT \u2013\u2060\u2060\u2060\u2060\u2060\u2060 Bezpe\u010dnost a ochrana IT\"},\"image\":{\"@id\":\"https:\/\/legacy.boit.cz\/de\/#\/schema\/logo\/image\/\"}}]}<\/script>\n<!-- \/ Yoast SEO plugin. -->","yoast_head_json":{"title":"Allgemeine Bedingungen und Konditionen - BOIT \u2013\u2060\u2060\u2060\u2060\u2060\u2060 Bezpe\u010dnost a ochrana IT","robots":{"index":"index","follow":"follow","max-snippet":"max-snippet:-1","max-image-preview":"max-image-preview:large","max-video-preview":"max-video-preview:-1"},"canonical":"https:\/\/legacy.boit.cz\/de\/allgemeine-bedingungen-und-konditionen\/","og_locale":"de_DE","og_type":"article","og_title":"Allgemeine Bedingungen und Konditionen - BOIT \u2013\u2060\u2060\u2060\u2060\u2060\u2060 Bezpe\u010dnost a ochrana IT","og_description":"Allgemeine Bedingungen und Konditionen G\u00fcltigkeit des Dokuments: ab 1.&nbsp;1.&nbsp;2025BOIT Cyber Security s.r.o., ID-Nr.: 17614261, MwSt.-Nr.: CZ17614261, mit Sitz in Korunn\u00ed 2569\/108, Prag 10, 101&nbsp;00, eingetragen im Handelsregister des Amtsgerichts Prag am 6. Oktober 2022, Abteilung C, Einlage 373905,Kontakt-E-Mail: info@legacy.boit.cz, Website: https:\/\/legacy.boit.cz Rechtlicher Hinweis: Dieses Dokument kann zu Informationszwecken in verschiedenen Sprachversionen verf\u00fcgbar sein. Die tschechische [&hellip;]","og_url":"https:\/\/legacy.boit.cz\/de\/allgemeine-bedingungen-und-konditionen\/","og_site_name":"BOIT \u2013\u2060\u2060\u2060\u2060\u2060\u2060 Bezpe\u010dnost a ochrana IT","article_modified_time":"2025-09-05T08:47:32+00:00","twitter_card":"summary_large_image","twitter_misc":{"Gesch\u00e4tzte Lesezeit":"5\u00a0Minuten"},"schema":{"@context":"https:\/\/schema.org","@graph":[{"@type":"WebPage","@id":"https:\/\/legacy.boit.cz\/de\/allgemeine-bedingungen-und-konditionen\/","url":"https:\/\/legacy.boit.cz\/de\/allgemeine-bedingungen-und-konditionen\/","name":"Allgemeine Bedingungen und Konditionen - BOIT \u2013\u2060\u2060\u2060\u2060\u2060\u2060 Bezpe\u010dnost a ochrana IT","isPartOf":{"@id":"https:\/\/legacy.boit.cz\/de\/#website"},"datePublished":"2025-08-18T16:11:00+00:00","dateModified":"2025-09-05T08:47:32+00:00","breadcrumb":{"@id":"https:\/\/legacy.boit.cz\/de\/allgemeine-bedingungen-und-konditionen\/#breadcrumb"},"inLanguage":"de","potentialAction":[{"@type":"ReadAction","target":["https:\/\/legacy.boit.cz\/de\/allgemeine-bedingungen-und-konditionen\/"]}]},{"@type":"BreadcrumbList","@id":"https:\/\/legacy.boit.cz\/de\/allgemeine-bedingungen-und-konditionen\/#breadcrumb","itemListElement":[{"@type":"ListItem","position":1,"name":"Dom\u016f","item":"https:\/\/legacy.boit.cz\/de\/boit-startseite-2023\/"},{"@type":"ListItem","position":2,"name":"Allgemeine Bedingungen und Konditionen"}]},{"@type":"WebSite","@id":"https:\/\/legacy.boit.cz\/de\/#website","url":"https:\/\/legacy.boit.cz\/de\/","name":"BOIT \u2013\u2060\u2060\u2060\u2060\u2060\u2060 Bezpe\u010dnost a ochrana IT","description":"Zam\u011b\u0159ujeme se na vzd\u011bl\u00e1v\u00e1n\u00ed zam\u011bstnanc\u016f, OSINT, phishingov\u00e9 testy a testov\u00e1n\u00ed zranitelnost\u00ed webov\u00fdch aplikac\u00ed.","publisher":{"@id":"https:\/\/legacy.boit.cz\/de\/#organization"},"potentialAction":[{"@type":"SearchAction","target":{"@type":"EntryPoint","urlTemplate":"https:\/\/legacy.boit.cz\/de\/?s={search_term_string}"},"query-input":{"@type":"PropertyValueSpecification","valueRequired":true,"valueName":"search_term_string"}}],"inLanguage":"de"},{"@type":"Organization","@id":"https:\/\/legacy.boit.cz\/de\/#organization","name":"BOIT \u2013\u2060\u2060\u2060\u2060\u2060\u2060 Bezpe\u010dnost a ochrana IT","url":"https:\/\/legacy.boit.cz\/de\/","logo":{"@type":"ImageObject","inLanguage":"de","@id":"https:\/\/legacy.boit.cz\/de\/#\/schema\/logo\/image\/","url":"https:\/\/legacy.boit.cz\/wp-content\/uploads\/2024\/01\/bm_boit_logo_rgb_color.png","contentUrl":"https:\/\/legacy.boit.cz\/wp-content\/uploads\/2024\/01\/bm_boit_logo_rgb_color.png","width":561,"height":178,"caption":"BOIT \u2013\u2060\u2060\u2060\u2060\u2060\u2060 Bezpe\u010dnost a ochrana IT"},"image":{"@id":"https:\/\/legacy.boit.cz\/de\/#\/schema\/logo\/image\/"}}]}},"_links":{"self":[{"href":"https:\/\/legacy.boit.cz\/de\/wp-json\/wp\/v2\/pages\/15434","targetHints":{"allow":["GET"]}}],"collection":[{"href":"https:\/\/legacy.boit.cz\/de\/wp-json\/wp\/v2\/pages"}],"about":[{"href":"https:\/\/legacy.boit.cz\/de\/wp-json\/wp\/v2\/types\/page"}],"author":[{"embeddable":true,"href":"https:\/\/legacy.boit.cz\/de\/wp-json\/wp\/v2\/users\/215"}],"replies":[{"embeddable":true,"href":"https:\/\/legacy.boit.cz\/de\/wp-json\/wp\/v2\/comments?post=15434"}],"version-history":[{"count":3,"href":"https:\/\/legacy.boit.cz\/de\/wp-json\/wp\/v2\/pages\/15434\/revisions"}],"predecessor-version":[{"id":15493,"href":"https:\/\/legacy.boit.cz\/de\/wp-json\/wp\/v2\/pages\/15434\/revisions\/15493"}],"wp:attachment":[{"href":"https:\/\/legacy.boit.cz\/de\/wp-json\/wp\/v2\/media?parent=15434"}],"curies":[{"name":"wp","href":"https:\/\/api.w.org\/{rel}","templated":true}]}}