{"id":12660,"date":"2024-04-09T08:30:08","date_gmt":"2024-04-09T08:30:08","guid":{"rendered":"https:\/\/legacy.boit.cz\/ethical-hacking-for-admins\/"},"modified":"2024-07-31T11:51:44","modified_gmt":"2024-07-31T11:51:44","slug":"ethical-hacking-for-admins","status":"publish","type":"page","link":"https:\/\/legacy.boit.cz\/en\/ethical-hacking-for-admins\/","title":{"rendered":"Ethical hacking for admins"},"content":{"rendered":"\t\t<div data-elementor-type=\"wp-page\" data-elementor-id=\"12660\" class=\"elementor elementor-12660 elementor-11014\" data-elementor-post-type=\"page\">\n\t\t\t\t\t\t<section data-particle_enable=\"false\" data-particle-mobile-disabled=\"false\" class=\"elementor-section elementor-top-section elementor-element elementor-element-408a9f7 ot-traditional elementor-section-boxed elementor-section-height-default elementor-section-height-default\" data-id=\"408a9f7\" data-element_type=\"section\">\n\t\t\t\t\t\t<div class=\"elementor-container elementor-column-gap-default\">\n\t\t\t\t\t<div class=\"elementor-column elementor-col-100 elementor-top-column elementor-element elementor-element-486d960 ot-flex-column-vertical\" data-id=\"486d960\" data-element_type=\"column\">\n\t\t\t<div class=\"elementor-widget-wrap elementor-element-populated\">\n\t\t\t\t\t\t<div class=\"elementor-element elementor-element-6eee375 elementor-widget elementor-widget-heading\" data-id=\"6eee375\" data-element_type=\"widget\" data-widget_type=\"heading.default\">\n\t\t\t\t<div class=\"elementor-widget-container\">\n\t\t\t\t\t<h1 class=\"elementor-heading-title elementor-size-default\">Ethical hacking for admins  <\/h1>\t\t\t\t<\/div>\n\t\t\t\t<\/div>\n\t\t\t\t\t<\/div>\n\t\t<\/div>\n\t\t\t\t\t<\/div>\n\t\t<\/section>\n\t\t\t\t<section data-particle_enable=\"false\" data-particle-mobile-disabled=\"false\" class=\"elementor-section elementor-top-section elementor-element elementor-element-4eee4e3 ot-traditional elementor-section-boxed elementor-section-height-default elementor-section-height-default\" data-id=\"4eee4e3\" data-element_type=\"section\">\n\t\t\t\t\t\t<div class=\"elementor-container elementor-column-gap-default\">\n\t\t\t\t\t<div class=\"elementor-column elementor-col-100 elementor-top-column elementor-element elementor-element-6640b3a ot-flex-column-vertical\" data-id=\"6640b3a\" data-element_type=\"column\">\n\t\t\t<div class=\"elementor-widget-wrap elementor-element-populated\">\n\t\t\t\t\t\t<div class=\"elementor-element elementor-element-165a4e8 elementor-widget elementor-widget-spacer\" data-id=\"165a4e8\" data-element_type=\"widget\" data-widget_type=\"spacer.default\">\n\t\t\t\t<div class=\"elementor-widget-container\">\n\t\t\t\t\t\t\t<div class=\"elementor-spacer\">\n\t\t\t<div class=\"elementor-spacer-inner\"><\/div>\n\t\t<\/div>\n\t\t\t\t\t\t<\/div>\n\t\t\t\t<\/div>\n\t\t\t\t\t<\/div>\n\t\t<\/div>\n\t\t\t\t\t<\/div>\n\t\t<\/section>\n\t\t\t\t<section data-particle_enable=\"false\" data-particle-mobile-disabled=\"false\" class=\"elementor-section elementor-top-section elementor-element elementor-element-e1ddf5b ot-traditional elementor-section-boxed elementor-section-height-default elementor-section-height-default\" data-id=\"e1ddf5b\" data-element_type=\"section\">\n\t\t\t\t\t\t<div class=\"elementor-container elementor-column-gap-default\">\n\t\t\t\t\t<div class=\"elementor-column elementor-col-100 elementor-top-column elementor-element elementor-element-edfcfe6 ot-flex-column-vertical\" data-id=\"edfcfe6\" data-element_type=\"column\">\n\t\t\t<div class=\"elementor-widget-wrap elementor-element-populated\">\n\t\t\t\t\t\t<div class=\"elementor-element elementor-element-c43db04 elementor-widget elementor-widget-text-editor\" data-id=\"c43db04\" data-element_type=\"widget\" data-widget_type=\"text-editor.default\">\n\t\t\t\t<div class=\"elementor-widget-container\">\n\t\t\t\t\t\t\t\t\t<p style=\"text-align: center;\">This unique tandem course is designed for 4 to 10 participants and will take the form of a&nbsp;two-day, hands-on workshop in a&nbsp;virtual MS Azure lab environment.<br \/>\nIt can be delivered both face-to-face and online. <\/p>\n\t\t\t\t\t\t\t\t<\/div>\n\t\t\t\t<\/div>\n\t\t\t\t\t<\/div>\n\t\t<\/div>\n\t\t\t\t\t<\/div>\n\t\t<\/section>\n\t\t\t\t<section data-particle_enable=\"false\" data-particle-mobile-disabled=\"false\" class=\"elementor-section elementor-top-section elementor-element elementor-element-860d424 ot-traditional elementor-section-boxed elementor-section-height-default elementor-section-height-default\" data-id=\"860d424\" data-element_type=\"section\">\n\t\t\t\t\t\t<div class=\"elementor-container elementor-column-gap-default\">\n\t\t\t\t\t<div class=\"elementor-column elementor-col-100 elementor-top-column elementor-element elementor-element-385e3c7 ot-flex-column-vertical\" data-id=\"385e3c7\" data-element_type=\"column\">\n\t\t\t<div class=\"elementor-widget-wrap elementor-element-populated\">\n\t\t\t\t\t\t<div class=\"elementor-element elementor-element-f2f5dd8 elementor-widget elementor-widget-spacer\" data-id=\"f2f5dd8\" data-element_type=\"widget\" data-widget_type=\"spacer.default\">\n\t\t\t\t<div class=\"elementor-widget-container\">\n\t\t\t\t\t\t\t<div class=\"elementor-spacer\">\n\t\t\t<div class=\"elementor-spacer-inner\"><\/div>\n\t\t<\/div>\n\t\t\t\t\t\t<\/div>\n\t\t\t\t<\/div>\n\t\t\t\t<div class=\"elementor-element elementor-element-a95aa84 elementor-widget elementor-widget-eael-content-timeline\" data-id=\"a95aa84\" data-element_type=\"widget\" data-widget_type=\"eael-content-timeline.default\">\n\t\t\t\t<div class=\"elementor-widget-container\">\n\t\t\t\t\t\t\t<div id=\"eael-content-timeline-a95aa84\" class=\"content-timeline-layout-center date-position- horizontal-timeline-wrapper\" data-slide_to_scroll=\"{&quot;desktop&quot;:1,&quot;mobile&quot;:1,&quot;tablet&quot;:1}\">\n\t\t\t<div class=\"eael-content-timeline-container\">\n\t\t\t\t<div class=\"eael-content-timeline-container\">\n\t\t\t\t\t\t\t\t\t\t\t\t\t\t\t\t\t\t\t\t\t\t\t<div class=\"eael-content-timeline-block\">\n    <div class=\"eael-content-timeline-line\">\n        <div class=\"eael-content-timeline-inner\"><\/div>\n    <\/div>\n    <div class=\"eael-content-timeline-img eael-picture \"><i class=\"fas fa-mail-bulk\"><\/i><\/div><div class=\"eael-content-timeline-content\"><h2 class=\"eael-timeline-title\">Day 1 - How to get into the company<\/h2><p class=\"x_MsoNormal\">- Introduction - Getting to know the lab environment and Kali Linux<\/p>\n<p class=\"x_MsoNormal\">- Mitre Att&amp;ck virtually<\/p>\n<p class=\"x_MsoNormal\">- Recon - Shodan, Censys, DnsDumpster, Mxtoolbox...<\/p>\n<p class=\"x_MsoNormal\">- OSINT - Maltego, Google dorking, metadata exfiltrace, Userrecon, Hunter.io<\/p>\n<p class=\"x_MsoNormal\">- Social engineering - phishing in practice, methods and tricks of attackers, vishing, quishing, smishing<\/p>\n<p class=\"x_MsoNormal\">- Physical redteaming - Picoducky, OM.G cable, Flipper zero, baiting - demonstration of real attacks<\/p>\n<p class=\"x_MsoNormal\">- Port scanning - nmap, Advanced IP Scanner, netcat, banners<\/p>\n<p class=\"x_MsoNormal\">- Gaining access - exploiting virtually, creating generated malware, controlling a&nbsp;remote PC<\/p>\n<span class=\"eael-date\">Day 1.\nPavel Mat\u011bj\u00ed\u010dek - CEH, IT safety evangelist, ex ESET, purple teamer, speaker at Cyber Days 2022 <\/span><\/div><\/div>\t\t\t\t\t\t\t\t\t\t\t\t\t\t\t\t\t\t<div class=\"eael-content-timeline-block\">\n    <div class=\"eael-content-timeline-line\">\n        <div class=\"eael-content-timeline-inner\"><\/div>\n    <\/div>\n    <div class=\"eael-content-timeline-img eael-picture \"><i class=\"far fa-id-badge\"><\/i><\/div><div class=\"eael-content-timeline-content\"><h2 class=\"eael-timeline-title\">Day 2 - Going to get a&nbsp;domain admin<\/h2><p class=\"x_MsoNormal\">- Introduction to Active Directory attack kill chain<\/p>\n<p class=\"x_MsoNormal\">- Enumeration and recon<\/p>\n<p class=\"x_MsoNormal\">- Local privilege escalation<\/p>\n<p class=\"x_MsoNormal\">- Lateral Movement<\/p>\n<p class=\"x_MsoNormal\">- Domain Privilege Escalation<\/p>\n<p class=\"x_MsoNormal\">- Domain persistence<\/p>\n<p class=\"x_MsoNormal\">\n<p class=\"x_MsoNormal\">Possibility of consultation with your realities, recommendation of practical measures.<\/p>\n<span class=\"eael-date\">Day 2.\nLubom\u00edr O\u0161mera - lecturer at Gopas, Microsoft Security trainer, consultant and red teamer, speaker at HackerFest 2023   <\/span><\/div><\/div>\t\t\t\t<\/div>\n\t\t\t<\/div>\n\t\t<\/div>\n\t\t\t\t\t<\/div>\n\t\t\t\t<\/div>\n\t\t\t\t\t<\/div>\n\t\t<\/div>\n\t\t\t\t\t<\/div>\n\t\t<\/section>\n\t\t\t\t<section data-particle_enable=\"false\" data-particle-mobile-disabled=\"false\" class=\"elementor-section elementor-top-section elementor-element elementor-element-6801b2c elementor-section-stretched kontakt ot-traditional elementor-section-boxed elementor-section-height-default elementor-section-height-default elementor-invisible\" data-id=\"6801b2c\" data-element_type=\"section\" data-settings=\"{&quot;stretch_section&quot;:&quot;section-stretched&quot;,&quot;shape_divider_top&quot;:&quot;triangle&quot;,&quot;background_background&quot;:&quot;classic&quot;,&quot;motion_fx_motion_fx_scrolling&quot;:&quot;yes&quot;,&quot;motion_fx_translateY_effect&quot;:&quot;yes&quot;,&quot;motion_fx_range&quot;:&quot;viewport&quot;,&quot;animation&quot;:&quot;zoomIn&quot;,&quot;motion_fx_translateY_speed&quot;:{&quot;unit&quot;:&quot;px&quot;,&quot;size&quot;:4,&quot;sizes&quot;:[]},&quot;motion_fx_translateY_affectedRange&quot;:{&quot;unit&quot;:&quot;%&quot;,&quot;size&quot;:&quot;&quot;,&quot;sizes&quot;:{&quot;start&quot;:0,&quot;end&quot;:100}},&quot;motion_fx_devices&quot;:[&quot;desktop&quot;,&quot;tablet&quot;,&quot;mobile&quot;]}\">\n\t\t\t\t\t<div class=\"elementor-shape elementor-shape-top\" aria-hidden=\"true\" data-negative=\"false\">\n\t\t\t<svg xmlns=\"http:\/\/www.w3.org\/2000\/svg\" viewBox=\"0 0 1000 100\" preserveAspectRatio=\"none\">\n\t<path class=\"elementor-shape-fill\" d=\"M500,98.9L0,6.1V0h1000v6.1L500,98.9z\"\/>\n<\/svg>\t\t<\/div>\n\t\t\t\t\t<div class=\"elementor-container elementor-column-gap-default\">\n\t\t\t\t\t<div class=\"elementor-column elementor-col-100 elementor-top-column elementor-element elementor-element-0ff5314 ot-flex-column-vertical\" data-id=\"0ff5314\" data-element_type=\"column\">\n\t\t\t<div class=\"elementor-widget-wrap elementor-element-populated\">\n\t\t\t\t\t\t<section data-particle_enable=\"false\" data-particle-mobile-disabled=\"false\" class=\"elementor-section elementor-inner-section elementor-element elementor-element-e5ecf90 ot-traditional elementor-section-boxed elementor-section-height-default elementor-section-height-default\" data-id=\"e5ecf90\" data-element_type=\"section\" id=\"poptavka\">\n\t\t\t\t\t\t<div class=\"elementor-container elementor-column-gap-default\">\n\t\t\t\t\t<div class=\"elementor-column elementor-col-100 elementor-inner-column elementor-element elementor-element-e6e0f61 ot-flex-column-vertical\" data-id=\"e6e0f61\" data-element_type=\"column\">\n\t\t\t<div class=\"elementor-widget-wrap elementor-element-populated\">\n\t\t\t\t\t\t<div class=\"elementor-element elementor-element-70603ae podnadpis elementor-widget elementor-widget-text-editor\" data-id=\"70603ae\" data-element_type=\"widget\" data-widget_type=\"text-editor.default\">\n\t\t\t\t<div class=\"elementor-widget-container\">\n\t\t\t\t\t\t\t\t\t<h2>Interested in training?<\/h2>\n\t\t\t\t\t\t\t\t<\/div>\n\t\t\t\t<\/div>\n\t\t\t\t<div class=\"elementor-element elementor-element-ee6b511 elementor-widget elementor-widget-spacer\" data-id=\"ee6b511\" data-element_type=\"widget\" data-widget_type=\"spacer.default\">\n\t\t\t\t<div class=\"elementor-widget-container\">\n\t\t\t\t\t\t\t<div class=\"elementor-spacer\">\n\t\t\t<div class=\"elementor-spacer-inner\"><\/div>\n\t\t<\/div>\n\t\t\t\t\t\t<\/div>\n\t\t\t\t<\/div>\n\t\t\t\t<div class=\"elementor-element elementor-element-24c935b eael-contact-form-7-button-align-left eael-contact-form-7-button-custom elementor-widget elementor-widget-eael-contact-form-7\" data-id=\"24c935b\" data-element_type=\"widget\" data-widget_type=\"eael-contact-form-7.default\">\n\t\t\t\t<div class=\"elementor-widget-container\">\n\t\t\t\t\t<div class=\"eael-contact-form-7-wrapper\">\n                <div class=\"eael-contact-form eael-contact-form-7 eael-contact-form-24c935b placeholder-show eael-contact-form-align-default\"><div class=\"eael-contact-form-7-heading\"><\/div>\n<div class=\"wpcf7 no-js\" id=\"wpcf7-f12697-o1\" lang=\"en-US\" dir=\"ltr\" data-wpcf7-id=\"12697\">\n<div class=\"screen-reader-response\"><p role=\"status\" aria-live=\"polite\" aria-atomic=\"true\"><\/p> <ul><\/ul><\/div>\n<form action=\"\/en\/wp-json\/wp\/v2\/pages\/12660#wpcf7-f12697-o1\" method=\"post\" class=\"wpcf7-form init\" aria-label=\"Contact form\" novalidate=\"novalidate\" data-status=\"init\">\n<fieldset class=\"hidden-fields-container\"><input type=\"hidden\" name=\"_wpcf7\" value=\"12697\" \/><input type=\"hidden\" name=\"_wpcf7_version\" value=\"6.1\" \/><input type=\"hidden\" name=\"_wpcf7_locale\" value=\"en_US\" \/><input type=\"hidden\" name=\"_wpcf7_unit_tag\" value=\"wpcf7-f12697-o1\" \/><input type=\"hidden\" name=\"_wpcf7_container_post\" value=\"0\" \/><input type=\"hidden\" name=\"_wpcf7_posted_data_hash\" value=\"\" \/><input type=\"hidden\" name=\"_wpcf7_recaptcha_response\" value=\"\" \/>\n<\/fieldset>\n<div class=\"wpcf7-2024\">\n\t<div class=\"row\">\n\n <!--Grid column-->\n\t\t<div class=\"col-md-12 mb-md-1 mb-5\">\n <!--Grid row-->\n\t\t\t<div class=\"row\">\n\n <!--Grid column-->\n\t\t\t\t<div class=\"col-md-6\">\n\t\t\t\t\t<div class=\"md-form mb-2\">\n\t\t\t\t\t\t<p><label>Your name<\/label><span class=\"wpcf7-form-control-wrap\" data-name=\"your-name\"><input size=\"40\" maxlength=\"400\" class=\"wpcf7-form-control wpcf7-text wpcf7-validates-as-required\" autocomplete=\"name\" aria-required=\"true\" aria-invalid=\"false\" value=\"\" type=\"text\" name=\"your-name\" \/><\/span>\n\t\t\t\t\t\t<\/p>\n\t\t\t\t\t<\/div>\n\t\t\t\t<\/div>\n <!--Grid column-->\n\n <!--Grid column-->\n\t\t\t\t<div class=\"col-md-6\">\n\t\t\t\t\t<div class=\"md-form mb-2\">\n\t\t\t\t\t\t<p><label>Company<\/label><span class=\"wpcf7-form-control-wrap\" data-name=\"your-company\"><input size=\"40\" maxlength=\"400\" class=\"wpcf7-form-control wpcf7-text\" aria-invalid=\"false\" value=\"\" type=\"text\" name=\"your-company\" \/><\/span>\n\t\t\t\t\t\t<\/p>\n\t\t\t\t\t<\/div>\n\t\t\t\t<\/div>\n <!--Grid column-->\n\t\t\t<\/div>\n <!--Grid row-->\n\n <!--Grid row-->\n\t\t\t<div class=\"row\">\n\t\t\t\t<div class=\"col-md-6\">\n\t\t\t\t\t<div class=\"md-form mb-2\">\n\t\t\t\t\t\t<p><label>Your e-mail<\/label><span class=\"wpcf7-form-control-wrap\" data-name=\"your-email\"><input size=\"40\" maxlength=\"400\" class=\"wpcf7-form-control wpcf7-email wpcf7-validates-as-required wpcf7-text wpcf7-validates-as-email\" autocomplete=\"email\" aria-required=\"true\" aria-invalid=\"false\" value=\"\" type=\"email\" name=\"your-email\" \/><\/span>\n\t\t\t\t\t\t<\/p>\n\t\t\t\t\t<\/div>\n\t\t\t\t<\/div>\n\t\t\t\t<div class=\"col-md-6\">\n\t\t\t\t\t<div class=\"md-form mb-2\">\n\t\t\t\t\t\t<p><label>Your phone<\/label><span class=\"wpcf7-form-control-wrap\" data-name=\"your-tel\"><input size=\"40\" maxlength=\"400\" class=\"wpcf7-form-control wpcf7-tel wpcf7-text wpcf7-validates-as-tel\" aria-invalid=\"false\" value=\"\" type=\"tel\" name=\"your-tel\" \/><\/span>\n\t\t\t\t\t\t<\/p>\n\t\t\t\t\t<\/div>\n\t\t\t\t<\/div>\n\t\t\t<\/div>\n <!--Grid row-->\n\n <!--Grid row-->\n\t\t\t<div class=\"row\">\n\n <!--Grid column-->\n\t\t\t\t<div class=\"col-md-12\">\n\t\t\t\t\t<div class=\"md-form\">\n\t\t\t\t\t\t<p><label>Your message<\/label><span class=\"wpcf7-form-control-wrap\" data-name=\"your-message\"><textarea cols=\"40\" rows=\"10\" maxlength=\"2000\" class=\"wpcf7-form-control wpcf7-textarea wpcf7-validates-as-required\" aria-required=\"true\" aria-invalid=\"false\" name=\"your-message\"><\/textarea><\/span>\n\t\t\t\t\t\t<\/p>\n\t\t\t\t\t<\/div>\n\t\t\t\t<\/div>\n\t\t\t<\/div>\n <!--Grid row-->\n\t\t\t<div class=\"text-center center\">\n\t\t\t\t<p><input class=\"wpcf7-form-control wpcf7-submit has-spinner\" type=\"submit\" value=\"\u2709 Send inquiry\" \/>\n\t\t\t\t<\/p>\n\t\t\t\t<p>By submitting the form, you acknowledge the <a href=\"https:\/\/legacy.boit.cz\/zasady-ochrany-osobnich-udaju\/\">personal data processing policy<\/a>.\n\t\t\t\t<\/p>\n\t\t\t<\/div>\n\t\t<\/div>\n <!--Grid column-->\n\t<\/div>\n<\/div><div class=\"wpcf7-response-output\" aria-hidden=\"true\"><\/div>\n<\/form>\n<\/div>\n<\/div>\n            <\/div>\t\t\t\t<\/div>\n\t\t\t\t<\/div>\n\t\t\t\t\t<\/div>\n\t\t<\/div>\n\t\t\t\t\t<\/div>\n\t\t<\/section>\n\t\t\t\t\t<\/div>\n\t\t<\/div>\n\t\t\t\t\t<\/div>\n\t\t<\/section>\n\t\t\t\t<\/div>\n\t\t","protected":false},"excerpt":{"rendered":"<p>Ethical hacking for admins This unique tandem course is designed for 4 to 10 participants and will take the form of a&nbsp;two-day, hands-on workshop in a&nbsp;virtual MS Azure lab environment. It can be delivered both face-to-face and online. Day 1 &#8211; How to get into the company &#8211; Introduction &#8211; Getting to know the lab [&hellip;]<\/p>\n","protected":false},"author":2,"featured_media":0,"parent":0,"menu_order":0,"comment_status":"closed","ping_status":"closed","template":"","meta":{"footnotes":""},"class_list":["post-12660","page","type-page","status-publish","hentry"],"yoast_head":"<!-- This site is optimized with the Yoast SEO plugin v25.4 - https:\/\/yoast.com\/wordpress\/plugins\/seo\/ -->\n<title>Ethical hacking for admins - BOIT | Bezpe\u010dnost a ochrana IT<\/title>\n<meta name=\"robots\" content=\"index, follow, max-snippet:-1, max-image-preview:large, max-video-preview:-1\" \/>\n<link rel=\"canonical\" href=\"https:\/\/legacy.boit.cz\/en\/ethical-hacking-for-admins\/\" \/>\n<meta property=\"og:locale\" content=\"en_US\" \/>\n<meta property=\"og:type\" content=\"article\" \/>\n<meta property=\"og:title\" content=\"Ethical hacking for admins - BOIT | Bezpe\u010dnost a ochrana IT\" \/>\n<meta property=\"og:description\" content=\"Ethical hacking for admins This unique tandem course is designed for 4 to 10 participants and will take the form of a&nbsp;two-day, hands-on workshop in a&nbsp;virtual MS Azure lab environment. It can be delivered both face-to-face and online. Day 1 &#8211; How to get into the company &#8211; Introduction &#8211; Getting to know the lab [&hellip;]\" \/>\n<meta property=\"og:url\" content=\"https:\/\/legacy.boit.cz\/en\/ethical-hacking-for-admins\/\" \/>\n<meta property=\"og:site_name\" content=\"BOIT | Bezpe\u010dnost a ochrana IT\" \/>\n<meta property=\"article:modified_time\" content=\"2024-07-31T11:51:44+00:00\" \/>\n<meta name=\"twitter:card\" content=\"summary_large_image\" \/>\n<meta name=\"twitter:label1\" content=\"Est. reading time\" \/>\n\t<meta name=\"twitter:data1\" content=\"1 minute\" \/>\n<script type=\"application\/ld+json\" class=\"yoast-schema-graph\">{\"@context\":\"https:\/\/schema.org\",\"@graph\":[{\"@type\":\"WebPage\",\"@id\":\"https:\/\/legacy.boit.cz\/en\/ethical-hacking-for-admins\/\",\"url\":\"https:\/\/legacy.boit.cz\/en\/ethical-hacking-for-admins\/\",\"name\":\"Ethical hacking for admins - BOIT | Bezpe\u010dnost a ochrana IT\",\"isPartOf\":{\"@id\":\"https:\/\/legacy.boit.cz\/en\/#website\"},\"datePublished\":\"2024-04-09T08:30:08+00:00\",\"dateModified\":\"2024-07-31T11:51:44+00:00\",\"breadcrumb\":{\"@id\":\"https:\/\/legacy.boit.cz\/en\/ethical-hacking-for-admins\/#breadcrumb\"},\"inLanguage\":\"en-US\",\"potentialAction\":[{\"@type\":\"ReadAction\",\"target\":[\"https:\/\/legacy.boit.cz\/en\/ethical-hacking-for-admins\/\"]}]},{\"@type\":\"BreadcrumbList\",\"@id\":\"https:\/\/legacy.boit.cz\/en\/ethical-hacking-for-admins\/#breadcrumb\",\"itemListElement\":[{\"@type\":\"ListItem\",\"position\":1,\"name\":\"Dom\u016f\",\"item\":\"https:\/\/legacy.boit.cz\/en\/\"},{\"@type\":\"ListItem\",\"position\":2,\"name\":\"Ethical hacking for admins\"}]},{\"@type\":\"WebSite\",\"@id\":\"https:\/\/legacy.boit.cz\/en\/#website\",\"url\":\"https:\/\/legacy.boit.cz\/en\/\",\"name\":\"BOIT | Bezpe\u010dnost a ochrana IT\",\"description\":\"Everything for cyber security in one place\",\"publisher\":{\"@id\":\"https:\/\/legacy.boit.cz\/en\/#organization\"},\"potentialAction\":[{\"@type\":\"SearchAction\",\"target\":{\"@type\":\"EntryPoint\",\"urlTemplate\":\"https:\/\/legacy.boit.cz\/en\/?s={search_term_string}\"},\"query-input\":{\"@type\":\"PropertyValueSpecification\",\"valueRequired\":true,\"valueName\":\"search_term_string\"}}],\"inLanguage\":\"en-US\"},{\"@type\":\"Organization\",\"@id\":\"https:\/\/legacy.boit.cz\/en\/#organization\",\"name\":\"BOIT | Bezpe\u010dnost a ochrana IT\",\"url\":\"https:\/\/legacy.boit.cz\/en\/\",\"logo\":{\"@type\":\"ImageObject\",\"inLanguage\":\"en-US\",\"@id\":\"https:\/\/legacy.boit.cz\/en\/#\/schema\/logo\/image\/\",\"url\":\"https:\/\/legacy.boit.cz\/wp-content\/uploads\/2024\/01\/bm_boit_logo_rgb_color.png\",\"contentUrl\":\"https:\/\/legacy.boit.cz\/wp-content\/uploads\/2024\/01\/bm_boit_logo_rgb_color.png\",\"width\":561,\"height\":178,\"caption\":\"BOIT | Bezpe\u010dnost a ochrana IT\"},\"image\":{\"@id\":\"https:\/\/legacy.boit.cz\/en\/#\/schema\/logo\/image\/\"}}]}<\/script>\n<!-- \/ Yoast SEO plugin. -->","yoast_head_json":{"title":"Ethical hacking for admins - BOIT | Bezpe\u010dnost a ochrana IT","robots":{"index":"index","follow":"follow","max-snippet":"max-snippet:-1","max-image-preview":"max-image-preview:large","max-video-preview":"max-video-preview:-1"},"canonical":"https:\/\/legacy.boit.cz\/en\/ethical-hacking-for-admins\/","og_locale":"en_US","og_type":"article","og_title":"Ethical hacking for admins - BOIT | Bezpe\u010dnost a ochrana IT","og_description":"Ethical hacking for admins This unique tandem course is designed for 4 to 10 participants and will take the form of a&nbsp;two-day, hands-on workshop in a&nbsp;virtual MS Azure lab environment. It can be delivered both face-to-face and online. Day 1 &#8211; How to get into the company &#8211; Introduction &#8211; Getting to know the lab [&hellip;]","og_url":"https:\/\/legacy.boit.cz\/en\/ethical-hacking-for-admins\/","og_site_name":"BOIT | Bezpe\u010dnost a ochrana IT","article_modified_time":"2024-07-31T11:51:44+00:00","twitter_card":"summary_large_image","twitter_misc":{"Est. reading time":"1 minute"},"schema":{"@context":"https:\/\/schema.org","@graph":[{"@type":"WebPage","@id":"https:\/\/legacy.boit.cz\/en\/ethical-hacking-for-admins\/","url":"https:\/\/legacy.boit.cz\/en\/ethical-hacking-for-admins\/","name":"Ethical hacking for admins - BOIT | Bezpe\u010dnost a ochrana IT","isPartOf":{"@id":"https:\/\/legacy.boit.cz\/en\/#website"},"datePublished":"2024-04-09T08:30:08+00:00","dateModified":"2024-07-31T11:51:44+00:00","breadcrumb":{"@id":"https:\/\/legacy.boit.cz\/en\/ethical-hacking-for-admins\/#breadcrumb"},"inLanguage":"en-US","potentialAction":[{"@type":"ReadAction","target":["https:\/\/legacy.boit.cz\/en\/ethical-hacking-for-admins\/"]}]},{"@type":"BreadcrumbList","@id":"https:\/\/legacy.boit.cz\/en\/ethical-hacking-for-admins\/#breadcrumb","itemListElement":[{"@type":"ListItem","position":1,"name":"Dom\u016f","item":"https:\/\/legacy.boit.cz\/en\/"},{"@type":"ListItem","position":2,"name":"Ethical hacking for admins"}]},{"@type":"WebSite","@id":"https:\/\/legacy.boit.cz\/en\/#website","url":"https:\/\/legacy.boit.cz\/en\/","name":"BOIT | Bezpe\u010dnost a ochrana IT","description":"Everything for cyber security in one place","publisher":{"@id":"https:\/\/legacy.boit.cz\/en\/#organization"},"potentialAction":[{"@type":"SearchAction","target":{"@type":"EntryPoint","urlTemplate":"https:\/\/legacy.boit.cz\/en\/?s={search_term_string}"},"query-input":{"@type":"PropertyValueSpecification","valueRequired":true,"valueName":"search_term_string"}}],"inLanguage":"en-US"},{"@type":"Organization","@id":"https:\/\/legacy.boit.cz\/en\/#organization","name":"BOIT | Bezpe\u010dnost a ochrana IT","url":"https:\/\/legacy.boit.cz\/en\/","logo":{"@type":"ImageObject","inLanguage":"en-US","@id":"https:\/\/legacy.boit.cz\/en\/#\/schema\/logo\/image\/","url":"https:\/\/legacy.boit.cz\/wp-content\/uploads\/2024\/01\/bm_boit_logo_rgb_color.png","contentUrl":"https:\/\/legacy.boit.cz\/wp-content\/uploads\/2024\/01\/bm_boit_logo_rgb_color.png","width":561,"height":178,"caption":"BOIT | Bezpe\u010dnost a ochrana IT"},"image":{"@id":"https:\/\/legacy.boit.cz\/en\/#\/schema\/logo\/image\/"}}]}},"_links":{"self":[{"href":"https:\/\/legacy.boit.cz\/en\/wp-json\/wp\/v2\/pages\/12660","targetHints":{"allow":["GET"]}}],"collection":[{"href":"https:\/\/legacy.boit.cz\/en\/wp-json\/wp\/v2\/pages"}],"about":[{"href":"https:\/\/legacy.boit.cz\/en\/wp-json\/wp\/v2\/types\/page"}],"author":[{"embeddable":true,"href":"https:\/\/legacy.boit.cz\/en\/wp-json\/wp\/v2\/users\/2"}],"replies":[{"embeddable":true,"href":"https:\/\/legacy.boit.cz\/en\/wp-json\/wp\/v2\/comments?post=12660"}],"version-history":[{"count":2,"href":"https:\/\/legacy.boit.cz\/en\/wp-json\/wp\/v2\/pages\/12660\/revisions"}],"predecessor-version":[{"id":12679,"href":"https:\/\/legacy.boit.cz\/en\/wp-json\/wp\/v2\/pages\/12660\/revisions\/12679"}],"wp:attachment":[{"href":"https:\/\/legacy.boit.cz\/en\/wp-json\/wp\/v2\/media?parent=12660"}],"curies":[{"name":"wp","href":"https:\/\/api.w.org\/{rel}","templated":true}]}}