{"id":13779,"date":"2024-10-28T06:54:37","date_gmt":"2024-10-28T06:54:37","guid":{"rendered":"https:\/\/legacy.boit.cz\/for-media\/"},"modified":"2025-07-25T08:47:19","modified_gmt":"2025-07-25T08:47:19","slug":"for-media","status":"publish","type":"page","link":"https:\/\/legacy.boit.cz\/en\/for-media\/","title":{"rendered":"For media"},"content":{"rendered":"\t\t<div data-elementor-type=\"wp-page\" data-elementor-id=\"13779\" class=\"elementor elementor-13779 elementor-13765\" data-elementor-post-type=\"page\">\n\t\t\t\t<div data-particle_enable=\"false\" data-particle-mobile-disabled=\"false\" class=\"elementor-element elementor-element-74d4fe0 e-flex e-con-boxed e-con e-parent\" data-id=\"74d4fe0\" data-element_type=\"container\">\n\t\t\t\t\t<div class=\"e-con-inner\">\n\t\t\t\t<div class=\"elementor-element elementor-element-e5362fb elementor-widget elementor-widget-heading\" data-id=\"e5362fb\" data-element_type=\"widget\" data-widget_type=\"heading.default\">\n\t\t\t\t<div class=\"elementor-widget-container\">\n\t\t\t\t\t<h1 class=\"elementor-heading-title elementor-size-default\">Media materials<\/h1>\t\t\t\t<\/div>\n\t\t\t\t<\/div>\n\t\t\t\t\t<\/div>\n\t\t\t\t<\/div>\n\t\t<div data-particle_enable=\"false\" data-particle-mobile-disabled=\"false\" class=\"elementor-element elementor-element-9a07f6e e-flex e-con-boxed e-con e-parent\" data-id=\"9a07f6e\" data-element_type=\"container\">\n\t\t\t\t\t<div class=\"e-con-inner\">\n\t\t\t\t<div class=\"elementor-element elementor-element-9280291 elementor-widget elementor-widget-ipost_grid\" data-id=\"9280291\" data-element_type=\"widget\" data-widget_type=\"ipost_grid.default\">\n\t\t\t\t<div class=\"elementor-widget-container\">\n\t\t\t\t\t\r\n\t\t<div class=\"post-grid pgrid row \">\r\n\t\t\t \r\n\t\t\t\t<div class=\"pgrid-box\">\r\n\t\t\t\t<article class=\"post-box blog-item\">\r\n\t\t\t\t\t<div class=\"post-inner\">\r\n\t\t\t\t\t\t\t\t\t\t\t\t\t\t\t\t\t\t\t\r\n\t\t\t\t\t\t\t<div class=\"entry-media\">\r\n\t\t\t\t\t        \t<div class=\"post-cat\"><span class=\"posted-in\"><a href=\"https:\/\/legacy.boit.cz\/en\/magazin\/press-releases\/\" rel=\"category tag\">Press releases<\/a><\/span><\/div>\t\t\t\t\t        <\/div>\r\n\r\n\t\t\t\t\t    \r\n\t\t\t\t\t\t<div class=\"inner-post\">\r\n\t\t\t\t\t\t\t<div class=\"entry-header\">\r\n\r\n\t\t\t\t\t\t\t\t\t\t\t\t\t\t\t\t<div class=\"entry-meta\">\r\n\t\t\t\t\t\t\t\t\t<span class=\"posted-on\">_ <a href=\"https:\/\/legacy.boit.cz\/en\/from-retraining-to-working-in-cybersecurity-its-not-science-fiction-for-our-graduates\/\" rel=\"bookmark\"><time class=\"entry-date published\" datetime=\"2025-06-12T18:58:57+00:00\">12. June 2025<\/time><\/a><\/span><span class=\"byline\">_ <a class=\"url fn n\" href=\"https:\/\/legacy.boit.cz\/en\/author\/verca\/\">Veronika Veinlichov\u00e1<\/a><\/span><span class=\"comment-num\">_ <a href=\"https:\/\/legacy.boit.cz\/en\/from-retraining-to-working-in-cybersecurity-its-not-science-fiction-for-our-graduates\/#respond\">0 Comments<\/a><\/span>\t\t\t\t\t\t\t\t<\/div><!-- .entry-meta -->\r\n\t\t\t\t\t\t\t\t\r\n\t\t\t\t\t\t\t\t<h3 class=\"entry-title\"><a href=\"https:\/\/legacy.boit.cz\/en\/from-retraining-to-working-in-cybersecurity-its-not-science-fiction-for-our-graduates\/\" rel=\"bookmark\">From retraining to working in cybersecurity? It&#8217;s&nbsp;not science fiction for our graduates<\/a><\/h3>\r\n\t\t\t\t\t\t\t<\/div><!-- .entry-header -->\r\n\t\t\t\t\t\t\t\r\n\t\t\t\t\t\t\t\t\t\t\t\t\t\t<div class=\"btn-readmore\">\r\n\t\t\t\t\t\t\t\t<a href=\"https:\/\/legacy.boit.cz\/en\/from-retraining-to-working-in-cybersecurity-its-not-science-fiction-for-our-graduates\/\"><i class=\"flaticon-right-arrow-1\"><\/i>Pokra\u010dovat ve \u010dten\u00ed\u2026<\/a>\t\t\t\t\t\t\t<\/div>\r\n\t\t\t\t\t\t<\/div>\r\n\t\t\t\t\t<\/div>\r\n\t\t\t\t<\/article>\r\n\t\t\t\t<\/div>\r\n\t\t\t \r\n\t\t\t\t<div class=\"pgrid-box\">\r\n\t\t\t\t<article class=\"post-box blog-item\">\r\n\t\t\t\t\t<div class=\"post-inner\">\r\n\t\t\t\t\t\t\t\t\t\t\t\t\r\n\t\t\t\t\t        <div class=\"entry-media\">\r\n\t\t\t\t\t        \t<div class=\"post-cat\"><span class=\"posted-in\"><a href=\"https:\/\/legacy.boit.cz\/en\/magazin\/press-releases\/\" rel=\"category tag\">Press releases<\/a><\/span><\/div>\t\t\t\t\t            <a href=\"https:\/\/legacy.boit.cz\/en\/alarming-results-of-phishing-tests-in-czech-companies-and-institutions-cybersecurity-is-seriously-compromised\/\">\r\n\t\t\t\t\t                <img fetchpriority=\"high\" decoding=\"async\" width=\"476\" height=\"320\" src=\"https:\/\/legacy.boit.cz\/wp-content\/uploads\/2024\/10\/Obr.1.png\" class=\"attachment-engitech-slider-post-thumbnail size-engitech-slider-post-thumbnail wp-post-image\" alt=\"Phishing_nahled\" srcset=\"https:\/\/legacy.boit.cz\/wp-content\/uploads\/2024\/10\/Obr.1.png 476w, https:\/\/legacy.boit.cz\/wp-content\/uploads\/2024\/10\/Obr.1-300x202.png 300w\" sizes=\"(max-width: 476px) 100vw, 476px\" \/>\t\t\t\t\t            <\/a>\r\n\t\t\t\t\t        <\/div>\r\n\t\t\t\t\t        \r\n\t\t\t\t\t    \r\n\t\t\t\t\t\t<div class=\"inner-post\">\r\n\t\t\t\t\t\t\t<div class=\"entry-header\">\r\n\r\n\t\t\t\t\t\t\t\t\t\t\t\t\t\t\t\t<div class=\"entry-meta\">\r\n\t\t\t\t\t\t\t\t\t<span class=\"posted-on\">_ <a href=\"https:\/\/legacy.boit.cz\/en\/alarming-results-of-phishing-tests-in-czech-companies-and-institutions-cybersecurity-is-seriously-compromised\/\" rel=\"bookmark\"><time class=\"entry-date published\" datetime=\"2024-10-28T06:53:51+00:00\">28. October 2024<\/time><\/a><\/span><span class=\"byline\">_ <a class=\"url fn n\" href=\"https:\/\/legacy.boit.cz\/en\/author\/verca\/\">Veronika Veinlichov\u00e1<\/a><\/span><span class=\"comment-num\">_ <a href=\"https:\/\/legacy.boit.cz\/en\/alarming-results-of-phishing-tests-in-czech-companies-and-institutions-cybersecurity-is-seriously-compromised\/#respond\">0 Comments<\/a><\/span>\t\t\t\t\t\t\t\t<\/div><!-- .entry-meta -->\r\n\t\t\t\t\t\t\t\t\r\n\t\t\t\t\t\t\t\t<h3 class=\"entry-title\"><a href=\"https:\/\/legacy.boit.cz\/en\/alarming-results-of-phishing-tests-in-czech-companies-and-institutions-cybersecurity-is-seriously-compromised\/\" rel=\"bookmark\">Alarming results of phishing tests in Czech companies and institutions: cybersecurity is seriously compromised<\/a><\/h3>\r\n\t\t\t\t\t\t\t<\/div><!-- .entry-header -->\r\n\t\t\t\t\t\t\t\r\n\t\t\t\t\t\t\t\t\t\t\t\t\t\t<div class=\"btn-readmore\">\r\n\t\t\t\t\t\t\t\t<a href=\"https:\/\/legacy.boit.cz\/en\/alarming-results-of-phishing-tests-in-czech-companies-and-institutions-cybersecurity-is-seriously-compromised\/\"><i class=\"flaticon-right-arrow-1\"><\/i>Pokra\u010dovat ve \u010dten\u00ed\u2026<\/a>\t\t\t\t\t\t\t<\/div>\r\n\t\t\t\t\t\t<\/div>\r\n\t\t\t\t\t<\/div>\r\n\t\t\t\t<\/article>\r\n\t\t\t\t<\/div>\r\n\t\t\t\t    <\/div>\r\n\t\t\t\t\t\t<\/div>\n\t\t\t\t<\/div>\n\t\t\t\t\t<\/div>\n\t\t\t\t<\/div>\n\t\t\t\t<\/div>\n\t\t","protected":false},"excerpt":{"rendered":"<p>Media materials Tla\u010dov\u00e9 spr\u00e1vy _ 12.&nbsp;j\u00fana 2025 Od rekvalifik\u00e1cie k&nbsp;pr\u00e1ci v&nbsp;oblasti kybernetickej bezpe\u010dnosti? Pre na\u0161ich absolventov to nie je sci-fi Pokra\u010dovat ve \u010dten\u00ed\u2026 Tla\u010dov\u00e9 spr\u00e1vy _ 28.&nbsp;okt\u00f3bra 2024 Alarmuj\u00face v\u00fdsledky phishingov\u00fdch testov v&nbsp;\u010desk\u00fdch firm\u00e1ch a&nbsp;in\u0161tit\u00faci\u00e1ch: kybernetick\u00e1 bezpe\u010dnos\u0165 je v\u00e1\u017ene ohrozen\u00e1 Pokra\u010dovat ve \u010dten\u00ed\u2026<\/p>\n","protected":false},"author":215,"featured_media":0,"parent":0,"menu_order":0,"comment_status":"closed","ping_status":"closed","template":"","meta":{"footnotes":""},"class_list":["post-13779","page","type-page","status-publish","hentry"],"yoast_head":"<!-- This site is optimized with the Yoast SEO plugin v25.4 - https:\/\/yoast.com\/wordpress\/plugins\/seo\/ -->\n<title>For media - BOIT | Bezpe\u010dnost a ochrana IT<\/title>\n<meta name=\"description\" content=\"Everything the media should know about BOIT - press releases, statistics, data. Anything missing? Let us know, we&#039;ll tell you more.\" \/>\n<meta name=\"robots\" content=\"index, follow, max-snippet:-1, max-image-preview:large, max-video-preview:-1\" \/>\n<link rel=\"canonical\" href=\"https:\/\/legacy.boit.cz\/en\/for-media\/\" \/>\n<meta property=\"og:locale\" content=\"en_US\" \/>\n<meta property=\"og:type\" content=\"article\" \/>\n<meta property=\"og:title\" content=\"For media - BOIT | Bezpe\u010dnost a ochrana IT\" \/>\n<meta property=\"og:description\" content=\"Everything the media should know about BOIT - press releases, statistics, data. Anything missing? Let us know, we&#039;ll tell you more.\" \/>\n<meta property=\"og:url\" content=\"https:\/\/legacy.boit.cz\/en\/for-media\/\" \/>\n<meta property=\"og:site_name\" content=\"BOIT | Bezpe\u010dnost a ochrana IT\" \/>\n<meta property=\"article:modified_time\" content=\"2025-07-25T08:47:19+00:00\" \/>\n<meta property=\"og:image\" content=\"https:\/\/legacy.boit.cz\/wp-content\/uploads\/2024\/10\/Obr.1.png\" \/>\n<meta name=\"twitter:card\" content=\"summary_large_image\" \/>\n<script type=\"application\/ld+json\" class=\"yoast-schema-graph\">{\"@context\":\"https:\/\/schema.org\",\"@graph\":[{\"@type\":\"WebPage\",\"@id\":\"https:\/\/legacy.boit.cz\/en\/for-media\/\",\"url\":\"https:\/\/legacy.boit.cz\/en\/for-media\/\",\"name\":\"For media - BOIT | Bezpe\u010dnost a ochrana IT\",\"isPartOf\":{\"@id\":\"https:\/\/legacy.boit.cz\/en\/#website\"},\"primaryImageOfPage\":{\"@id\":\"https:\/\/legacy.boit.cz\/en\/for-media\/#primaryimage\"},\"image\":{\"@id\":\"https:\/\/legacy.boit.cz\/en\/for-media\/#primaryimage\"},\"thumbnailUrl\":\"https:\/\/legacy.boit.cz\/wp-content\/uploads\/2024\/10\/Obr.1.png\",\"datePublished\":\"2024-10-28T06:54:37+00:00\",\"dateModified\":\"2025-07-25T08:47:19+00:00\",\"description\":\"Everything the media should know about BOIT - press releases, statistics, data. Anything missing? Let us know, we'll tell you more.\",\"breadcrumb\":{\"@id\":\"https:\/\/legacy.boit.cz\/en\/for-media\/#breadcrumb\"},\"inLanguage\":\"en-US\",\"potentialAction\":[{\"@type\":\"ReadAction\",\"target\":[\"https:\/\/legacy.boit.cz\/en\/for-media\/\"]}]},{\"@type\":\"ImageObject\",\"inLanguage\":\"en-US\",\"@id\":\"https:\/\/legacy.boit.cz\/en\/for-media\/#primaryimage\",\"url\":\"https:\/\/legacy.boit.cz\/wp-content\/uploads\/2024\/10\/Obr.1.png\",\"contentUrl\":\"https:\/\/legacy.boit.cz\/wp-content\/uploads\/2024\/10\/Obr.1.png\"},{\"@type\":\"BreadcrumbList\",\"@id\":\"https:\/\/legacy.boit.cz\/en\/for-media\/#breadcrumb\",\"itemListElement\":[{\"@type\":\"ListItem\",\"position\":1,\"name\":\"Dom\u016f\",\"item\":\"https:\/\/legacy.boit.cz\/en\/\"},{\"@type\":\"ListItem\",\"position\":2,\"name\":\"For media\"}]},{\"@type\":\"WebSite\",\"@id\":\"https:\/\/legacy.boit.cz\/en\/#website\",\"url\":\"https:\/\/legacy.boit.cz\/en\/\",\"name\":\"BOIT | Bezpe\u010dnost a ochrana IT\",\"description\":\"Everything for cyber security in one place\",\"publisher\":{\"@id\":\"https:\/\/legacy.boit.cz\/en\/#organization\"},\"potentialAction\":[{\"@type\":\"SearchAction\",\"target\":{\"@type\":\"EntryPoint\",\"urlTemplate\":\"https:\/\/legacy.boit.cz\/en\/?s={search_term_string}\"},\"query-input\":{\"@type\":\"PropertyValueSpecification\",\"valueRequired\":true,\"valueName\":\"search_term_string\"}}],\"inLanguage\":\"en-US\"},{\"@type\":\"Organization\",\"@id\":\"https:\/\/legacy.boit.cz\/en\/#organization\",\"name\":\"BOIT | Bezpe\u010dnost a ochrana IT\",\"url\":\"https:\/\/legacy.boit.cz\/en\/\",\"logo\":{\"@type\":\"ImageObject\",\"inLanguage\":\"en-US\",\"@id\":\"https:\/\/legacy.boit.cz\/en\/#\/schema\/logo\/image\/\",\"url\":\"https:\/\/legacy.boit.cz\/wp-content\/uploads\/2024\/01\/bm_boit_logo_rgb_color.png\",\"contentUrl\":\"https:\/\/legacy.boit.cz\/wp-content\/uploads\/2024\/01\/bm_boit_logo_rgb_color.png\",\"width\":561,\"height\":178,\"caption\":\"BOIT | Bezpe\u010dnost a ochrana IT\"},\"image\":{\"@id\":\"https:\/\/legacy.boit.cz\/en\/#\/schema\/logo\/image\/\"}}]}<\/script>\n<!-- \/ Yoast SEO plugin. -->","yoast_head_json":{"title":"For media - BOIT | Bezpe\u010dnost a ochrana IT","description":"Everything the media should know about BOIT - press releases, statistics, data. Anything missing? Let us know, we'll tell you more.","robots":{"index":"index","follow":"follow","max-snippet":"max-snippet:-1","max-image-preview":"max-image-preview:large","max-video-preview":"max-video-preview:-1"},"canonical":"https:\/\/legacy.boit.cz\/en\/for-media\/","og_locale":"en_US","og_type":"article","og_title":"For media - BOIT | Bezpe\u010dnost a ochrana IT","og_description":"Everything the media should know about BOIT - press releases, statistics, data. Anything missing? Let us know, we'll tell you more.","og_url":"https:\/\/legacy.boit.cz\/en\/for-media\/","og_site_name":"BOIT | Bezpe\u010dnost a ochrana IT","article_modified_time":"2025-07-25T08:47:19+00:00","og_image":[{"url":"https:\/\/legacy.boit.cz\/wp-content\/uploads\/2024\/10\/Obr.1.png","type":"","width":"","height":""}],"twitter_card":"summary_large_image","schema":{"@context":"https:\/\/schema.org","@graph":[{"@type":"WebPage","@id":"https:\/\/legacy.boit.cz\/en\/for-media\/","url":"https:\/\/legacy.boit.cz\/en\/for-media\/","name":"For media - BOIT | Bezpe\u010dnost a ochrana IT","isPartOf":{"@id":"https:\/\/legacy.boit.cz\/en\/#website"},"primaryImageOfPage":{"@id":"https:\/\/legacy.boit.cz\/en\/for-media\/#primaryimage"},"image":{"@id":"https:\/\/legacy.boit.cz\/en\/for-media\/#primaryimage"},"thumbnailUrl":"https:\/\/legacy.boit.cz\/wp-content\/uploads\/2024\/10\/Obr.1.png","datePublished":"2024-10-28T06:54:37+00:00","dateModified":"2025-07-25T08:47:19+00:00","description":"Everything the media should know about BOIT - press releases, statistics, data. Anything missing? Let us know, we'll tell you more.","breadcrumb":{"@id":"https:\/\/legacy.boit.cz\/en\/for-media\/#breadcrumb"},"inLanguage":"en-US","potentialAction":[{"@type":"ReadAction","target":["https:\/\/legacy.boit.cz\/en\/for-media\/"]}]},{"@type":"ImageObject","inLanguage":"en-US","@id":"https:\/\/legacy.boit.cz\/en\/for-media\/#primaryimage","url":"https:\/\/legacy.boit.cz\/wp-content\/uploads\/2024\/10\/Obr.1.png","contentUrl":"https:\/\/legacy.boit.cz\/wp-content\/uploads\/2024\/10\/Obr.1.png"},{"@type":"BreadcrumbList","@id":"https:\/\/legacy.boit.cz\/en\/for-media\/#breadcrumb","itemListElement":[{"@type":"ListItem","position":1,"name":"Dom\u016f","item":"https:\/\/legacy.boit.cz\/en\/"},{"@type":"ListItem","position":2,"name":"For media"}]},{"@type":"WebSite","@id":"https:\/\/legacy.boit.cz\/en\/#website","url":"https:\/\/legacy.boit.cz\/en\/","name":"BOIT | Bezpe\u010dnost a ochrana IT","description":"Everything for cyber security in one place","publisher":{"@id":"https:\/\/legacy.boit.cz\/en\/#organization"},"potentialAction":[{"@type":"SearchAction","target":{"@type":"EntryPoint","urlTemplate":"https:\/\/legacy.boit.cz\/en\/?s={search_term_string}"},"query-input":{"@type":"PropertyValueSpecification","valueRequired":true,"valueName":"search_term_string"}}],"inLanguage":"en-US"},{"@type":"Organization","@id":"https:\/\/legacy.boit.cz\/en\/#organization","name":"BOIT | Bezpe\u010dnost a ochrana IT","url":"https:\/\/legacy.boit.cz\/en\/","logo":{"@type":"ImageObject","inLanguage":"en-US","@id":"https:\/\/legacy.boit.cz\/en\/#\/schema\/logo\/image\/","url":"https:\/\/legacy.boit.cz\/wp-content\/uploads\/2024\/01\/bm_boit_logo_rgb_color.png","contentUrl":"https:\/\/legacy.boit.cz\/wp-content\/uploads\/2024\/01\/bm_boit_logo_rgb_color.png","width":561,"height":178,"caption":"BOIT | Bezpe\u010dnost a ochrana IT"},"image":{"@id":"https:\/\/legacy.boit.cz\/en\/#\/schema\/logo\/image\/"}}]}},"_links":{"self":[{"href":"https:\/\/legacy.boit.cz\/en\/wp-json\/wp\/v2\/pages\/13779","targetHints":{"allow":["GET"]}}],"collection":[{"href":"https:\/\/legacy.boit.cz\/en\/wp-json\/wp\/v2\/pages"}],"about":[{"href":"https:\/\/legacy.boit.cz\/en\/wp-json\/wp\/v2\/types\/page"}],"author":[{"embeddable":true,"href":"https:\/\/legacy.boit.cz\/en\/wp-json\/wp\/v2\/users\/215"}],"replies":[{"embeddable":true,"href":"https:\/\/legacy.boit.cz\/en\/wp-json\/wp\/v2\/comments?post=13779"}],"version-history":[{"count":2,"href":"https:\/\/legacy.boit.cz\/en\/wp-json\/wp\/v2\/pages\/13779\/revisions"}],"predecessor-version":[{"id":15369,"href":"https:\/\/legacy.boit.cz\/en\/wp-json\/wp\/v2\/pages\/13779\/revisions\/15369"}],"wp:attachment":[{"href":"https:\/\/legacy.boit.cz\/en\/wp-json\/wp\/v2\/media?parent=13779"}],"curies":[{"name":"wp","href":"https:\/\/api.w.org\/{rel}","templated":true}]}}