{"id":14377,"date":"2024-10-28T06:54:37","date_gmt":"2024-10-28T06:54:37","guid":{"rendered":"https:\/\/legacy.boit.cz\/pre-media\/"},"modified":"2025-07-25T08:57:25","modified_gmt":"2025-07-25T08:57:25","slug":"pre-media","status":"publish","type":"page","link":"https:\/\/legacy.boit.cz\/sk\/pre-media\/","title":{"rendered":"Pre m\u00e9di\u00e1"},"content":{"rendered":"\t\t<div data-elementor-type=\"wp-page\" data-elementor-id=\"14377\" class=\"elementor elementor-14377 elementor-13765\" data-elementor-post-type=\"page\">\n\t\t\t\t<div data-particle_enable=\"false\" data-particle-mobile-disabled=\"false\" class=\"elementor-element elementor-element-74d4fe0 e-flex e-con-boxed e-con e-parent\" data-id=\"74d4fe0\" data-element_type=\"container\">\n\t\t\t\t\t<div class=\"e-con-inner\">\n\t\t\t\t<div class=\"elementor-element elementor-element-e5362fb elementor-widget elementor-widget-heading\" data-id=\"e5362fb\" data-element_type=\"widget\" data-widget_type=\"heading.default\">\n\t\t\t\t<div class=\"elementor-widget-container\">\n\t\t\t\t\t<h1 class=\"elementor-heading-title elementor-size-default\">Medi\u00e1lne materi\u00e1ly<\/h1>\t\t\t\t<\/div>\n\t\t\t\t<\/div>\n\t\t\t\t\t<\/div>\n\t\t\t\t<\/div>\n\t\t<div data-particle_enable=\"false\" data-particle-mobile-disabled=\"false\" class=\"elementor-element elementor-element-9a07f6e e-flex e-con-boxed e-con e-parent\" data-id=\"9a07f6e\" data-element_type=\"container\">\n\t\t\t\t\t<div class=\"e-con-inner\">\n\t\t\t\t<div class=\"elementor-element elementor-element-9280291 elementor-widget elementor-widget-ipost_grid\" data-id=\"9280291\" data-element_type=\"widget\" data-widget_type=\"ipost_grid.default\">\n\t\t\t\t<div class=\"elementor-widget-container\">\n\t\t\t\t\t\r\n\t\t<div class=\"post-grid pgrid row \">\r\n\t\t\t \r\n\t\t\t\t<div class=\"pgrid-box\">\r\n\t\t\t\t<article class=\"post-box blog-item\">\r\n\t\t\t\t\t<div class=\"post-inner\">\r\n\t\t\t\t\t\t\t\t\t\t\t\t\t\t\t\t\t\t\t\r\n\t\t\t\t\t\t\t<div class=\"entry-media\">\r\n\t\t\t\t\t        \t<div class=\"post-cat\"><span class=\"posted-in\"><a href=\"https:\/\/legacy.boit.cz\/sk\/magazin\/tlacove-spravy\/\" rel=\"category tag\">Tla\u010dov\u00e9 spr\u00e1vy<\/a><\/span><\/div>\t\t\t\t\t        <\/div>\r\n\r\n\t\t\t\t\t    \r\n\t\t\t\t\t\t<div class=\"inner-post\">\r\n\t\t\t\t\t\t\t<div class=\"entry-header\">\r\n\r\n\t\t\t\t\t\t\t\t\t\t\t\t\t\t\t\t<div class=\"entry-meta\">\r\n\t\t\t\t\t\t\t\t\t<span class=\"posted-on\">_ <a href=\"https:\/\/legacy.boit.cz\/sk\/od-rekvalifikacie-k-praci-v-oblasti-kybernetickej-bezpecnosti-pre-nasich-absolventov-to-nie-je-sci-fi\/\" rel=\"bookmark\"><time class=\"entry-date published\" datetime=\"2025-06-12T18:58:57+00:00\">12.&nbsp;j\u00fana 2025<\/time><\/a><\/span><span class=\"byline\">_ <a class=\"url fn n\" href=\"https:\/\/legacy.boit.cz\/sk\/author\/verca\/\">Veronika Veinlichov\u00e1<\/a><\/span><span class=\"comment-num\">_ <a href=\"https:\/\/legacy.boit.cz\/sk\/od-rekvalifikacie-k-praci-v-oblasti-kybernetickej-bezpecnosti-pre-nasich-absolventov-to-nie-je-sci-fi\/#respond\">0 Comments<\/a><\/span>\t\t\t\t\t\t\t\t<\/div><!-- .entry-meta -->\r\n\t\t\t\t\t\t\t\t\r\n\t\t\t\t\t\t\t\t<h3 class=\"entry-title\"><a href=\"https:\/\/legacy.boit.cz\/sk\/od-rekvalifikacie-k-praci-v-oblasti-kybernetickej-bezpecnosti-pre-nasich-absolventov-to-nie-je-sci-fi\/\" rel=\"bookmark\">Od rekvalifik\u00e1cie k&nbsp;pr\u00e1ci v&nbsp;oblasti kybernetickej bezpe\u010dnosti? Pre na\u0161ich absolventov to nie je sci-fi<\/a><\/h3>\r\n\t\t\t\t\t\t\t<\/div><!-- .entry-header -->\r\n\t\t\t\t\t\t\t\r\n\t\t\t\t\t\t\t\t\t\t\t\t\t\t<div class=\"btn-readmore\">\r\n\t\t\t\t\t\t\t\t<a href=\"https:\/\/legacy.boit.cz\/sk\/od-rekvalifikacie-k-praci-v-oblasti-kybernetickej-bezpecnosti-pre-nasich-absolventov-to-nie-je-sci-fi\/\"><i class=\"flaticon-right-arrow-1\"><\/i>Pokra\u010dovat ve \u010dten\u00ed\u2026<\/a>\t\t\t\t\t\t\t<\/div>\r\n\t\t\t\t\t\t<\/div>\r\n\t\t\t\t\t<\/div>\r\n\t\t\t\t<\/article>\r\n\t\t\t\t<\/div>\r\n\t\t\t \r\n\t\t\t\t<div class=\"pgrid-box\">\r\n\t\t\t\t<article class=\"post-box blog-item\">\r\n\t\t\t\t\t<div class=\"post-inner\">\r\n\t\t\t\t\t\t\t\t\t\t\t\t\r\n\t\t\t\t\t        <div class=\"entry-media\">\r\n\t\t\t\t\t        \t<div class=\"post-cat\"><span class=\"posted-in\"><a href=\"https:\/\/legacy.boit.cz\/sk\/magazin\/tlacove-spravy\/\" rel=\"category tag\">Tla\u010dov\u00e9 spr\u00e1vy<\/a><\/span><\/div>\t\t\t\t\t            <a href=\"https:\/\/legacy.boit.cz\/sk\/alarmujuce-vysledky-phishingovych-testov-v-ceskych-firmach-a-instituciach-kyberneticka-bezpecnost-je-vazne-ohrozena\/\">\r\n\t\t\t\t\t                <img fetchpriority=\"high\" decoding=\"async\" width=\"476\" height=\"320\" src=\"https:\/\/legacy.boit.cz\/wp-content\/uploads\/2024\/10\/Obr.1.png\" class=\"attachment-engitech-slider-post-thumbnail size-engitech-slider-post-thumbnail wp-post-image\" alt=\"\" srcset=\"https:\/\/legacy.boit.cz\/wp-content\/uploads\/2024\/10\/Obr.1.png 476w, https:\/\/legacy.boit.cz\/wp-content\/uploads\/2024\/10\/Obr.1-300x202.png 300w\" sizes=\"(max-width: 476px) 100vw, 476px\" \/>\t\t\t\t\t            <\/a>\r\n\t\t\t\t\t        <\/div>\r\n\t\t\t\t\t        \r\n\t\t\t\t\t    \r\n\t\t\t\t\t\t<div class=\"inner-post\">\r\n\t\t\t\t\t\t\t<div class=\"entry-header\">\r\n\r\n\t\t\t\t\t\t\t\t\t\t\t\t\t\t\t\t<div class=\"entry-meta\">\r\n\t\t\t\t\t\t\t\t\t<span class=\"posted-on\">_ <a href=\"https:\/\/legacy.boit.cz\/sk\/alarmujuce-vysledky-phishingovych-testov-v-ceskych-firmach-a-instituciach-kyberneticka-bezpecnost-je-vazne-ohrozena\/\" rel=\"bookmark\"><time class=\"entry-date published\" datetime=\"2024-10-28T06:53:51+00:00\">28.&nbsp;okt\u00f3bra 2024<\/time><\/a><\/span><span class=\"byline\">_ <a class=\"url fn n\" href=\"https:\/\/legacy.boit.cz\/sk\/author\/verca\/\">Veronika Veinlichov\u00e1<\/a><\/span><span class=\"comment-num\">_ <a href=\"https:\/\/legacy.boit.cz\/sk\/alarmujuce-vysledky-phishingovych-testov-v-ceskych-firmach-a-instituciach-kyberneticka-bezpecnost-je-vazne-ohrozena\/#respond\">0 Comments<\/a><\/span>\t\t\t\t\t\t\t\t<\/div><!-- .entry-meta -->\r\n\t\t\t\t\t\t\t\t\r\n\t\t\t\t\t\t\t\t<h3 class=\"entry-title\"><a href=\"https:\/\/legacy.boit.cz\/sk\/alarmujuce-vysledky-phishingovych-testov-v-ceskych-firmach-a-instituciach-kyberneticka-bezpecnost-je-vazne-ohrozena\/\" rel=\"bookmark\">Alarmuj\u00face v\u00fdsledky phishingov\u00fdch testov v&nbsp;\u010desk\u00fdch firm\u00e1ch a&nbsp;in\u0161tit\u00faci\u00e1ch: kybernetick\u00e1 bezpe\u010dnos\u0165 je v\u00e1\u017ene ohrozen\u00e1<\/a><\/h3>\r\n\t\t\t\t\t\t\t<\/div><!-- .entry-header -->\r\n\t\t\t\t\t\t\t\r\n\t\t\t\t\t\t\t\t\t\t\t\t\t\t<div class=\"btn-readmore\">\r\n\t\t\t\t\t\t\t\t<a href=\"https:\/\/legacy.boit.cz\/sk\/alarmujuce-vysledky-phishingovych-testov-v-ceskych-firmach-a-instituciach-kyberneticka-bezpecnost-je-vazne-ohrozena\/\"><i class=\"flaticon-right-arrow-1\"><\/i>Pokra\u010dovat ve \u010dten\u00ed\u2026<\/a>\t\t\t\t\t\t\t<\/div>\r\n\t\t\t\t\t\t<\/div>\r\n\t\t\t\t\t<\/div>\r\n\t\t\t\t<\/article>\r\n\t\t\t\t<\/div>\r\n\t\t\t\t    <\/div>\r\n\t\t\t\t\t\t<\/div>\n\t\t\t\t<\/div>\n\t\t\t\t\t<\/div>\n\t\t\t\t<\/div>\n\t\t\t\t<\/div>\n\t\t","protected":false},"excerpt":{"rendered":"<p>Medi\u00e1lne materi\u00e1ly Tla\u010dov\u00e9 spr\u00e1vy _ 12.&nbsp;j\u00fana 2025 Od rekvalifik\u00e1cie k&nbsp;pr\u00e1ci v&nbsp;oblasti kybernetickej bezpe\u010dnosti? Pre na\u0161ich absolventov to nie je sci-fi Pokra\u010dovat ve \u010dten\u00ed\u2026 Tla\u010dov\u00e9 spr\u00e1vy _ 28.&nbsp;okt\u00f3bra 2024 Alarmuj\u00face v\u00fdsledky phishingov\u00fdch testov v&nbsp;\u010desk\u00fdch firm\u00e1ch a&nbsp;in\u0161tit\u00faci\u00e1ch: kybernetick\u00e1 bezpe\u010dnos\u0165 je v\u00e1\u017ene ohrozen\u00e1 Pokra\u010dovat ve \u010dten\u00ed\u2026<\/p>\n","protected":false},"author":215,"featured_media":0,"parent":0,"menu_order":0,"comment_status":"closed","ping_status":"closed","template":"","meta":{"footnotes":""},"class_list":["post-14377","page","type-page","status-publish","hentry"],"yoast_head":"<!-- This site is optimized with the Yoast SEO plugin v25.4 - https:\/\/yoast.com\/wordpress\/plugins\/seo\/ -->\n<title>Pre m\u00e9di\u00e1 - BOIT \u2013\u2060\u2060\u2060\u2060\u2060\u2060 Bezpe\u010dnost a ochrana IT<\/title>\n<meta name=\"description\" content=\"V\u0161etko, \u010do by m\u00e9di\u00e1 mali vedie\u0165 o BOIT - tla\u010dov\u00e9 spr\u00e1vy, \u0161tatistiky, \u00fadaje. Ch\u00fdba v\u00e1m nie\u010do? Dajte n\u00e1m vedie\u0165, povieme v\u00e1m viac.\" \/>\n<meta name=\"robots\" content=\"index, follow, max-snippet:-1, max-image-preview:large, max-video-preview:-1\" \/>\n<link rel=\"canonical\" href=\"https:\/\/legacy.boit.cz\/sk\/pre-media\/\" \/>\n<meta property=\"og:locale\" content=\"sk_SK\" \/>\n<meta property=\"og:type\" content=\"article\" \/>\n<meta property=\"og:title\" content=\"Pre m\u00e9di\u00e1 - BOIT \u2013\u2060\u2060\u2060\u2060\u2060\u2060 Bezpe\u010dnost a ochrana IT\" \/>\n<meta property=\"og:description\" content=\"V\u0161etko, \u010do by m\u00e9di\u00e1 mali vedie\u0165 o BOIT - tla\u010dov\u00e9 spr\u00e1vy, \u0161tatistiky, \u00fadaje. Ch\u00fdba v\u00e1m nie\u010do? Dajte n\u00e1m vedie\u0165, povieme v\u00e1m viac.\" \/>\n<meta property=\"og:url\" content=\"https:\/\/legacy.boit.cz\/sk\/pre-media\/\" \/>\n<meta property=\"og:site_name\" content=\"BOIT \u2013\u2060\u2060\u2060\u2060\u2060\u2060 Bezpe\u010dnost a ochrana IT\" \/>\n<meta property=\"article:modified_time\" content=\"2025-07-25T08:57:25+00:00\" \/>\n<meta property=\"og:image\" content=\"https:\/\/legacy.boit.cz\/wp-content\/uploads\/2024\/10\/Obr.1.png\" \/>\n<meta name=\"twitter:card\" content=\"summary_large_image\" \/>\n<script type=\"application\/ld+json\" class=\"yoast-schema-graph\">{\"@context\":\"https:\/\/schema.org\",\"@graph\":[{\"@type\":\"WebPage\",\"@id\":\"https:\/\/legacy.boit.cz\/sk\/pre-media\/\",\"url\":\"https:\/\/legacy.boit.cz\/sk\/pre-media\/\",\"name\":\"Pre m\u00e9di\u00e1 - BOIT \u2013\u2060\u2060\u2060\u2060\u2060\u2060 Bezpe\u010dnost a ochrana IT\",\"isPartOf\":{\"@id\":\"https:\/\/legacy.boit.cz\/sk\/#website\"},\"primaryImageOfPage\":{\"@id\":\"https:\/\/legacy.boit.cz\/sk\/pre-media\/#primaryimage\"},\"image\":{\"@id\":\"https:\/\/legacy.boit.cz\/sk\/pre-media\/#primaryimage\"},\"thumbnailUrl\":\"https:\/\/legacy.boit.cz\/wp-content\/uploads\/2024\/10\/Obr.1.png\",\"datePublished\":\"2024-10-28T06:54:37+00:00\",\"dateModified\":\"2025-07-25T08:57:25+00:00\",\"description\":\"V\u0161etko, \u010do by m\u00e9di\u00e1 mali vedie\u0165 o BOIT - tla\u010dov\u00e9 spr\u00e1vy, \u0161tatistiky, \u00fadaje. Ch\u00fdba v\u00e1m nie\u010do? Dajte n\u00e1m vedie\u0165, povieme v\u00e1m viac.\",\"breadcrumb\":{\"@id\":\"https:\/\/legacy.boit.cz\/sk\/pre-media\/#breadcrumb\"},\"inLanguage\":\"sk-SK\",\"potentialAction\":[{\"@type\":\"ReadAction\",\"target\":[\"https:\/\/legacy.boit.cz\/sk\/pre-media\/\"]}]},{\"@type\":\"ImageObject\",\"inLanguage\":\"sk-SK\",\"@id\":\"https:\/\/legacy.boit.cz\/sk\/pre-media\/#primaryimage\",\"url\":\"https:\/\/legacy.boit.cz\/wp-content\/uploads\/2024\/10\/Obr.1.png\",\"contentUrl\":\"https:\/\/legacy.boit.cz\/wp-content\/uploads\/2024\/10\/Obr.1.png\"},{\"@type\":\"BreadcrumbList\",\"@id\":\"https:\/\/legacy.boit.cz\/sk\/pre-media\/#breadcrumb\",\"itemListElement\":[{\"@type\":\"ListItem\",\"position\":1,\"name\":\"Dom\u016f\",\"item\":\"https:\/\/legacy.boit.cz\/sk\/boit-domovska-stranka-2023\/\"},{\"@type\":\"ListItem\",\"position\":2,\"name\":\"Pre m\u00e9di\u00e1\"}]},{\"@type\":\"WebSite\",\"@id\":\"https:\/\/legacy.boit.cz\/sk\/#website\",\"url\":\"https:\/\/legacy.boit.cz\/sk\/\",\"name\":\"BOIT \u2013\u2060\u2060\u2060\u2060\u2060\u2060 Bezpe\u010dnost a ochrana IT\",\"description\":\"Zam\u011b\u0159ujeme se na vzd\u011bl\u00e1v\u00e1n\u00ed zam\u011bstnanc\u016f, OSINT, phishingov\u00e9 testy a testov\u00e1n\u00ed zranitelnost\u00ed webov\u00fdch aplikac\u00ed.\",\"publisher\":{\"@id\":\"https:\/\/legacy.boit.cz\/sk\/#organization\"},\"potentialAction\":[{\"@type\":\"SearchAction\",\"target\":{\"@type\":\"EntryPoint\",\"urlTemplate\":\"https:\/\/legacy.boit.cz\/sk\/?s={search_term_string}\"},\"query-input\":{\"@type\":\"PropertyValueSpecification\",\"valueRequired\":true,\"valueName\":\"search_term_string\"}}],\"inLanguage\":\"sk-SK\"},{\"@type\":\"Organization\",\"@id\":\"https:\/\/legacy.boit.cz\/sk\/#organization\",\"name\":\"BOIT \u2013\u2060\u2060\u2060\u2060\u2060\u2060 Bezpe\u010dnost a ochrana IT\",\"url\":\"https:\/\/legacy.boit.cz\/sk\/\",\"logo\":{\"@type\":\"ImageObject\",\"inLanguage\":\"sk-SK\",\"@id\":\"https:\/\/legacy.boit.cz\/sk\/#\/schema\/logo\/image\/\",\"url\":\"https:\/\/legacy.boit.cz\/wp-content\/uploads\/2024\/01\/bm_boit_logo_rgb_color.png\",\"contentUrl\":\"https:\/\/legacy.boit.cz\/wp-content\/uploads\/2024\/01\/bm_boit_logo_rgb_color.png\",\"width\":561,\"height\":178,\"caption\":\"BOIT \u2013\u2060\u2060\u2060\u2060\u2060\u2060 Bezpe\u010dnost a ochrana IT\"},\"image\":{\"@id\":\"https:\/\/legacy.boit.cz\/sk\/#\/schema\/logo\/image\/\"}}]}<\/script>\n<!-- \/ Yoast SEO plugin. -->","yoast_head_json":{"title":"Pre m\u00e9di\u00e1 - BOIT \u2013\u2060\u2060\u2060\u2060\u2060\u2060 Bezpe\u010dnost a ochrana IT","description":"V\u0161etko, \u010do by m\u00e9di\u00e1 mali vedie\u0165 o BOIT - tla\u010dov\u00e9 spr\u00e1vy, \u0161tatistiky, \u00fadaje. Ch\u00fdba v\u00e1m nie\u010do? Dajte n\u00e1m vedie\u0165, povieme v\u00e1m viac.","robots":{"index":"index","follow":"follow","max-snippet":"max-snippet:-1","max-image-preview":"max-image-preview:large","max-video-preview":"max-video-preview:-1"},"canonical":"https:\/\/legacy.boit.cz\/sk\/pre-media\/","og_locale":"sk_SK","og_type":"article","og_title":"Pre m\u00e9di\u00e1 - BOIT \u2013\u2060\u2060\u2060\u2060\u2060\u2060 Bezpe\u010dnost a ochrana IT","og_description":"V\u0161etko, \u010do by m\u00e9di\u00e1 mali vedie\u0165 o BOIT - tla\u010dov\u00e9 spr\u00e1vy, \u0161tatistiky, \u00fadaje. Ch\u00fdba v\u00e1m nie\u010do? Dajte n\u00e1m vedie\u0165, povieme v\u00e1m viac.","og_url":"https:\/\/legacy.boit.cz\/sk\/pre-media\/","og_site_name":"BOIT \u2013\u2060\u2060\u2060\u2060\u2060\u2060 Bezpe\u010dnost a ochrana IT","article_modified_time":"2025-07-25T08:57:25+00:00","og_image":[{"url":"https:\/\/legacy.boit.cz\/wp-content\/uploads\/2024\/10\/Obr.1.png","type":"","width":"","height":""}],"twitter_card":"summary_large_image","schema":{"@context":"https:\/\/schema.org","@graph":[{"@type":"WebPage","@id":"https:\/\/legacy.boit.cz\/sk\/pre-media\/","url":"https:\/\/legacy.boit.cz\/sk\/pre-media\/","name":"Pre m\u00e9di\u00e1 - BOIT \u2013\u2060\u2060\u2060\u2060\u2060\u2060 Bezpe\u010dnost a ochrana IT","isPartOf":{"@id":"https:\/\/legacy.boit.cz\/sk\/#website"},"primaryImageOfPage":{"@id":"https:\/\/legacy.boit.cz\/sk\/pre-media\/#primaryimage"},"image":{"@id":"https:\/\/legacy.boit.cz\/sk\/pre-media\/#primaryimage"},"thumbnailUrl":"https:\/\/legacy.boit.cz\/wp-content\/uploads\/2024\/10\/Obr.1.png","datePublished":"2024-10-28T06:54:37+00:00","dateModified":"2025-07-25T08:57:25+00:00","description":"V\u0161etko, \u010do by m\u00e9di\u00e1 mali vedie\u0165 o BOIT - tla\u010dov\u00e9 spr\u00e1vy, \u0161tatistiky, \u00fadaje. Ch\u00fdba v\u00e1m nie\u010do? Dajte n\u00e1m vedie\u0165, povieme v\u00e1m viac.","breadcrumb":{"@id":"https:\/\/legacy.boit.cz\/sk\/pre-media\/#breadcrumb"},"inLanguage":"sk-SK","potentialAction":[{"@type":"ReadAction","target":["https:\/\/legacy.boit.cz\/sk\/pre-media\/"]}]},{"@type":"ImageObject","inLanguage":"sk-SK","@id":"https:\/\/legacy.boit.cz\/sk\/pre-media\/#primaryimage","url":"https:\/\/legacy.boit.cz\/wp-content\/uploads\/2024\/10\/Obr.1.png","contentUrl":"https:\/\/legacy.boit.cz\/wp-content\/uploads\/2024\/10\/Obr.1.png"},{"@type":"BreadcrumbList","@id":"https:\/\/legacy.boit.cz\/sk\/pre-media\/#breadcrumb","itemListElement":[{"@type":"ListItem","position":1,"name":"Dom\u016f","item":"https:\/\/legacy.boit.cz\/sk\/boit-domovska-stranka-2023\/"},{"@type":"ListItem","position":2,"name":"Pre m\u00e9di\u00e1"}]},{"@type":"WebSite","@id":"https:\/\/legacy.boit.cz\/sk\/#website","url":"https:\/\/legacy.boit.cz\/sk\/","name":"BOIT \u2013\u2060\u2060\u2060\u2060\u2060\u2060 Bezpe\u010dnost a ochrana IT","description":"Zam\u011b\u0159ujeme se na vzd\u011bl\u00e1v\u00e1n\u00ed zam\u011bstnanc\u016f, OSINT, phishingov\u00e9 testy a testov\u00e1n\u00ed zranitelnost\u00ed webov\u00fdch aplikac\u00ed.","publisher":{"@id":"https:\/\/legacy.boit.cz\/sk\/#organization"},"potentialAction":[{"@type":"SearchAction","target":{"@type":"EntryPoint","urlTemplate":"https:\/\/legacy.boit.cz\/sk\/?s={search_term_string}"},"query-input":{"@type":"PropertyValueSpecification","valueRequired":true,"valueName":"search_term_string"}}],"inLanguage":"sk-SK"},{"@type":"Organization","@id":"https:\/\/legacy.boit.cz\/sk\/#organization","name":"BOIT \u2013\u2060\u2060\u2060\u2060\u2060\u2060 Bezpe\u010dnost a ochrana IT","url":"https:\/\/legacy.boit.cz\/sk\/","logo":{"@type":"ImageObject","inLanguage":"sk-SK","@id":"https:\/\/legacy.boit.cz\/sk\/#\/schema\/logo\/image\/","url":"https:\/\/legacy.boit.cz\/wp-content\/uploads\/2024\/01\/bm_boit_logo_rgb_color.png","contentUrl":"https:\/\/legacy.boit.cz\/wp-content\/uploads\/2024\/01\/bm_boit_logo_rgb_color.png","width":561,"height":178,"caption":"BOIT \u2013\u2060\u2060\u2060\u2060\u2060\u2060 Bezpe\u010dnost a ochrana IT"},"image":{"@id":"https:\/\/legacy.boit.cz\/sk\/#\/schema\/logo\/image\/"}}]}},"_links":{"self":[{"href":"https:\/\/legacy.boit.cz\/sk\/wp-json\/wp\/v2\/pages\/14377","targetHints":{"allow":["GET"]}}],"collection":[{"href":"https:\/\/legacy.boit.cz\/sk\/wp-json\/wp\/v2\/pages"}],"about":[{"href":"https:\/\/legacy.boit.cz\/sk\/wp-json\/wp\/v2\/types\/page"}],"author":[{"embeddable":true,"href":"https:\/\/legacy.boit.cz\/sk\/wp-json\/wp\/v2\/users\/215"}],"replies":[{"embeddable":true,"href":"https:\/\/legacy.boit.cz\/sk\/wp-json\/wp\/v2\/comments?post=14377"}],"version-history":[{"count":2,"href":"https:\/\/legacy.boit.cz\/sk\/wp-json\/wp\/v2\/pages\/14377\/revisions"}],"predecessor-version":[{"id":15385,"href":"https:\/\/legacy.boit.cz\/sk\/wp-json\/wp\/v2\/pages\/14377\/revisions\/15385"}],"wp:attachment":[{"href":"https:\/\/legacy.boit.cz\/sk\/wp-json\/wp\/v2\/media?parent=14377"}],"curies":[{"name":"wp","href":"https:\/\/api.w.org\/{rel}","templated":true}]}}