{"id":14395,"date":"2023-08-28T15:25:27","date_gmt":"2023-08-28T15:25:27","guid":{"rendered":"https:\/\/legacy.boit.cz\/404-2\/"},"modified":"2025-02-11T07:45:35","modified_gmt":"2025-02-11T07:45:35","slug":"404-2","status":"publish","type":"page","link":"https:\/\/legacy.boit.cz\/sk\/404-2\/","title":{"rendered":"404"},"content":{"rendered":"\t\t<div data-elementor-type=\"wp-page\" data-elementor-id=\"14395\" class=\"elementor elementor-14395 elementor-8335\" data-elementor-post-type=\"page\">\n\t\t\t\t\t\t<section data-particle_enable=\"false\" data-particle-mobile-disabled=\"false\" class=\"elementor-section elementor-top-section elementor-element elementor-element-3e58326 ot-traditional elementor-section-boxed elementor-section-height-default elementor-section-height-default\" data-id=\"3e58326\" data-element_type=\"section\">\n\t\t\t\t\t\t<div class=\"elementor-container elementor-column-gap-default\">\n\t\t\t\t\t<div class=\"elementor-column elementor-col-100 elementor-top-column elementor-element elementor-element-9718c4e ot-flex-column-vertical\" data-id=\"9718c4e\" data-element_type=\"column\">\n\t\t\t<div class=\"elementor-widget-wrap elementor-element-populated\">\n\t\t\t\t\t\t<div class=\"elementor-element elementor-element-805c43c elementor-widget elementor-widget-text-editor\" data-id=\"805c43c\" data-element_type=\"widget\" data-widget_type=\"text-editor.default\">\n\t\t\t\t<div class=\"elementor-widget-container\">\n\t\t\t\t\t\t\t\t\t<h1>Ups, str\u00e1nka sa stratila v&nbsp;kyberpriestore.  <\/h1>\n\t\t\t\t\t\t\t\t<\/div>\n\t\t\t\t<\/div>\n\t\t\t\t<div class=\"elementor-element elementor-element-df47d96 elementor-widget elementor-widget-text-editor\" data-id=\"df47d96\" data-element_type=\"widget\" data-widget_type=\"text-editor.default\">\n\t\t\t\t<div class=\"elementor-widget-container\">\n\t\t\t\t\t\t\t\t\t<p>T\u00e1to str\u00e1nka sa ocitla v&nbsp;paralelnom vesm\u00edre digit\u00e1lneho chaosu. Ak ju chcete n\u00e1js\u0165, sk\u00faste kvantov\u00e9 vyh\u013ead\u00e1vanie. Alebo e\u0161te lep\u0161ie, vr\u00e1\u0165te sa na <a href=\"http:\/\/legacy.boit.cz\">hlavn\u00fa<\/a> str\u00e1nku.  <\/p>\n\t\t\t\t\t\t\t\t<\/div>\n\t\t\t\t<\/div>\n\t\t\t\t<div class=\"elementor-element elementor-element-6f15748 elementor-widget elementor-widget-image\" data-id=\"6f15748\" data-element_type=\"widget\" data-widget_type=\"image.default\">\n\t\t\t\t<div class=\"elementor-widget-container\">\n\t\t\t\t\t\t\t\t\t\t\t\t\t\t\t<img fetchpriority=\"high\" decoding=\"async\" width=\"1024\" height=\"1024\" src=\"https:\/\/legacy.boit.cz\/wp-content\/uploads\/2023\/04\/spajk_cz_email_cyber_security_e1ef672e-1973-46a1-9f1a-5101f1d3c6c0.png\" class=\"attachment-large size-large wp-image-7487\" alt=\"\" srcset=\"https:\/\/legacy.boit.cz\/wp-content\/uploads\/2023\/04\/spajk_cz_email_cyber_security_e1ef672e-1973-46a1-9f1a-5101f1d3c6c0.png 1024w, https:\/\/legacy.boit.cz\/wp-content\/uploads\/2023\/04\/spajk_cz_email_cyber_security_e1ef672e-1973-46a1-9f1a-5101f1d3c6c0-300x300.png 300w, https:\/\/legacy.boit.cz\/wp-content\/uploads\/2023\/04\/spajk_cz_email_cyber_security_e1ef672e-1973-46a1-9f1a-5101f1d3c6c0-150x150.png 150w, https:\/\/legacy.boit.cz\/wp-content\/uploads\/2023\/04\/spajk_cz_email_cyber_security_e1ef672e-1973-46a1-9f1a-5101f1d3c6c0-768x768.png 768w, https:\/\/legacy.boit.cz\/wp-content\/uploads\/2023\/04\/spajk_cz_email_cyber_security_e1ef672e-1973-46a1-9f1a-5101f1d3c6c0-720x720.png 720w, https:\/\/legacy.boit.cz\/wp-content\/uploads\/2023\/04\/spajk_cz_email_cyber_security_e1ef672e-1973-46a1-9f1a-5101f1d3c6c0-50x50.png 50w\" sizes=\"(max-width: 1024px) 100vw, 1024px\" \/>\t\t\t\t\t\t\t\t\t\t\t\t\t\t\t<\/div>\n\t\t\t\t<\/div>\n\t\t\t\t\t<\/div>\n\t\t<\/div>\n\t\t\t\t\t<\/div>\n\t\t<\/section>\n\t\t\t\t<\/div>\n\t\t","protected":false},"excerpt":{"rendered":"<p>Ups, str\u00e1nka sa stratila v&nbsp;kyberpriestore. T\u00e1to str\u00e1nka sa ocitla v&nbsp;paralelnom vesm\u00edre digit\u00e1lneho chaosu. Ak ju chcete n\u00e1js\u0165, sk\u00faste kvantov\u00e9 vyh\u013ead\u00e1vanie. Alebo e\u0161te lep\u0161ie, vr\u00e1\u0165te sa na hlavn\u00fa str\u00e1nku.<\/p>\n","protected":false},"author":215,"featured_media":0,"parent":0,"menu_order":0,"comment_status":"closed","ping_status":"closed","template":"","meta":{"footnotes":""},"class_list":["post-14395","page","type-page","status-publish","hentry"],"yoast_head":"<!-- This site is optimized with the Yoast SEO plugin v25.4 - https:\/\/yoast.com\/wordpress\/plugins\/seo\/ -->\n<title>404 - BOIT \u2013\u2060\u2060\u2060\u2060\u2060\u2060 Bezpe\u010dnost a ochrana IT<\/title>\n<meta name=\"robots\" content=\"index, follow, max-snippet:-1, max-image-preview:large, max-video-preview:-1\" \/>\n<link rel=\"canonical\" href=\"https:\/\/legacy.boit.cz\/sk\/404-2\/\" \/>\n<meta property=\"og:locale\" content=\"sk_SK\" \/>\n<meta property=\"og:type\" content=\"article\" \/>\n<meta property=\"og:title\" content=\"404 - BOIT \u2013\u2060\u2060\u2060\u2060\u2060\u2060 Bezpe\u010dnost a ochrana IT\" \/>\n<meta property=\"og:description\" content=\"Ups, str\u00e1nka sa stratila v&nbsp;kyberpriestore. T\u00e1to str\u00e1nka sa ocitla v&nbsp;paralelnom vesm\u00edre digit\u00e1lneho chaosu. Ak ju chcete n\u00e1js\u0165, sk\u00faste kvantov\u00e9 vyh\u013ead\u00e1vanie. Alebo e\u0161te lep\u0161ie, vr\u00e1\u0165te sa na hlavn\u00fa str\u00e1nku.\" \/>\n<meta property=\"og:url\" content=\"https:\/\/legacy.boit.cz\/sk\/404-2\/\" \/>\n<meta property=\"og:site_name\" content=\"BOIT \u2013\u2060\u2060\u2060\u2060\u2060\u2060 Bezpe\u010dnost a ochrana IT\" \/>\n<meta property=\"article:modified_time\" content=\"2025-02-11T07:45:35+00:00\" \/>\n<meta property=\"og:image\" content=\"https:\/\/legacy.boit.cz\/wp-content\/uploads\/2023\/04\/spajk_cz_email_cyber_security_e1ef672e-1973-46a1-9f1a-5101f1d3c6c0.png\" \/>\n\t<meta property=\"og:image:width\" content=\"1024\" \/>\n\t<meta property=\"og:image:height\" content=\"1024\" \/>\n\t<meta property=\"og:image:type\" content=\"image\/png\" \/>\n<meta name=\"twitter:card\" content=\"summary_large_image\" \/>\n<script type=\"application\/ld+json\" class=\"yoast-schema-graph\">{\"@context\":\"https:\/\/schema.org\",\"@graph\":[{\"@type\":\"WebPage\",\"@id\":\"https:\/\/legacy.boit.cz\/sk\/404-2\/\",\"url\":\"https:\/\/legacy.boit.cz\/sk\/404-2\/\",\"name\":\"404 - BOIT \u2013\u2060\u2060\u2060\u2060\u2060\u2060 Bezpe\u010dnost a ochrana IT\",\"isPartOf\":{\"@id\":\"https:\/\/legacy.boit.cz\/sk\/#website\"},\"primaryImageOfPage\":{\"@id\":\"https:\/\/legacy.boit.cz\/sk\/404-2\/#primaryimage\"},\"image\":{\"@id\":\"https:\/\/legacy.boit.cz\/sk\/404-2\/#primaryimage\"},\"thumbnailUrl\":\"https:\/\/legacy.boit.cz\/wp-content\/uploads\/2023\/04\/spajk_cz_email_cyber_security_e1ef672e-1973-46a1-9f1a-5101f1d3c6c0.png\",\"datePublished\":\"2023-08-28T15:25:27+00:00\",\"dateModified\":\"2025-02-11T07:45:35+00:00\",\"breadcrumb\":{\"@id\":\"https:\/\/legacy.boit.cz\/sk\/404-2\/#breadcrumb\"},\"inLanguage\":\"sk-SK\",\"potentialAction\":[{\"@type\":\"ReadAction\",\"target\":[\"https:\/\/legacy.boit.cz\/sk\/404-2\/\"]}]},{\"@type\":\"ImageObject\",\"inLanguage\":\"sk-SK\",\"@id\":\"https:\/\/legacy.boit.cz\/sk\/404-2\/#primaryimage\",\"url\":\"https:\/\/legacy.boit.cz\/wp-content\/uploads\/2023\/04\/spajk_cz_email_cyber_security_e1ef672e-1973-46a1-9f1a-5101f1d3c6c0.png\",\"contentUrl\":\"https:\/\/legacy.boit.cz\/wp-content\/uploads\/2023\/04\/spajk_cz_email_cyber_security_e1ef672e-1973-46a1-9f1a-5101f1d3c6c0.png\"},{\"@type\":\"BreadcrumbList\",\"@id\":\"https:\/\/legacy.boit.cz\/sk\/404-2\/#breadcrumb\",\"itemListElement\":[{\"@type\":\"ListItem\",\"position\":1,\"name\":\"Dom\u016f\",\"item\":\"https:\/\/legacy.boit.cz\/sk\/boit-domovska-stranka-2023\/\"},{\"@type\":\"ListItem\",\"position\":2,\"name\":\"404\"}]},{\"@type\":\"WebSite\",\"@id\":\"https:\/\/legacy.boit.cz\/sk\/#website\",\"url\":\"https:\/\/legacy.boit.cz\/sk\/\",\"name\":\"BOIT \u2013\u2060\u2060\u2060\u2060\u2060\u2060 Bezpe\u010dnost a ochrana IT\",\"description\":\"Zam\u011b\u0159ujeme se na vzd\u011bl\u00e1v\u00e1n\u00ed zam\u011bstnanc\u016f, OSINT, phishingov\u00e9 testy a testov\u00e1n\u00ed zranitelnost\u00ed webov\u00fdch aplikac\u00ed.\",\"publisher\":{\"@id\":\"https:\/\/legacy.boit.cz\/sk\/#organization\"},\"potentialAction\":[{\"@type\":\"SearchAction\",\"target\":{\"@type\":\"EntryPoint\",\"urlTemplate\":\"https:\/\/legacy.boit.cz\/sk\/?s={search_term_string}\"},\"query-input\":{\"@type\":\"PropertyValueSpecification\",\"valueRequired\":true,\"valueName\":\"search_term_string\"}}],\"inLanguage\":\"sk-SK\"},{\"@type\":\"Organization\",\"@id\":\"https:\/\/legacy.boit.cz\/sk\/#organization\",\"name\":\"BOIT \u2013\u2060\u2060\u2060\u2060\u2060\u2060 Bezpe\u010dnost a ochrana IT\",\"url\":\"https:\/\/legacy.boit.cz\/sk\/\",\"logo\":{\"@type\":\"ImageObject\",\"inLanguage\":\"sk-SK\",\"@id\":\"https:\/\/legacy.boit.cz\/sk\/#\/schema\/logo\/image\/\",\"url\":\"https:\/\/legacy.boit.cz\/wp-content\/uploads\/2024\/01\/bm_boit_logo_rgb_color.png\",\"contentUrl\":\"https:\/\/legacy.boit.cz\/wp-content\/uploads\/2024\/01\/bm_boit_logo_rgb_color.png\",\"width\":561,\"height\":178,\"caption\":\"BOIT \u2013\u2060\u2060\u2060\u2060\u2060\u2060 Bezpe\u010dnost a ochrana IT\"},\"image\":{\"@id\":\"https:\/\/legacy.boit.cz\/sk\/#\/schema\/logo\/image\/\"}}]}<\/script>\n<!-- \/ Yoast SEO plugin. -->","yoast_head_json":{"title":"404 - BOIT \u2013\u2060\u2060\u2060\u2060\u2060\u2060 Bezpe\u010dnost a ochrana IT","robots":{"index":"index","follow":"follow","max-snippet":"max-snippet:-1","max-image-preview":"max-image-preview:large","max-video-preview":"max-video-preview:-1"},"canonical":"https:\/\/legacy.boit.cz\/sk\/404-2\/","og_locale":"sk_SK","og_type":"article","og_title":"404 - BOIT \u2013\u2060\u2060\u2060\u2060\u2060\u2060 Bezpe\u010dnost a ochrana IT","og_description":"Ups, str\u00e1nka sa stratila v&nbsp;kyberpriestore. T\u00e1to str\u00e1nka sa ocitla v&nbsp;paralelnom vesm\u00edre digit\u00e1lneho chaosu. Ak ju chcete n\u00e1js\u0165, sk\u00faste kvantov\u00e9 vyh\u013ead\u00e1vanie. Alebo e\u0161te lep\u0161ie, vr\u00e1\u0165te sa na hlavn\u00fa str\u00e1nku.","og_url":"https:\/\/legacy.boit.cz\/sk\/404-2\/","og_site_name":"BOIT \u2013\u2060\u2060\u2060\u2060\u2060\u2060 Bezpe\u010dnost a ochrana IT","article_modified_time":"2025-02-11T07:45:35+00:00","og_image":[{"width":1024,"height":1024,"url":"https:\/\/legacy.boit.cz\/wp-content\/uploads\/2023\/04\/spajk_cz_email_cyber_security_e1ef672e-1973-46a1-9f1a-5101f1d3c6c0.png","type":"image\/png"}],"twitter_card":"summary_large_image","schema":{"@context":"https:\/\/schema.org","@graph":[{"@type":"WebPage","@id":"https:\/\/legacy.boit.cz\/sk\/404-2\/","url":"https:\/\/legacy.boit.cz\/sk\/404-2\/","name":"404 - BOIT \u2013\u2060\u2060\u2060\u2060\u2060\u2060 Bezpe\u010dnost a ochrana IT","isPartOf":{"@id":"https:\/\/legacy.boit.cz\/sk\/#website"},"primaryImageOfPage":{"@id":"https:\/\/legacy.boit.cz\/sk\/404-2\/#primaryimage"},"image":{"@id":"https:\/\/legacy.boit.cz\/sk\/404-2\/#primaryimage"},"thumbnailUrl":"https:\/\/legacy.boit.cz\/wp-content\/uploads\/2023\/04\/spajk_cz_email_cyber_security_e1ef672e-1973-46a1-9f1a-5101f1d3c6c0.png","datePublished":"2023-08-28T15:25:27+00:00","dateModified":"2025-02-11T07:45:35+00:00","breadcrumb":{"@id":"https:\/\/legacy.boit.cz\/sk\/404-2\/#breadcrumb"},"inLanguage":"sk-SK","potentialAction":[{"@type":"ReadAction","target":["https:\/\/legacy.boit.cz\/sk\/404-2\/"]}]},{"@type":"ImageObject","inLanguage":"sk-SK","@id":"https:\/\/legacy.boit.cz\/sk\/404-2\/#primaryimage","url":"https:\/\/legacy.boit.cz\/wp-content\/uploads\/2023\/04\/spajk_cz_email_cyber_security_e1ef672e-1973-46a1-9f1a-5101f1d3c6c0.png","contentUrl":"https:\/\/legacy.boit.cz\/wp-content\/uploads\/2023\/04\/spajk_cz_email_cyber_security_e1ef672e-1973-46a1-9f1a-5101f1d3c6c0.png"},{"@type":"BreadcrumbList","@id":"https:\/\/legacy.boit.cz\/sk\/404-2\/#breadcrumb","itemListElement":[{"@type":"ListItem","position":1,"name":"Dom\u016f","item":"https:\/\/legacy.boit.cz\/sk\/boit-domovska-stranka-2023\/"},{"@type":"ListItem","position":2,"name":"404"}]},{"@type":"WebSite","@id":"https:\/\/legacy.boit.cz\/sk\/#website","url":"https:\/\/legacy.boit.cz\/sk\/","name":"BOIT \u2013\u2060\u2060\u2060\u2060\u2060\u2060 Bezpe\u010dnost a ochrana IT","description":"Zam\u011b\u0159ujeme se na vzd\u011bl\u00e1v\u00e1n\u00ed zam\u011bstnanc\u016f, OSINT, phishingov\u00e9 testy a testov\u00e1n\u00ed zranitelnost\u00ed webov\u00fdch aplikac\u00ed.","publisher":{"@id":"https:\/\/legacy.boit.cz\/sk\/#organization"},"potentialAction":[{"@type":"SearchAction","target":{"@type":"EntryPoint","urlTemplate":"https:\/\/legacy.boit.cz\/sk\/?s={search_term_string}"},"query-input":{"@type":"PropertyValueSpecification","valueRequired":true,"valueName":"search_term_string"}}],"inLanguage":"sk-SK"},{"@type":"Organization","@id":"https:\/\/legacy.boit.cz\/sk\/#organization","name":"BOIT \u2013\u2060\u2060\u2060\u2060\u2060\u2060 Bezpe\u010dnost a ochrana IT","url":"https:\/\/legacy.boit.cz\/sk\/","logo":{"@type":"ImageObject","inLanguage":"sk-SK","@id":"https:\/\/legacy.boit.cz\/sk\/#\/schema\/logo\/image\/","url":"https:\/\/legacy.boit.cz\/wp-content\/uploads\/2024\/01\/bm_boit_logo_rgb_color.png","contentUrl":"https:\/\/legacy.boit.cz\/wp-content\/uploads\/2024\/01\/bm_boit_logo_rgb_color.png","width":561,"height":178,"caption":"BOIT \u2013\u2060\u2060\u2060\u2060\u2060\u2060 Bezpe\u010dnost a ochrana IT"},"image":{"@id":"https:\/\/legacy.boit.cz\/sk\/#\/schema\/logo\/image\/"}}]}},"_links":{"self":[{"href":"https:\/\/legacy.boit.cz\/sk\/wp-json\/wp\/v2\/pages\/14395","targetHints":{"allow":["GET"]}}],"collection":[{"href":"https:\/\/legacy.boit.cz\/sk\/wp-json\/wp\/v2\/pages"}],"about":[{"href":"https:\/\/legacy.boit.cz\/sk\/wp-json\/wp\/v2\/types\/page"}],"author":[{"embeddable":true,"href":"https:\/\/legacy.boit.cz\/sk\/wp-json\/wp\/v2\/users\/215"}],"replies":[{"embeddable":true,"href":"https:\/\/legacy.boit.cz\/sk\/wp-json\/wp\/v2\/comments?post=14395"}],"version-history":[{"count":1,"href":"https:\/\/legacy.boit.cz\/sk\/wp-json\/wp\/v2\/pages\/14395\/revisions"}],"predecessor-version":[{"id":14413,"href":"https:\/\/legacy.boit.cz\/sk\/wp-json\/wp\/v2\/pages\/14395\/revisions\/14413"}],"wp:attachment":[{"href":"https:\/\/legacy.boit.cz\/sk\/wp-json\/wp\/v2\/media?parent=14395"}],"curies":[{"name":"wp","href":"https:\/\/api.w.org\/{rel}","templated":true}]}}