{"id":14483,"date":"2024-03-18T10:14:14","date_gmt":"2024-03-18T10:14:14","guid":{"rendered":"https:\/\/legacy.boit.cz\/sprava-predplatneho\/"},"modified":"2025-02-12T10:04:17","modified_gmt":"2025-02-12T10:04:17","slug":"sprava-predplatneho","status":"publish","type":"page","link":"https:\/\/legacy.boit.cz\/sk\/sprava-predplatneho\/","title":{"rendered":"Spr\u00e1va predplatn\u00e9ho"},"content":{"rendered":"\t\t<div data-elementor-type=\"wp-page\" data-elementor-id=\"14483\" class=\"elementor elementor-14483 elementor-10731\" data-elementor-post-type=\"page\">\n\t\t\t\t\t\t<section data-particle_enable=\"false\" data-particle-mobile-disabled=\"false\" class=\"elementor-section elementor-top-section elementor-element elementor-element-741d9a79 ot-traditional elementor-section-boxed elementor-section-height-default elementor-section-height-default\" data-id=\"741d9a79\" data-element_type=\"section\">\n\t\t\t\t\t\t<div class=\"elementor-container elementor-column-gap-default\">\n\t\t\t\t\t<div class=\"elementor-column elementor-col-100 elementor-top-column elementor-element elementor-element-446dc0f0 ot-flex-column-vertical\" data-id=\"446dc0f0\" data-element_type=\"column\">\n\t\t\t<div class=\"elementor-widget-wrap elementor-element-populated\">\n\t\t\t\t\t\t<div class=\"elementor-element elementor-element-c52b341 elementor-widget elementor-widget-heading\" data-id=\"c52b341\" data-element_type=\"widget\" data-widget_type=\"heading.default\">\n\t\t\t\t<div class=\"elementor-widget-container\">\n\t\t\t\t\t<h1 class=\"elementor-heading-title elementor-size-default\">Spr\u00e1va predplatn\u00e9ho<\/h1>\t\t\t\t<\/div>\n\t\t\t\t<\/div>\n\t\t\t\t<div class=\"elementor-element elementor-element-1d8ab97c elementor-widget elementor-widget-text-editor\" data-id=\"1d8ab97c\" data-element_type=\"widget\" data-widget_type=\"text-editor.default\">\n\t\t\t\t<div class=\"elementor-widget-container\">\n\t\t\t\t\t\t\t\t\t<p style=\"text-align: center;\">Potrebujete upravi\u0165 kontakt? Nie je ni\u010d jednoduch\u0161ie, sta\u010d\u00ed vyplni\u0165 nasleduj\u00faci formul\u00e1r. Chcete upravi\u0165 alebo zmeni\u0165 svoju e-mailov\u00fa adresu? Najjednoduch\u0161\u00ed sp\u00f4sob je odhl\u00e1si\u0165 sa z&nbsp;odberu a&nbsp;znovu sa k&nbsp;n\u00e1m pripoji\u0165.   <\/p>\t\t\t\t\t\t\t\t<\/div>\n\t\t\t\t<\/div>\n\t\t\t\t<div class=\"elementor-element elementor-element-4045a5a elementor-widget elementor-widget-shortcode\" data-id=\"4045a5a\" data-element_type=\"widget\" data-widget_type=\"shortcode.default\">\n\t\t\t\t<div class=\"elementor-widget-container\">\n\t\t\t\t\t\t\t<div class=\"elementor-shortcode\">[mailpoet_manage_subscription]<\/div>\n\t\t\t\t\t\t<\/div>\n\t\t\t\t<\/div>\n\t\t\t\t\t<\/div>\n\t\t<\/div>\n\t\t\t\t\t<\/div>\n\t\t<\/section>\n\t\t\t\t<\/div>\n\t\t","protected":false},"excerpt":{"rendered":"<p>Spr\u00e1va predplatn\u00e9ho Potrebujete upravi\u0165 kontakt? Nie je ni\u010d jednoduch\u0161ie, sta\u010d\u00ed vyplni\u0165 nasleduj\u00faci formul\u00e1r. Chcete upravi\u0165 alebo zmeni\u0165 svoju e-mailov\u00fa adresu? Najjednoduch\u0161\u00ed sp\u00f4sob je odhl\u00e1si\u0165 sa z&nbsp;odberu a&nbsp;znovu sa k&nbsp;n\u00e1m pripoji\u0165. [mailpoet_manage_subscription]<\/p>\n","protected":false},"author":215,"featured_media":0,"parent":0,"menu_order":0,"comment_status":"closed","ping_status":"closed","template":"","meta":{"footnotes":""},"class_list":["post-14483","page","type-page","status-publish","hentry"],"yoast_head":"<!-- This site is optimized with the Yoast SEO plugin v25.4 - https:\/\/yoast.com\/wordpress\/plugins\/seo\/ -->\n<title>Spr\u00e1va predplatn\u00e9ho - BOIT \u2013\u2060\u2060\u2060\u2060\u2060\u2060 Bezpe\u010dnost a ochrana IT<\/title>\n<meta name=\"robots\" content=\"index, follow, max-snippet:-1, max-image-preview:large, max-video-preview:-1\" \/>\n<link rel=\"canonical\" href=\"https:\/\/legacy.boit.cz\/sk\/sprava-predplatneho\/\" \/>\n<meta property=\"og:locale\" content=\"sk_SK\" \/>\n<meta property=\"og:type\" content=\"article\" \/>\n<meta property=\"og:title\" content=\"Spr\u00e1va predplatn\u00e9ho - BOIT \u2013\u2060\u2060\u2060\u2060\u2060\u2060 Bezpe\u010dnost a ochrana IT\" \/>\n<meta property=\"og:description\" content=\"Spr\u00e1va predplatn\u00e9ho Potrebujete upravi\u0165 kontakt? Nie je ni\u010d jednoduch\u0161ie, sta\u010d\u00ed vyplni\u0165 nasleduj\u00faci formul\u00e1r. Chcete upravi\u0165 alebo zmeni\u0165 svoju e-mailov\u00fa adresu? Najjednoduch\u0161\u00ed sp\u00f4sob je odhl\u00e1si\u0165 sa z&nbsp;odberu a&nbsp;znovu sa k&nbsp;n\u00e1m pripoji\u0165. [mailpoet_manage_subscription]\" \/>\n<meta property=\"og:url\" content=\"https:\/\/legacy.boit.cz\/sk\/sprava-predplatneho\/\" \/>\n<meta property=\"og:site_name\" content=\"BOIT \u2013\u2060\u2060\u2060\u2060\u2060\u2060 Bezpe\u010dnost a ochrana IT\" \/>\n<meta property=\"article:modified_time\" content=\"2025-02-12T10:04:17+00:00\" \/>\n<meta name=\"twitter:card\" content=\"summary_large_image\" \/>\n<script type=\"application\/ld+json\" class=\"yoast-schema-graph\">{\"@context\":\"https:\/\/schema.org\",\"@graph\":[{\"@type\":\"WebPage\",\"@id\":\"https:\/\/legacy.boit.cz\/sk\/sprava-predplatneho\/\",\"url\":\"https:\/\/legacy.boit.cz\/sk\/sprava-predplatneho\/\",\"name\":\"Spr\u00e1va predplatn\u00e9ho - BOIT \u2013\u2060\u2060\u2060\u2060\u2060\u2060 Bezpe\u010dnost a ochrana IT\",\"isPartOf\":{\"@id\":\"https:\/\/legacy.boit.cz\/sk\/#website\"},\"datePublished\":\"2024-03-18T10:14:14+00:00\",\"dateModified\":\"2025-02-12T10:04:17+00:00\",\"breadcrumb\":{\"@id\":\"https:\/\/legacy.boit.cz\/sk\/sprava-predplatneho\/#breadcrumb\"},\"inLanguage\":\"sk-SK\",\"potentialAction\":[{\"@type\":\"ReadAction\",\"target\":[\"https:\/\/legacy.boit.cz\/sk\/sprava-predplatneho\/\"]}]},{\"@type\":\"BreadcrumbList\",\"@id\":\"https:\/\/legacy.boit.cz\/sk\/sprava-predplatneho\/#breadcrumb\",\"itemListElement\":[{\"@type\":\"ListItem\",\"position\":1,\"name\":\"Dom\u016f\",\"item\":\"https:\/\/legacy.boit.cz\/sk\/boit-domovska-stranka-2023\/\"},{\"@type\":\"ListItem\",\"position\":2,\"name\":\"Spr\u00e1va predplatn\u00e9ho\"}]},{\"@type\":\"WebSite\",\"@id\":\"https:\/\/legacy.boit.cz\/sk\/#website\",\"url\":\"https:\/\/legacy.boit.cz\/sk\/\",\"name\":\"BOIT \u2013\u2060\u2060\u2060\u2060\u2060\u2060 Bezpe\u010dnost a ochrana IT\",\"description\":\"Zam\u011b\u0159ujeme se na vzd\u011bl\u00e1v\u00e1n\u00ed zam\u011bstnanc\u016f, OSINT, phishingov\u00e9 testy a testov\u00e1n\u00ed zranitelnost\u00ed webov\u00fdch aplikac\u00ed.\",\"publisher\":{\"@id\":\"https:\/\/legacy.boit.cz\/sk\/#organization\"},\"potentialAction\":[{\"@type\":\"SearchAction\",\"target\":{\"@type\":\"EntryPoint\",\"urlTemplate\":\"https:\/\/legacy.boit.cz\/sk\/?s={search_term_string}\"},\"query-input\":{\"@type\":\"PropertyValueSpecification\",\"valueRequired\":true,\"valueName\":\"search_term_string\"}}],\"inLanguage\":\"sk-SK\"},{\"@type\":\"Organization\",\"@id\":\"https:\/\/legacy.boit.cz\/sk\/#organization\",\"name\":\"BOIT \u2013\u2060\u2060\u2060\u2060\u2060\u2060 Bezpe\u010dnost a ochrana IT\",\"url\":\"https:\/\/legacy.boit.cz\/sk\/\",\"logo\":{\"@type\":\"ImageObject\",\"inLanguage\":\"sk-SK\",\"@id\":\"https:\/\/legacy.boit.cz\/sk\/#\/schema\/logo\/image\/\",\"url\":\"https:\/\/legacy.boit.cz\/wp-content\/uploads\/2024\/01\/bm_boit_logo_rgb_color.png\",\"contentUrl\":\"https:\/\/legacy.boit.cz\/wp-content\/uploads\/2024\/01\/bm_boit_logo_rgb_color.png\",\"width\":561,\"height\":178,\"caption\":\"BOIT \u2013\u2060\u2060\u2060\u2060\u2060\u2060 Bezpe\u010dnost a ochrana IT\"},\"image\":{\"@id\":\"https:\/\/legacy.boit.cz\/sk\/#\/schema\/logo\/image\/\"}}]}<\/script>\n<!-- \/ Yoast SEO plugin. -->","yoast_head_json":{"title":"Spr\u00e1va predplatn\u00e9ho - BOIT \u2013\u2060\u2060\u2060\u2060\u2060\u2060 Bezpe\u010dnost a ochrana IT","robots":{"index":"index","follow":"follow","max-snippet":"max-snippet:-1","max-image-preview":"max-image-preview:large","max-video-preview":"max-video-preview:-1"},"canonical":"https:\/\/legacy.boit.cz\/sk\/sprava-predplatneho\/","og_locale":"sk_SK","og_type":"article","og_title":"Spr\u00e1va predplatn\u00e9ho - BOIT \u2013\u2060\u2060\u2060\u2060\u2060\u2060 Bezpe\u010dnost a ochrana IT","og_description":"Spr\u00e1va predplatn\u00e9ho Potrebujete upravi\u0165 kontakt? Nie je ni\u010d jednoduch\u0161ie, sta\u010d\u00ed vyplni\u0165 nasleduj\u00faci formul\u00e1r. Chcete upravi\u0165 alebo zmeni\u0165 svoju e-mailov\u00fa adresu? Najjednoduch\u0161\u00ed sp\u00f4sob je odhl\u00e1si\u0165 sa z&nbsp;odberu a&nbsp;znovu sa k&nbsp;n\u00e1m pripoji\u0165. [mailpoet_manage_subscription]","og_url":"https:\/\/legacy.boit.cz\/sk\/sprava-predplatneho\/","og_site_name":"BOIT \u2013\u2060\u2060\u2060\u2060\u2060\u2060 Bezpe\u010dnost a ochrana IT","article_modified_time":"2025-02-12T10:04:17+00:00","twitter_card":"summary_large_image","schema":{"@context":"https:\/\/schema.org","@graph":[{"@type":"WebPage","@id":"https:\/\/legacy.boit.cz\/sk\/sprava-predplatneho\/","url":"https:\/\/legacy.boit.cz\/sk\/sprava-predplatneho\/","name":"Spr\u00e1va predplatn\u00e9ho - BOIT \u2013\u2060\u2060\u2060\u2060\u2060\u2060 Bezpe\u010dnost a ochrana IT","isPartOf":{"@id":"https:\/\/legacy.boit.cz\/sk\/#website"},"datePublished":"2024-03-18T10:14:14+00:00","dateModified":"2025-02-12T10:04:17+00:00","breadcrumb":{"@id":"https:\/\/legacy.boit.cz\/sk\/sprava-predplatneho\/#breadcrumb"},"inLanguage":"sk-SK","potentialAction":[{"@type":"ReadAction","target":["https:\/\/legacy.boit.cz\/sk\/sprava-predplatneho\/"]}]},{"@type":"BreadcrumbList","@id":"https:\/\/legacy.boit.cz\/sk\/sprava-predplatneho\/#breadcrumb","itemListElement":[{"@type":"ListItem","position":1,"name":"Dom\u016f","item":"https:\/\/legacy.boit.cz\/sk\/boit-domovska-stranka-2023\/"},{"@type":"ListItem","position":2,"name":"Spr\u00e1va predplatn\u00e9ho"}]},{"@type":"WebSite","@id":"https:\/\/legacy.boit.cz\/sk\/#website","url":"https:\/\/legacy.boit.cz\/sk\/","name":"BOIT \u2013\u2060\u2060\u2060\u2060\u2060\u2060 Bezpe\u010dnost a ochrana IT","description":"Zam\u011b\u0159ujeme se na vzd\u011bl\u00e1v\u00e1n\u00ed zam\u011bstnanc\u016f, OSINT, phishingov\u00e9 testy a testov\u00e1n\u00ed zranitelnost\u00ed webov\u00fdch aplikac\u00ed.","publisher":{"@id":"https:\/\/legacy.boit.cz\/sk\/#organization"},"potentialAction":[{"@type":"SearchAction","target":{"@type":"EntryPoint","urlTemplate":"https:\/\/legacy.boit.cz\/sk\/?s={search_term_string}"},"query-input":{"@type":"PropertyValueSpecification","valueRequired":true,"valueName":"search_term_string"}}],"inLanguage":"sk-SK"},{"@type":"Organization","@id":"https:\/\/legacy.boit.cz\/sk\/#organization","name":"BOIT \u2013\u2060\u2060\u2060\u2060\u2060\u2060 Bezpe\u010dnost a ochrana IT","url":"https:\/\/legacy.boit.cz\/sk\/","logo":{"@type":"ImageObject","inLanguage":"sk-SK","@id":"https:\/\/legacy.boit.cz\/sk\/#\/schema\/logo\/image\/","url":"https:\/\/legacy.boit.cz\/wp-content\/uploads\/2024\/01\/bm_boit_logo_rgb_color.png","contentUrl":"https:\/\/legacy.boit.cz\/wp-content\/uploads\/2024\/01\/bm_boit_logo_rgb_color.png","width":561,"height":178,"caption":"BOIT \u2013\u2060\u2060\u2060\u2060\u2060\u2060 Bezpe\u010dnost a ochrana IT"},"image":{"@id":"https:\/\/legacy.boit.cz\/sk\/#\/schema\/logo\/image\/"}}]}},"_links":{"self":[{"href":"https:\/\/legacy.boit.cz\/sk\/wp-json\/wp\/v2\/pages\/14483","targetHints":{"allow":["GET"]}}],"collection":[{"href":"https:\/\/legacy.boit.cz\/sk\/wp-json\/wp\/v2\/pages"}],"about":[{"href":"https:\/\/legacy.boit.cz\/sk\/wp-json\/wp\/v2\/types\/page"}],"author":[{"embeddable":true,"href":"https:\/\/legacy.boit.cz\/sk\/wp-json\/wp\/v2\/users\/215"}],"replies":[{"embeddable":true,"href":"https:\/\/legacy.boit.cz\/sk\/wp-json\/wp\/v2\/comments?post=14483"}],"version-history":[{"count":1,"href":"https:\/\/legacy.boit.cz\/sk\/wp-json\/wp\/v2\/pages\/14483\/revisions"}],"predecessor-version":[{"id":14484,"href":"https:\/\/legacy.boit.cz\/sk\/wp-json\/wp\/v2\/pages\/14483\/revisions\/14484"}],"wp:attachment":[{"href":"https:\/\/legacy.boit.cz\/sk\/wp-json\/wp\/v2\/media?parent=14483"}],"curies":[{"name":"wp","href":"https:\/\/api.w.org\/{rel}","templated":true}]}}