{"id":14485,"date":"2024-03-18T10:03:22","date_gmt":"2024-03-18T10:03:22","guid":{"rendered":"https:\/\/legacy.boit.cz\/zrusenie-predplatneho\/"},"modified":"2025-02-12T10:04:17","modified_gmt":"2025-02-12T10:04:17","slug":"zrusenie-predplatneho","status":"publish","type":"page","link":"https:\/\/legacy.boit.cz\/sk\/zrusenie-predplatneho\/","title":{"rendered":"Zru\u0161enie predplatn\u00e9ho"},"content":{"rendered":"\t\t<div data-elementor-type=\"wp-page\" data-elementor-id=\"14485\" class=\"elementor elementor-14485 elementor-10714\" data-elementor-post-type=\"page\">\n\t\t\t\t\t\t<section data-particle_enable=\"false\" data-particle-mobile-disabled=\"false\" class=\"elementor-section elementor-top-section elementor-element elementor-element-741d9a79 ot-traditional elementor-section-boxed elementor-section-height-default elementor-section-height-default\" data-id=\"741d9a79\" data-element_type=\"section\">\n\t\t\t\t\t\t<div class=\"elementor-container elementor-column-gap-default\">\n\t\t\t\t\t<div class=\"elementor-column elementor-col-100 elementor-top-column elementor-element elementor-element-446dc0f0 ot-flex-column-vertical\" data-id=\"446dc0f0\" data-element_type=\"column\">\n\t\t\t<div class=\"elementor-widget-wrap elementor-element-populated\">\n\t\t\t\t\t\t<div class=\"elementor-element elementor-element-c52b341 elementor-widget elementor-widget-heading\" data-id=\"c52b341\" data-element_type=\"widget\" data-widget_type=\"heading.default\">\n\t\t\t\t<div class=\"elementor-widget-container\">\n\t\t\t\t\t<h1 class=\"elementor-heading-title elementor-size-default\">U\u017e n\u00e1s op\u00fa\u0161\u0165ate? Je mi to \u013e\u00fato!   <\/h1>\t\t\t\t<\/div>\n\t\t\t\t<\/div>\n\t\t\t\t<div class=\"elementor-element elementor-element-1d8ab97c elementor-widget elementor-widget-text-editor\" data-id=\"1d8ab97c\" data-element_type=\"widget\" data-widget_type=\"text-editor.default\">\n\t\t\t\t<div class=\"elementor-widget-container\">\n\t\t\t\t\t\t\t\t\t<p style=\"text-align: center;\">Ak ste sa v\u0161ak u\u017e rozhodli, sta\u010d\u00ed klikn\u00fa\u0165 na odkaz ni\u017e\u0161ie a&nbsp;e-maily od n\u00e1s u\u017e nedostanete.<\/p>\t\t\t\t\t\t\t\t<\/div>\n\t\t\t\t<\/div>\n\t\t\t\t<div class=\"elementor-element elementor-element-4045a5a text-center elementor-widget elementor-widget-shortcode\" data-id=\"4045a5a\" data-element_type=\"widget\" data-widget_type=\"shortcode.default\">\n\t\t\t\t<div class=\"elementor-widget-container\">\n\t\t\t\t\t\t\t<div class=\"elementor-shortcode\">[mailpoet_page]<\/div>\n\t\t\t\t\t\t<\/div>\n\t\t\t\t<\/div>\n\t\t\t\t<div class=\"elementor-element elementor-element-6378aff elementor-widget elementor-widget-text-editor\" data-id=\"6378aff\" data-element_type=\"widget\" data-widget_type=\"text-editor.default\">\n\t\t\t\t<div class=\"elementor-widget-container\">\n\t\t\t\t\t\t\t\t\t<script>\n        (function (w,d,s,o,f,js,fjs) {\n            w['ecm-widget']=o;w[o] = w[o] || function () { (w[o].q = w[o].q || []).push(arguments) };\n            js = d.createElement(s), fjs = d.getElementsByTagName(s)[0];\n            js.id = '1-43c2cd496486bcc27217c3e790fb4088'; js.dataset.a = 'boit'; js.src = f; js.async = 1; fjs.parentNode.insertBefore(js, fjs);\n        }(window, document, 'script', 'ecmwidget', 'https:\/\/d70shl7vidtft.cloudfront.net\/widget.js'));\n    <\/script>\n<div id=\"f-1-43c2cd496486bcc27217c3e790fb4088\"><\/div>\t\t\t\t\t\t\t\t<\/div>\n\t\t\t\t<\/div>\n\t\t\t\t\t<\/div>\n\t\t<\/div>\n\t\t\t\t\t<\/div>\n\t\t<\/section>\n\t\t\t\t<\/div>\n\t\t","protected":false},"excerpt":{"rendered":"<p>U\u017e n\u00e1s op\u00fa\u0161\u0165ate? Je mi to \u013e\u00fato! Ak ste sa v\u0161ak u\u017e rozhodli, sta\u010d\u00ed klikn\u00fa\u0165 na odkaz ni\u017e\u0161ie a&nbsp;e-maily od n\u00e1s u\u017e nedostanete. [mailpoet_page]<\/p>\n","protected":false},"author":215,"featured_media":0,"parent":0,"menu_order":0,"comment_status":"closed","ping_status":"closed","template":"","meta":{"footnotes":""},"class_list":["post-14485","page","type-page","status-publish","hentry"],"yoast_head":"<!-- This site is optimized with the Yoast SEO plugin v25.4 - https:\/\/yoast.com\/wordpress\/plugins\/seo\/ -->\n<title>Zru\u0161enie predplatn\u00e9ho - BOIT \u2013\u2060\u2060\u2060\u2060\u2060\u2060 Bezpe\u010dnost a ochrana IT<\/title>\n<meta name=\"robots\" content=\"index, follow, max-snippet:-1, max-image-preview:large, max-video-preview:-1\" \/>\n<link rel=\"canonical\" href=\"https:\/\/legacy.boit.cz\/sk\/zrusenie-predplatneho\/\" \/>\n<meta property=\"og:locale\" content=\"sk_SK\" \/>\n<meta property=\"og:type\" content=\"article\" \/>\n<meta property=\"og:title\" content=\"Zru\u0161enie predplatn\u00e9ho - BOIT \u2013\u2060\u2060\u2060\u2060\u2060\u2060 Bezpe\u010dnost a ochrana IT\" \/>\n<meta property=\"og:description\" content=\"U\u017e n\u00e1s op\u00fa\u0161\u0165ate? Je mi to \u013e\u00fato! Ak ste sa v\u0161ak u\u017e rozhodli, sta\u010d\u00ed klikn\u00fa\u0165 na odkaz ni\u017e\u0161ie a&nbsp;e-maily od n\u00e1s u\u017e nedostanete. [mailpoet_page]\" \/>\n<meta property=\"og:url\" content=\"https:\/\/legacy.boit.cz\/sk\/zrusenie-predplatneho\/\" \/>\n<meta property=\"og:site_name\" content=\"BOIT \u2013\u2060\u2060\u2060\u2060\u2060\u2060 Bezpe\u010dnost a ochrana IT\" \/>\n<meta property=\"article:modified_time\" content=\"2025-02-12T10:04:17+00:00\" \/>\n<meta name=\"twitter:card\" content=\"summary_large_image\" \/>\n<script type=\"application\/ld+json\" class=\"yoast-schema-graph\">{\"@context\":\"https:\/\/schema.org\",\"@graph\":[{\"@type\":\"WebPage\",\"@id\":\"https:\/\/legacy.boit.cz\/sk\/zrusenie-predplatneho\/\",\"url\":\"https:\/\/legacy.boit.cz\/sk\/zrusenie-predplatneho\/\",\"name\":\"Zru\u0161enie predplatn\u00e9ho - BOIT \u2013\u2060\u2060\u2060\u2060\u2060\u2060 Bezpe\u010dnost a ochrana IT\",\"isPartOf\":{\"@id\":\"https:\/\/legacy.boit.cz\/sk\/#website\"},\"datePublished\":\"2024-03-18T10:03:22+00:00\",\"dateModified\":\"2025-02-12T10:04:17+00:00\",\"breadcrumb\":{\"@id\":\"https:\/\/legacy.boit.cz\/sk\/zrusenie-predplatneho\/#breadcrumb\"},\"inLanguage\":\"sk-SK\",\"potentialAction\":[{\"@type\":\"ReadAction\",\"target\":[\"https:\/\/legacy.boit.cz\/sk\/zrusenie-predplatneho\/\"]}]},{\"@type\":\"BreadcrumbList\",\"@id\":\"https:\/\/legacy.boit.cz\/sk\/zrusenie-predplatneho\/#breadcrumb\",\"itemListElement\":[{\"@type\":\"ListItem\",\"position\":1,\"name\":\"Dom\u016f\",\"item\":\"https:\/\/legacy.boit.cz\/sk\/boit-domovska-stranka-2023\/\"},{\"@type\":\"ListItem\",\"position\":2,\"name\":\"Zru\u0161enie predplatn\u00e9ho\"}]},{\"@type\":\"WebSite\",\"@id\":\"https:\/\/legacy.boit.cz\/sk\/#website\",\"url\":\"https:\/\/legacy.boit.cz\/sk\/\",\"name\":\"BOIT \u2013\u2060\u2060\u2060\u2060\u2060\u2060 Bezpe\u010dnost a ochrana IT\",\"description\":\"Zam\u011b\u0159ujeme se na vzd\u011bl\u00e1v\u00e1n\u00ed zam\u011bstnanc\u016f, OSINT, phishingov\u00e9 testy a testov\u00e1n\u00ed zranitelnost\u00ed webov\u00fdch aplikac\u00ed.\",\"publisher\":{\"@id\":\"https:\/\/legacy.boit.cz\/sk\/#organization\"},\"potentialAction\":[{\"@type\":\"SearchAction\",\"target\":{\"@type\":\"EntryPoint\",\"urlTemplate\":\"https:\/\/legacy.boit.cz\/sk\/?s={search_term_string}\"},\"query-input\":{\"@type\":\"PropertyValueSpecification\",\"valueRequired\":true,\"valueName\":\"search_term_string\"}}],\"inLanguage\":\"sk-SK\"},{\"@type\":\"Organization\",\"@id\":\"https:\/\/legacy.boit.cz\/sk\/#organization\",\"name\":\"BOIT \u2013\u2060\u2060\u2060\u2060\u2060\u2060 Bezpe\u010dnost a ochrana IT\",\"url\":\"https:\/\/legacy.boit.cz\/sk\/\",\"logo\":{\"@type\":\"ImageObject\",\"inLanguage\":\"sk-SK\",\"@id\":\"https:\/\/legacy.boit.cz\/sk\/#\/schema\/logo\/image\/\",\"url\":\"https:\/\/legacy.boit.cz\/wp-content\/uploads\/2024\/01\/bm_boit_logo_rgb_color.png\",\"contentUrl\":\"https:\/\/legacy.boit.cz\/wp-content\/uploads\/2024\/01\/bm_boit_logo_rgb_color.png\",\"width\":561,\"height\":178,\"caption\":\"BOIT \u2013\u2060\u2060\u2060\u2060\u2060\u2060 Bezpe\u010dnost a ochrana IT\"},\"image\":{\"@id\":\"https:\/\/legacy.boit.cz\/sk\/#\/schema\/logo\/image\/\"}}]}<\/script>\n<!-- \/ Yoast SEO plugin. -->","yoast_head_json":{"title":"Zru\u0161enie predplatn\u00e9ho - BOIT \u2013\u2060\u2060\u2060\u2060\u2060\u2060 Bezpe\u010dnost a ochrana IT","robots":{"index":"index","follow":"follow","max-snippet":"max-snippet:-1","max-image-preview":"max-image-preview:large","max-video-preview":"max-video-preview:-1"},"canonical":"https:\/\/legacy.boit.cz\/sk\/zrusenie-predplatneho\/","og_locale":"sk_SK","og_type":"article","og_title":"Zru\u0161enie predplatn\u00e9ho - BOIT \u2013\u2060\u2060\u2060\u2060\u2060\u2060 Bezpe\u010dnost a ochrana IT","og_description":"U\u017e n\u00e1s op\u00fa\u0161\u0165ate? Je mi to \u013e\u00fato! Ak ste sa v\u0161ak u\u017e rozhodli, sta\u010d\u00ed klikn\u00fa\u0165 na odkaz ni\u017e\u0161ie a&nbsp;e-maily od n\u00e1s u\u017e nedostanete. [mailpoet_page]","og_url":"https:\/\/legacy.boit.cz\/sk\/zrusenie-predplatneho\/","og_site_name":"BOIT \u2013\u2060\u2060\u2060\u2060\u2060\u2060 Bezpe\u010dnost a ochrana IT","article_modified_time":"2025-02-12T10:04:17+00:00","twitter_card":"summary_large_image","schema":{"@context":"https:\/\/schema.org","@graph":[{"@type":"WebPage","@id":"https:\/\/legacy.boit.cz\/sk\/zrusenie-predplatneho\/","url":"https:\/\/legacy.boit.cz\/sk\/zrusenie-predplatneho\/","name":"Zru\u0161enie predplatn\u00e9ho - BOIT \u2013\u2060\u2060\u2060\u2060\u2060\u2060 Bezpe\u010dnost a ochrana IT","isPartOf":{"@id":"https:\/\/legacy.boit.cz\/sk\/#website"},"datePublished":"2024-03-18T10:03:22+00:00","dateModified":"2025-02-12T10:04:17+00:00","breadcrumb":{"@id":"https:\/\/legacy.boit.cz\/sk\/zrusenie-predplatneho\/#breadcrumb"},"inLanguage":"sk-SK","potentialAction":[{"@type":"ReadAction","target":["https:\/\/legacy.boit.cz\/sk\/zrusenie-predplatneho\/"]}]},{"@type":"BreadcrumbList","@id":"https:\/\/legacy.boit.cz\/sk\/zrusenie-predplatneho\/#breadcrumb","itemListElement":[{"@type":"ListItem","position":1,"name":"Dom\u016f","item":"https:\/\/legacy.boit.cz\/sk\/boit-domovska-stranka-2023\/"},{"@type":"ListItem","position":2,"name":"Zru\u0161enie predplatn\u00e9ho"}]},{"@type":"WebSite","@id":"https:\/\/legacy.boit.cz\/sk\/#website","url":"https:\/\/legacy.boit.cz\/sk\/","name":"BOIT \u2013\u2060\u2060\u2060\u2060\u2060\u2060 Bezpe\u010dnost a ochrana IT","description":"Zam\u011b\u0159ujeme se na vzd\u011bl\u00e1v\u00e1n\u00ed zam\u011bstnanc\u016f, OSINT, phishingov\u00e9 testy a testov\u00e1n\u00ed zranitelnost\u00ed webov\u00fdch aplikac\u00ed.","publisher":{"@id":"https:\/\/legacy.boit.cz\/sk\/#organization"},"potentialAction":[{"@type":"SearchAction","target":{"@type":"EntryPoint","urlTemplate":"https:\/\/legacy.boit.cz\/sk\/?s={search_term_string}"},"query-input":{"@type":"PropertyValueSpecification","valueRequired":true,"valueName":"search_term_string"}}],"inLanguage":"sk-SK"},{"@type":"Organization","@id":"https:\/\/legacy.boit.cz\/sk\/#organization","name":"BOIT \u2013\u2060\u2060\u2060\u2060\u2060\u2060 Bezpe\u010dnost a ochrana IT","url":"https:\/\/legacy.boit.cz\/sk\/","logo":{"@type":"ImageObject","inLanguage":"sk-SK","@id":"https:\/\/legacy.boit.cz\/sk\/#\/schema\/logo\/image\/","url":"https:\/\/legacy.boit.cz\/wp-content\/uploads\/2024\/01\/bm_boit_logo_rgb_color.png","contentUrl":"https:\/\/legacy.boit.cz\/wp-content\/uploads\/2024\/01\/bm_boit_logo_rgb_color.png","width":561,"height":178,"caption":"BOIT \u2013\u2060\u2060\u2060\u2060\u2060\u2060 Bezpe\u010dnost a ochrana IT"},"image":{"@id":"https:\/\/legacy.boit.cz\/sk\/#\/schema\/logo\/image\/"}}]}},"_links":{"self":[{"href":"https:\/\/legacy.boit.cz\/sk\/wp-json\/wp\/v2\/pages\/14485","targetHints":{"allow":["GET"]}}],"collection":[{"href":"https:\/\/legacy.boit.cz\/sk\/wp-json\/wp\/v2\/pages"}],"about":[{"href":"https:\/\/legacy.boit.cz\/sk\/wp-json\/wp\/v2\/types\/page"}],"author":[{"embeddable":true,"href":"https:\/\/legacy.boit.cz\/sk\/wp-json\/wp\/v2\/users\/215"}],"replies":[{"embeddable":true,"href":"https:\/\/legacy.boit.cz\/sk\/wp-json\/wp\/v2\/comments?post=14485"}],"version-history":[{"count":1,"href":"https:\/\/legacy.boit.cz\/sk\/wp-json\/wp\/v2\/pages\/14485\/revisions"}],"predecessor-version":[{"id":14486,"href":"https:\/\/legacy.boit.cz\/sk\/wp-json\/wp\/v2\/pages\/14485\/revisions\/14486"}],"wp:attachment":[{"href":"https:\/\/legacy.boit.cz\/sk\/wp-json\/wp\/v2\/media?parent=14485"}],"curies":[{"name":"wp","href":"https:\/\/api.w.org\/{rel}","templated":true}]}}