{"id":15432,"date":"2025-08-18T16:11:00","date_gmt":"2025-08-18T16:11:00","guid":{"rendered":"https:\/\/legacy.boit.cz\/vseobecne-podmienky\/"},"modified":"2025-09-05T08:47:32","modified_gmt":"2025-09-05T08:47:32","slug":"vseobecne-podmienky","status":"publish","type":"page","link":"https:\/\/legacy.boit.cz\/sk\/vseobecne-podmienky\/","title":{"rendered":"V\u0161eobecn\u00e9 podmienky"},"content":{"rendered":"\t\t<div data-elementor-type=\"wp-page\" data-elementor-id=\"15432\" class=\"elementor elementor-15432 elementor-15430\" data-elementor-post-type=\"page\">\n\t\t\t\t<div data-particle_enable=\"false\" data-particle-mobile-disabled=\"false\" class=\"elementor-element elementor-element-ebe1cfc e-flex e-con-boxed e-con e-parent\" data-id=\"ebe1cfc\" data-element_type=\"container\">\n\t\t\t\t\t<div class=\"e-con-inner\">\n\t\t\t\t<div class=\"elementor-element elementor-element-c540dc6 elementor-widget elementor-widget-heading\" data-id=\"c540dc6\" data-element_type=\"widget\" data-widget_type=\"heading.default\">\n\t\t\t\t<div class=\"elementor-widget-container\">\n\t\t\t\t\t<h2 class=\"elementor-heading-title elementor-size-default\">V\u0161eobecn\u00e9 podmienky  <\/h2>\t\t\t\t<\/div>\n\t\t\t\t<\/div>\n\t\t\t\t<div class=\"elementor-element elementor-element-6459fbe2 elementor-widget elementor-widget-text-editor\" data-id=\"6459fbe2\" data-element_type=\"widget\" data-widget_type=\"text-editor.default\">\n\t\t\t\t<div class=\"elementor-widget-container\">\n\t\t\t\t\t\t\t\t\t\n<p><strong>Platnos\u0165 dokumentu:<\/strong> od 1.&nbsp;1.&nbsp;2025<br><strong>BOIT Cyber Security s.r.o.,<\/strong> I\u010cO: 17614261, DI\u010c: CZ17614261, so s\u00eddlom Korunn\u00ed 2569\/108, Praha 10, 101&nbsp;00, zap\u00edsan\u00e1 v&nbsp;obchodnom registri vedenom Mestsk\u00fdm s\u00fadom v&nbsp;Prahe d\u0148a 6.&nbsp;okt\u00f3bra 2022, oddiel C, vlo\u017eka 373905,<br>kontaktn\u00fd e-mail: <a href=\"mailto:info@legacy.boit.cz\" target=\"_blank\" rel=\"noreferrer noopener\">info@legacy.boit.cz,<\/a> webov\u00e1 str\u00e1nka: <a href=\"https:\/\/legacy.boit.cz\/sk\/\">https:\/\/legacy.boit.cz<\/a> <\/p>\n\n<blockquote class=\"wp-block-quote\">\n<h3 class=\"wp-block-heading\">Pr\u00e1vne upozornenie:<\/h3>\n<p>Tento dokument m\u00f4\u017ee by\u0165 na informa\u010dn\u00e9 \u00fa\u010dely k&nbsp;dispoz\u00edcii v&nbsp;r\u00f4znych jazykov\u00fdch verzi\u00e1ch. <strong>Pr\u00e1vne z\u00e1v\u00e4zn\u00e1 a&nbsp;rozhoduj\u00faca je v\u017edy \u010desk\u00e1 verzia<\/strong> V\u0161eobecn\u00fdch obchodn\u00fdch podmienok. Preklady boli vytvoren\u00e9 pomocou automatizovan\u00fdch n\u00e1strojov a&nbsp;m\u00f4\u017eu obsahova\u0165 nepresnosti. V&nbsp;pr\u00edpade rozporu m\u00e1 prednos\u0165 origin\u00e1l.  <\/p>\n<\/blockquote>\n\n<p> <\/p>\n\n<h2 class=\"wp-block-heading\">1.&nbsp;\u00davod<\/h2>\n\n<p>1.1 Tieto VOP upravuj\u00fa vz\u0165ahy medzi spolo\u010dnos\u0165ou BOIT Cyber Security s.r.o. (&#8222;Poskytovate\u013e&#8220;) a&nbsp;z\u00e1kazn\u00edkmi (&#8222;Z\u00e1kazn\u00edk&#8220;) pri poskytovan\u00ed slu\u017eieb kybernetickej bezpe\u010dnosti.<\/p>\n\n<p>1.2 Jednotliv\u00e9 zmluvn\u00e9 dojednania maj\u00fa prednos\u0165 pred VOP.<\/p>\n\n<h2 class=\"wp-block-heading\">2. Rozsah slu\u017eieb<\/h2>\n\n<p>2.1 Poskytovan\u00e9 slu\u017eby zah\u0155\u0148aj\u00fa: penetra\u010dn\u00e9 testy, testy zranite\u013enosti, simul\u00e1cie phishingu, \u0161kolenia, konzult\u00e1cie at\u010f. Testovanie sa vykon\u00e1va pod\u013ea metod\u00edk OWASP, NIST, MITRE ATT&amp;CK alebo na z\u00e1klade individu\u00e1lnej dohody. <\/p>\n\n<p>2.2 Presn\u00fd rozsah a&nbsp;lehota sa uved\u00fa v&nbsp;zmluve alebo objedn\u00e1vke.<\/p>\n\n<h2 class=\"wp-block-heading\">3. Uzavretie zmluvy<\/h2>\n\n<p>3.1 Zmluvu je mo\u017en\u00e9 uzavrie\u0165: podp\u00edsanou zmluvou, potvrdenou objedn\u00e1vkou, e-mailom alebo in\u00fdm preuk\u00e1zate\u013en\u00fdm sp\u00f4sobom.<\/p>\n\n<p>3.2 Poskytovate\u013e m\u00f4\u017ee odmietnu\u0165 objedn\u00e1vku bez udania d\u00f4vodu.<\/p>\n\n<h2 class=\"wp-block-heading\">4. Povinnosti zmluvn\u00fdch str\u00e1n<\/h2>\n\n<p>4.1 Poskytovate\u013e:<\/p>\n\n<p>&#8211; vykon\u00e1va\u0165 slu\u017eby profesion\u00e1lne, v\u010das a&nbsp;svedomito;<\/p>\n\n<p>&#8211; chr\u00e1ni\u0165 d\u00f4vern\u00e9 a&nbsp;osobn\u00e9 \u00fadaje;<\/p>\n\n<p>&#8211; je v&nbsp;s\u00falade s&nbsp;pr\u00e1vnymi predpismi (vr\u00e1tane GDPR, z\u00e1kona \u010d. 110\/2019 Z. z. o&nbsp;sprac\u00favan\u00ed osobn\u00fdch \u00fadajov);<\/p>\n\n<p>&#8211; v&nbsp;pr\u00edpade poru\u0161enia bezpe\u010dnosti alebo GDPR informova\u0165 \u00farad a&nbsp;z\u00e1kazn\u00edka bez zbyto\u010dn\u00e9ho odkladu, najnesk\u00f4r do 72 hod\u00edn;<\/p>\n\n<p>&#8211; v&nbsp;pr\u00edpade potreby vymenova\u0165 \u00faradn\u00edka pre ochranu \u00fadajov (DPO).<\/p>\n\n<p>4.2 Z\u00e1kazn\u00edk:<\/p>\n\n<p>&#8211; poskytova\u0165 spolupr\u00e1cu a&nbsp;pravdiv\u00e9 inform\u00e1cie;<\/p>\n\n<p>&#8211; zaplati\u0165 dohodnut\u00fa cenu;<\/p>\n\n<p>&#8211; neprimerane nezasahuje do slu\u017eieb po\u010das testovania.<\/p>\n\n<h2 class=\"wp-block-heading\">5. Cena a&nbsp;platobn\u00e9 podmienky<\/h2>\n\n<p>5.1 Cena je dohodnut\u00e1 individu\u00e1lne alebo pod\u013ea cenn\u00edka.<\/p>\n\n<p>5.2 Fakt\u00fary s\u00fa splatn\u00e9 do 14&nbsp;dn\u00ed od ich vystavenia, ak nie je dohodnut\u00e9 inak.<\/p>\n\n<p>5.3 V&nbsp;pr\u00edpade ome\u0161kania m\u00e1 Poskytovate\u013e n\u00e1rok na z\u00e1konn\u00fd \u00farok z&nbsp;ome\u0161kania.<\/p>\n\n<h2 class=\"wp-block-heading\">6. Ochrana \u00fadajov (GDPR)<\/h2>\n\n<p>6.1 Poskytovate\u013e vystupuje ako prev\u00e1dzkovate\u013e pri sprac\u00favan\u00ed osobn\u00fdch \u00fadajov.<\/p>\n\n<p>6.2 \u00da\u010del sprac\u00favania: plnenie zmluvy, plnenie z\u00e1konn\u00fdch povinnost\u00ed, ochrana pr\u00e1v a&nbsp;z\u00e1konnosti.<\/p>\n\n<p>6.3 Pr\u00e1vne d\u00f4vody: plnenie zmluvy, s\u00fahlas (napr. marketing), opr\u00e1vnen\u00fd z\u00e1ujem, dodr\u017eiavanie z\u00e1kona.<\/p>\n\n<p>6.4 Z\u00e1kazn\u00edk m\u00e1 pr\u00e1vo na pr\u00edstup, opravu, vymazanie, obmedzenie, prenosnos\u0165, n\u00e1mietku a&nbsp;odvolanie s\u00fahlasu.<\/p>\n\n<p>6.5 \u00dadaje sa neposkytuj\u00fa tret\u00edm stran\u00e1m s&nbsp;v\u00fdnimkou spracovate\u013eov (extern\u00fdch dod\u00e1vate\u013eov), \u0161t\u00e1tnych a&nbsp;bezpe\u010dnostn\u00fdch in\u0161tit\u00faci\u00ed v&nbsp;s\u00falade so z\u00e1konom.<\/p>\n\n<p>6.6 \u00dadaje sa uchov\u00e1vaj\u00fa po\u010das trvania zmluvy, lehoty reklama\u010dn\u00e9ho konania a&nbsp;pod\u013ea archiv\u00e1cie.<\/p>\n\n<p>6.7 Miesto spracovania: E\u00da, m\u00f4\u017ee zah\u0155\u0148a\u0165 poskytovate\u013eov mimo \u010ceskej republiky\/E\u00da, so \u0161tandardn\u00fdmi zmluvn\u00fdmi dolo\u017ekami.<\/p>\n\n<p>6.8 \u010eal\u0161ie inform\u00e1cie z\u00e1kazn\u00edk n\u00e1jde v&nbsp;Z\u00e1sad\u00e1ch ochrany osobn\u00fdch \u00fadajov, ktor\u00e9 tvoria neoddelite\u013en\u00fa s\u00fa\u010das\u0165 webovej str\u00e1nky a&nbsp;zmluvy.<\/p>\n\n<h2 class=\"wp-block-heading\">7. Zodpovednos\u0165<\/h2>\n\n<p>7.1 Poskytovate\u013e zodpoved\u00e1 za \u0161kody sp\u00f4soben\u00e9 \u00famyselne alebo z&nbsp;hrubej nedbanlivosti, maxim\u00e1lne v\u0161ak do v\u00fd\u0161ky dohodnutej ceny.<\/p>\n\n<p>7.2 Nezodpoved\u00e1 za n\u00e1sledn\u00e9 \u0161kody, u\u0161l\u00fd zisk alebo nerealizovan\u00e9 \u00faspory.<\/p>\n\n<p>7.3 Povinnos\u0165 ml\u010danlivosti trv\u00e1 po\u010das trvania plnenia a&nbsp;3 roky po ukon\u010den\u00ed spolupr\u00e1ce.<\/p>\n\n<h2 class=\"wp-block-heading\">8. Ukon\u010denie zmluvy<\/h2>\n\n<p>8.1 Zmluvu mo\u017eno ukon\u010di\u0165 dohodou, v\u00fdpove\u010fou, odst\u00fapen\u00edm z&nbsp;d\u00f4vodu podstatn\u00e9ho poru\u0161enia.<\/p>\n\n<p>8.2 Pri odst\u00fapen\u00ed od zmluvy je z\u00e1kazn\u00edk povinn\u00fd zaplati\u0165 za slu\u017eby vykonan\u00e9 do ukon\u010denia zmluvy.<\/p>\n\n<h2 class=\"wp-block-heading\">9. Podmienky testovania<\/h2>\n\n<p>9.1 Sk\u00fa\u0161ky sa vykon\u00e1vaj\u00fa schv\u00e1len\u00fdm sp\u00f4sobom vr\u00e1tane \u010dasov\u00e9ho harmonogramu, rozsahu, n\u00fadzov\u00fdch kontaktov. Testovanie sa vykon\u00e1va v&nbsp;s\u00falade s&nbsp;etick\u00fdmi z\u00e1sadami a&nbsp;zaznamen\u00e1va sa do denn\u00edka \u010dinnost\u00ed. <\/p>\n\n<p>9.2 Z\u00e1kazn\u00edk je povinn\u00fd nekontrolova\u0165 ani nemeni\u0165 testovan\u00e9 prostredie za chodu.<\/p>\n\n<h2 class=\"wp-block-heading\">10. Z\u00e1vere\u010dn\u00e9 ustanovenia<\/h2>\n\n<p>10.1 Zmluva sa riadi \u010desk\u00fdm pr\u00e1vom.<\/p>\n\n<p>10.2 Pr\u00edslu\u0161nos\u0165 je miestna a&nbsp;vecn\u00e1 pr\u00edslu\u0161nos\u0165 s\u00fadov v&nbsp;\u010ceskej republike.<\/p>\n\n<p>10.3 Pr\u00e1va spotrebite\u013ea zost\u00e1vaj\u00fa neobmedzen\u00e9, pokia\u013e z\u00e1kon nestanovuje vy\u0161\u0161iu ochranu.<\/p>\n\n<p>10.4 Z\u00e1kazn\u00edk pred uzavret\u00edm zmluvy potvrd\u00ed svoj s\u00fahlas s&nbsp;VOP (elektronicky, podpisom).<\/p>\n\n<p>10.5 VOP s\u00fa zverejnen\u00e9 na internetovej str\u00e1nke www.legacy.boit.cz, ktor\u00e1 je pr\u00edstupn\u00e1 pred zadan\u00edm objedn\u00e1vky. Poskytovate\u013e si vyhradzuje pr\u00e1vo zmeni\u0165 VOP, pri\u010dom zmena bude ozn\u00e1men\u00e1 e-mailom alebo zverejnen\u00e1 na webovej str\u00e1nke najmenej 15&nbsp;dn\u00ed pred d\u00e1tumom \u00fa\u010dinnosti. <\/p>\n\n<h2 class=\"wp-block-heading\">12. Marketingov\u00e1 komunik\u00e1cia<\/h2>\n\n<p>12.1 Poskytovate\u013e m\u00f4\u017ee z\u00e1kazn\u00edkovi zasiela\u0165 obchodn\u00e9 ozn\u00e1menia t\u00fdkaj\u00face sa jeho vlastn\u00fdch slu\u017eieb (napr. newsletter, pozv\u00e1nky na \u0161kolenia, inform\u00e1cie o&nbsp;novink\u00e1ch v&nbsp;oblasti kybernetickej bezpe\u010dnosti), ak:<\/p>\n\n<p>&#8211; Z\u00e1kazn\u00edk s&nbsp;t\u00fdm s\u00fahlasil, alebo<\/p>\n\n<p>&#8211; ide o&nbsp;opr\u00e1vnen\u00fd z\u00e1ujem v&nbsp;existuj\u00facom obchodnom vz\u0165ahu (pod\u013ea \u00a7 7 ods. 3 z\u00e1kona \u010d. 480\/2004 Z. z.).<\/p>\n\n<p>12.2 Ka\u017ed\u00e1 spr\u00e1va obsahuje mo\u017enos\u0165 jednoduch\u00e9ho odhl\u00e1senia prostredn\u00edctvom odkazu v&nbsp;spr\u00e1ve.<\/p>\n\n<p>12.3 Osobn\u00e9 \u00fadaje sa neposkytuj\u00fa tret\u00edm stran\u00e1m na marketingov\u00e9 \u00fa\u010dely bez v\u00fdslovn\u00e9ho s\u00fahlasu.<\/p>\n\n<h2 class=\"wp-block-heading\">13. Odvolanie s\u00fahlasu a&nbsp;v\u00fdkon pr\u00e1v<\/h2>\n\n<p>13.1 Ak je spracovanie osobn\u00fdch \u00fadajov zalo\u017een\u00e9 na s\u00fahlase (napr. cookies, marketing), z\u00e1kazn\u00edk m\u00e1 pr\u00e1vo tento s\u00fahlas kedyko\u013evek odvola\u0165. Odvolanie nem\u00e1 vplyv na z\u00e1konnos\u0165 predch\u00e1dzaj\u00faceho sprac\u00favania. <\/p>\n\n<p>13.2 S\u00fahlas mo\u017eno odvola\u0165:<\/p>\n\n<p>&#8211; kliknut\u00edm na odkaz na odhl\u00e1senie v&nbsp;e-maile,<\/p>\n\n<p>&#8211; zmenou nastaven\u00ed s\u00faborov cookie na webovej str\u00e1nke,<\/p>\n\n<p>&#8211; alebo e-mailom zaslan\u00fdm na adresu: info@legacy.boit.cz<\/p>\n\n<p>13.3 Pou\u017e\u00edvate\u013e\/z\u00e1kazn\u00edk m\u00e1 tie\u017e pr\u00e1vo:<\/p>\n\n<p>&#8211; pr\u00edstup k&nbsp;osobn\u00fdm \u00fadajom,<\/p>\n\n<p>&#8211; na opravu, vymazanie a&nbsp;obmedzenie spracovania,<\/p>\n\n<p>&#8211; objekt na spracovanie,<\/p>\n\n<p>&#8211; a&nbsp;poda\u0165 s\u0165a\u017enos\u0165 na OOO\u00da (www.uoou.cz).<\/p>\n\t\t\t\t\t\t\t\t<\/div>\n\t\t\t\t<\/div>\n\t\t\t\t\t<\/div>\n\t\t\t\t<\/div>\n\t\t\t\t<\/div>\n\t\t","protected":false},"excerpt":{"rendered":"<p>V\u0161eobecn\u00e9 podmienky Platnos\u0165 dokumentu: od 1.&nbsp;1.&nbsp;2025BOIT Cyber Security s.r.o., I\u010cO: 17614261, DI\u010c: CZ17614261, so s\u00eddlom Korunn\u00ed 2569\/108, Praha 10, 101&nbsp;00, zap\u00edsan\u00e1 v&nbsp;obchodnom registri vedenom Mestsk\u00fdm s\u00fadom v&nbsp;Prahe d\u0148a 6.&nbsp;okt\u00f3bra 2022, oddiel C, vlo\u017eka 373905,kontaktn\u00fd e-mail: info@legacy.boit.cz, webov\u00e1 str\u00e1nka: https:\/\/legacy.boit.cz Pr\u00e1vne upozornenie: Tento dokument m\u00f4\u017ee by\u0165 na informa\u010dn\u00e9 \u00fa\u010dely k&nbsp;dispoz\u00edcii v&nbsp;r\u00f4znych jazykov\u00fdch verzi\u00e1ch. Pr\u00e1vne z\u00e1v\u00e4zn\u00e1 a&nbsp;rozhoduj\u00faca [&hellip;]<\/p>\n","protected":false},"author":215,"featured_media":0,"parent":0,"menu_order":0,"comment_status":"closed","ping_status":"closed","template":"","meta":{"footnotes":""},"class_list":["post-15432","page","type-page","status-publish","hentry"],"yoast_head":"<!-- This site is optimized with the Yoast SEO plugin v25.4 - https:\/\/yoast.com\/wordpress\/plugins\/seo\/ -->\n<title>V\u0161eobecn\u00e9 podmienky - BOIT \u2013\u2060\u2060\u2060\u2060\u2060\u2060 Bezpe\u010dnost a ochrana IT<\/title>\n<meta name=\"robots\" content=\"index, follow, max-snippet:-1, max-image-preview:large, max-video-preview:-1\" \/>\n<link rel=\"canonical\" href=\"https:\/\/legacy.boit.cz\/sk\/vseobecne-podmienky\/\" \/>\n<meta property=\"og:locale\" content=\"sk_SK\" \/>\n<meta property=\"og:type\" content=\"article\" \/>\n<meta property=\"og:title\" content=\"V\u0161eobecn\u00e9 podmienky - BOIT \u2013\u2060\u2060\u2060\u2060\u2060\u2060 Bezpe\u010dnost a ochrana IT\" \/>\n<meta property=\"og:description\" content=\"V\u0161eobecn\u00e9 podmienky Platnos\u0165 dokumentu: od 1.&nbsp;1.&nbsp;2025BOIT Cyber Security s.r.o., I\u010cO: 17614261, DI\u010c: CZ17614261, so s\u00eddlom Korunn\u00ed 2569\/108, Praha 10, 101&nbsp;00, zap\u00edsan\u00e1 v&nbsp;obchodnom registri vedenom Mestsk\u00fdm s\u00fadom v&nbsp;Prahe d\u0148a 6.&nbsp;okt\u00f3bra 2022, oddiel C, vlo\u017eka 373905,kontaktn\u00fd e-mail: info@legacy.boit.cz, webov\u00e1 str\u00e1nka: https:\/\/legacy.boit.cz Pr\u00e1vne upozornenie: Tento dokument m\u00f4\u017ee by\u0165 na informa\u010dn\u00e9 \u00fa\u010dely k&nbsp;dispoz\u00edcii v&nbsp;r\u00f4znych jazykov\u00fdch verzi\u00e1ch. Pr\u00e1vne z\u00e1v\u00e4zn\u00e1 a&nbsp;rozhoduj\u00faca [&hellip;]\" \/>\n<meta property=\"og:url\" content=\"https:\/\/legacy.boit.cz\/sk\/vseobecne-podmienky\/\" \/>\n<meta property=\"og:site_name\" content=\"BOIT \u2013\u2060\u2060\u2060\u2060\u2060\u2060 Bezpe\u010dnost a ochrana IT\" \/>\n<meta property=\"article:modified_time\" content=\"2025-09-05T08:47:32+00:00\" \/>\n<meta name=\"twitter:card\" content=\"summary_large_image\" \/>\n<meta name=\"twitter:label1\" content=\"Predpokladan\u00fd \u010das \u010d\u00edtania\" \/>\n\t<meta name=\"twitter:data1\" content=\"5 min\u00fat\" \/>\n<script type=\"application\/ld+json\" class=\"yoast-schema-graph\">{\"@context\":\"https:\/\/schema.org\",\"@graph\":[{\"@type\":\"WebPage\",\"@id\":\"https:\/\/legacy.boit.cz\/sk\/vseobecne-podmienky\/\",\"url\":\"https:\/\/legacy.boit.cz\/sk\/vseobecne-podmienky\/\",\"name\":\"V\u0161eobecn\u00e9 podmienky - BOIT \u2013\u2060\u2060\u2060\u2060\u2060\u2060 Bezpe\u010dnost a ochrana IT\",\"isPartOf\":{\"@id\":\"https:\/\/legacy.boit.cz\/sk\/#website\"},\"datePublished\":\"2025-08-18T16:11:00+00:00\",\"dateModified\":\"2025-09-05T08:47:32+00:00\",\"breadcrumb\":{\"@id\":\"https:\/\/legacy.boit.cz\/sk\/vseobecne-podmienky\/#breadcrumb\"},\"inLanguage\":\"sk-SK\",\"potentialAction\":[{\"@type\":\"ReadAction\",\"target\":[\"https:\/\/legacy.boit.cz\/sk\/vseobecne-podmienky\/\"]}]},{\"@type\":\"BreadcrumbList\",\"@id\":\"https:\/\/legacy.boit.cz\/sk\/vseobecne-podmienky\/#breadcrumb\",\"itemListElement\":[{\"@type\":\"ListItem\",\"position\":1,\"name\":\"Dom\u016f\",\"item\":\"https:\/\/legacy.boit.cz\/sk\/boit-domovska-stranka-2023\/\"},{\"@type\":\"ListItem\",\"position\":2,\"name\":\"V\u0161eobecn\u00e9 podmienky\"}]},{\"@type\":\"WebSite\",\"@id\":\"https:\/\/legacy.boit.cz\/sk\/#website\",\"url\":\"https:\/\/legacy.boit.cz\/sk\/\",\"name\":\"BOIT \u2013\u2060\u2060\u2060\u2060\u2060\u2060 Bezpe\u010dnost a ochrana IT\",\"description\":\"Zam\u011b\u0159ujeme se na vzd\u011bl\u00e1v\u00e1n\u00ed zam\u011bstnanc\u016f, OSINT, phishingov\u00e9 testy a testov\u00e1n\u00ed zranitelnost\u00ed webov\u00fdch aplikac\u00ed.\",\"publisher\":{\"@id\":\"https:\/\/legacy.boit.cz\/sk\/#organization\"},\"potentialAction\":[{\"@type\":\"SearchAction\",\"target\":{\"@type\":\"EntryPoint\",\"urlTemplate\":\"https:\/\/legacy.boit.cz\/sk\/?s={search_term_string}\"},\"query-input\":{\"@type\":\"PropertyValueSpecification\",\"valueRequired\":true,\"valueName\":\"search_term_string\"}}],\"inLanguage\":\"sk-SK\"},{\"@type\":\"Organization\",\"@id\":\"https:\/\/legacy.boit.cz\/sk\/#organization\",\"name\":\"BOIT \u2013\u2060\u2060\u2060\u2060\u2060\u2060 Bezpe\u010dnost a ochrana IT\",\"url\":\"https:\/\/legacy.boit.cz\/sk\/\",\"logo\":{\"@type\":\"ImageObject\",\"inLanguage\":\"sk-SK\",\"@id\":\"https:\/\/legacy.boit.cz\/sk\/#\/schema\/logo\/image\/\",\"url\":\"https:\/\/legacy.boit.cz\/wp-content\/uploads\/2024\/01\/bm_boit_logo_rgb_color.png\",\"contentUrl\":\"https:\/\/legacy.boit.cz\/wp-content\/uploads\/2024\/01\/bm_boit_logo_rgb_color.png\",\"width\":561,\"height\":178,\"caption\":\"BOIT \u2013\u2060\u2060\u2060\u2060\u2060\u2060 Bezpe\u010dnost a ochrana IT\"},\"image\":{\"@id\":\"https:\/\/legacy.boit.cz\/sk\/#\/schema\/logo\/image\/\"}}]}<\/script>\n<!-- \/ Yoast SEO plugin. -->","yoast_head_json":{"title":"V\u0161eobecn\u00e9 podmienky - BOIT \u2013\u2060\u2060\u2060\u2060\u2060\u2060 Bezpe\u010dnost a ochrana IT","robots":{"index":"index","follow":"follow","max-snippet":"max-snippet:-1","max-image-preview":"max-image-preview:large","max-video-preview":"max-video-preview:-1"},"canonical":"https:\/\/legacy.boit.cz\/sk\/vseobecne-podmienky\/","og_locale":"sk_SK","og_type":"article","og_title":"V\u0161eobecn\u00e9 podmienky - BOIT \u2013\u2060\u2060\u2060\u2060\u2060\u2060 Bezpe\u010dnost a ochrana IT","og_description":"V\u0161eobecn\u00e9 podmienky Platnos\u0165 dokumentu: od 1.&nbsp;1.&nbsp;2025BOIT Cyber Security s.r.o., I\u010cO: 17614261, DI\u010c: CZ17614261, so s\u00eddlom Korunn\u00ed 2569\/108, Praha 10, 101&nbsp;00, zap\u00edsan\u00e1 v&nbsp;obchodnom registri vedenom Mestsk\u00fdm s\u00fadom v&nbsp;Prahe d\u0148a 6.&nbsp;okt\u00f3bra 2022, oddiel C, vlo\u017eka 373905,kontaktn\u00fd e-mail: info@legacy.boit.cz, webov\u00e1 str\u00e1nka: https:\/\/legacy.boit.cz Pr\u00e1vne upozornenie: Tento dokument m\u00f4\u017ee by\u0165 na informa\u010dn\u00e9 \u00fa\u010dely k&nbsp;dispoz\u00edcii v&nbsp;r\u00f4znych jazykov\u00fdch verzi\u00e1ch. Pr\u00e1vne z\u00e1v\u00e4zn\u00e1 a&nbsp;rozhoduj\u00faca [&hellip;]","og_url":"https:\/\/legacy.boit.cz\/sk\/vseobecne-podmienky\/","og_site_name":"BOIT \u2013\u2060\u2060\u2060\u2060\u2060\u2060 Bezpe\u010dnost a ochrana IT","article_modified_time":"2025-09-05T08:47:32+00:00","twitter_card":"summary_large_image","twitter_misc":{"Predpokladan\u00fd \u010das \u010d\u00edtania":"5 min\u00fat"},"schema":{"@context":"https:\/\/schema.org","@graph":[{"@type":"WebPage","@id":"https:\/\/legacy.boit.cz\/sk\/vseobecne-podmienky\/","url":"https:\/\/legacy.boit.cz\/sk\/vseobecne-podmienky\/","name":"V\u0161eobecn\u00e9 podmienky - BOIT \u2013\u2060\u2060\u2060\u2060\u2060\u2060 Bezpe\u010dnost a ochrana IT","isPartOf":{"@id":"https:\/\/legacy.boit.cz\/sk\/#website"},"datePublished":"2025-08-18T16:11:00+00:00","dateModified":"2025-09-05T08:47:32+00:00","breadcrumb":{"@id":"https:\/\/legacy.boit.cz\/sk\/vseobecne-podmienky\/#breadcrumb"},"inLanguage":"sk-SK","potentialAction":[{"@type":"ReadAction","target":["https:\/\/legacy.boit.cz\/sk\/vseobecne-podmienky\/"]}]},{"@type":"BreadcrumbList","@id":"https:\/\/legacy.boit.cz\/sk\/vseobecne-podmienky\/#breadcrumb","itemListElement":[{"@type":"ListItem","position":1,"name":"Dom\u016f","item":"https:\/\/legacy.boit.cz\/sk\/boit-domovska-stranka-2023\/"},{"@type":"ListItem","position":2,"name":"V\u0161eobecn\u00e9 podmienky"}]},{"@type":"WebSite","@id":"https:\/\/legacy.boit.cz\/sk\/#website","url":"https:\/\/legacy.boit.cz\/sk\/","name":"BOIT \u2013\u2060\u2060\u2060\u2060\u2060\u2060 Bezpe\u010dnost a ochrana IT","description":"Zam\u011b\u0159ujeme se na vzd\u011bl\u00e1v\u00e1n\u00ed zam\u011bstnanc\u016f, OSINT, phishingov\u00e9 testy a testov\u00e1n\u00ed zranitelnost\u00ed webov\u00fdch aplikac\u00ed.","publisher":{"@id":"https:\/\/legacy.boit.cz\/sk\/#organization"},"potentialAction":[{"@type":"SearchAction","target":{"@type":"EntryPoint","urlTemplate":"https:\/\/legacy.boit.cz\/sk\/?s={search_term_string}"},"query-input":{"@type":"PropertyValueSpecification","valueRequired":true,"valueName":"search_term_string"}}],"inLanguage":"sk-SK"},{"@type":"Organization","@id":"https:\/\/legacy.boit.cz\/sk\/#organization","name":"BOIT \u2013\u2060\u2060\u2060\u2060\u2060\u2060 Bezpe\u010dnost a ochrana IT","url":"https:\/\/legacy.boit.cz\/sk\/","logo":{"@type":"ImageObject","inLanguage":"sk-SK","@id":"https:\/\/legacy.boit.cz\/sk\/#\/schema\/logo\/image\/","url":"https:\/\/legacy.boit.cz\/wp-content\/uploads\/2024\/01\/bm_boit_logo_rgb_color.png","contentUrl":"https:\/\/legacy.boit.cz\/wp-content\/uploads\/2024\/01\/bm_boit_logo_rgb_color.png","width":561,"height":178,"caption":"BOIT \u2013\u2060\u2060\u2060\u2060\u2060\u2060 Bezpe\u010dnost a ochrana IT"},"image":{"@id":"https:\/\/legacy.boit.cz\/sk\/#\/schema\/logo\/image\/"}}]}},"_links":{"self":[{"href":"https:\/\/legacy.boit.cz\/sk\/wp-json\/wp\/v2\/pages\/15432","targetHints":{"allow":["GET"]}}],"collection":[{"href":"https:\/\/legacy.boit.cz\/sk\/wp-json\/wp\/v2\/pages"}],"about":[{"href":"https:\/\/legacy.boit.cz\/sk\/wp-json\/wp\/v2\/types\/page"}],"author":[{"embeddable":true,"href":"https:\/\/legacy.boit.cz\/sk\/wp-json\/wp\/v2\/users\/215"}],"replies":[{"embeddable":true,"href":"https:\/\/legacy.boit.cz\/sk\/wp-json\/wp\/v2\/comments?post=15432"}],"version-history":[{"count":3,"href":"https:\/\/legacy.boit.cz\/sk\/wp-json\/wp\/v2\/pages\/15432\/revisions"}],"predecessor-version":[{"id":15492,"href":"https:\/\/legacy.boit.cz\/sk\/wp-json\/wp\/v2\/pages\/15432\/revisions\/15492"}],"wp:attachment":[{"href":"https:\/\/legacy.boit.cz\/sk\/wp-json\/wp\/v2\/media?parent=15432"}],"curies":[{"name":"wp","href":"https:\/\/api.w.org\/{rel}","templated":true}]}}